{"id":175453,"date":"2020-11-30T22:30:19","date_gmt":"2020-11-30T21:30:19","guid":{"rendered":"https:\/\/www.moskito.cz\/?post_type=product&#038;p=175453"},"modified":"2025-08-02T01:56:17","modified_gmt":"2025-08-02T00:56:17","slug":"joker-bowie-lovecky-nuz-3","status":"publish","type":"product","link":"https:\/\/www.moskito.cz\/fr\/produkt\/joker-bowie-lovecky-nuz-3\/","title":{"rendered":"Joker Bowie Loveck\u00fd N\u016f\u017e"},"content":{"rendered":"<p><strong>Joker<\/strong> Bowie Loveck\u00fd N\u016f\u017e.<br \/>\nNo\u017ee <strong>Joker <\/strong>poch\u00e1zej\u00ed ze \u0160pan\u011blsk\u00e9ho m\u011bsta Albacete, kter\u00e9 je zn\u00e1m\u00e9 tradi\u010dn\u00ed v\u00fdrobou no\u017e\u016f a d\u00fdk.<br \/>\n-Rukoje\u0165: buvol\u00ed roh<br \/>\n-\u010cepel: nerezov\u00e1 ocel MOVA 1.4116<br \/>\n-Tvrdost: 55-57 HRC<br \/>\n-Z\u00e1\u0161tita: Nerezov\u00e1 ocel<br \/>\n-D\u00e9lka \u010depele: 16 cm<br \/>\n-Celkov\u00e1 d\u00e9lka: 28,5 cm<br \/>\n-Tlou\u0161\u0165ka \u010depele: 5 mm<br \/>\n-Tip \u010depele: Clip point<br \/>\n-\u0160\u00ed\u0159ka \u010depele: 5 cm<br \/>\n-Hmotnost: 323 gr<br \/>\n-Pouzdro: hn\u011bd\u00e1 k\u016f\u017ee.<\/p>\n","protected":false},"excerpt":{"rendered":"<p>No\u017ee <strong>Joker<\/strong> poch\u00e1zej\u00ed ze \u0160pan\u011blsk\u00e9ho m\u011bsta Albacete, kter\u00e9 je zn\u00e1m\u00e9 tradi\u010dn\u00ed v\u00fdrobou no\u017e\u016f a d\u00fdk.<br \/>\n<strong>Navr\u017eeno a vyrobeno ve \u0160pan\u011blsku (Albacete)<\/strong><\/p>\n","protected":false},"featured_media":190489,"comment_status":"open","ping_status":"closed","template":"","meta":[],"pwb-brand":[359],"product_brand":[],"product_cat":[23,17],"product_tag":[],"class_list":{"0":"post-175453","1":"product","2":"type-product","3":"status-publish","4":"has-post-thumbnail","6":"pwb-brand-joker","7":"product_cat-pevne-noze","8":"product_cat-noze","10":"first","11":"outofstock","12":"taxable","13":"shipping-taxable","14":"purchasable","15":"product-type-simple"},"brands":[{"id":359,"name":"Joker","slug":"joker"}],"_links":{"self":[{"href":"https:\/\/www.moskito.cz\/fr\/wp-json\/wp\/v2\/product\/175453","targetHints":{"allow":["GET"]}}],"collection":[{"href":"https:\/\/www.moskito.cz\/fr\/wp-json\/wp\/v2\/product"}],"about":[{"href":"https:\/\/www.moskito.cz\/fr\/wp-json\/wp\/v2\/types\/product"}],"replies":[{"embeddable":true,"href":"https:\/\/www.moskito.cz\/fr\/wp-json\/wp\/v2\/comments?post=175453"}],"wp:featuredmedia":[{"embeddable":true,"href":"https:\/\/www.moskito.cz\/fr\/wp-json\/wp\/v2\/media\/190489"}],"wp:attachment":[{"href":"https:\/\/www.moskito.cz\/fr\/wp-json\/wp\/v2\/media?parent=175453"}],"wp:term":[{"taxonomy":"pwb-brand","embeddable":true,"href":"https:\/\/www.moskito.cz\/fr\/wp-json\/wp\/v2\/pwb-brand?post=175453"},{"taxonomy":"product_brand","embeddable":true,"href":"https:\/\/www.moskito.cz\/fr\/wp-json\/wp\/v2\/product_brand?post=175453"},{"taxonomy":"product_cat","embeddable":true,"href":"https:\/\/www.moskito.cz\/fr\/wp-json\/wp\/v2\/product_cat?post=175453"},{"taxonomy":"product_tag","embeddable":true,"href":"https:\/\/www.moskito.cz\/fr\/wp-json\/wp\/v2\/product_tag?post=175453"}],"curies":[{"name":"wp","href":"https:\/\/api.w.org\/{rel}","templated":true}]}}