{"id":175826,"date":"2020-12-05T15:40:01","date_gmt":"2020-12-05T14:40:01","guid":{"rendered":"https:\/\/www.moskito.cz\/?post_type=product&#038;p=175826"},"modified":"2025-07-11T07:53:08","modified_gmt":"2025-07-11T06:53:08","slug":"kleste-na-nehty-pfeilring-solingen","status":"publish","type":"product","link":"https:\/\/www.moskito.cz\/fr\/produkt\/kleste-na-nehty-pfeilring-solingen\/","title":{"rendered":"Kle\u0161t\u011b na nehty PFEILRING SOLINGEN"},"content":{"rendered":"<p>Kle\u0161t\u011b na nehty PFEILRING SOLINGEN.<br \/>\nKle\u0161t\u011b Solingen jsou proslul\u00e9 svou dlouhou \u017eivotnost\u00ed a sv\u00fdm \u0161pi\u010dkov\u00fdm zpracov\u00e1n\u00edm. Kle\u0161t\u011b maj\u00ed celo\u017eivotn\u00ed z\u00e1ruku, kter\u00e1 se nevztahuje na po\u0161kozen\u00ed zavin\u011bn\u00e9 nespr\u00e1vn\u00fdm pou\u017eit\u00edm nebo ponech\u00e1n\u00edm ve vlhk\u00e9m prost\u0159ed\u00ed.<\/p>\n<p>Solingen je zn\u00e1mka t\u00e9 nejvy\u0161\u0161\u00ed kvality, jej\u00edm n\u00e1kupem vs\u00e1z\u00edte na kvalitu a zaru\u010denou spokojenost!<br \/>\nPovrchov\u00e1 \u00faprava kle\u0161t\u00ed je z leskl\u00e9ho niklu a jejich d\u00e9lka je 11.5 cm.<\/p>\n","protected":false},"excerpt":{"rendered":"<p>Kle\u0161t\u011b Solingen jsou proslul\u00e9 svou dlouhou \u017eivotnost\u00ed a sv\u00fdm \u0161pi\u010dkov\u00fdm zpracov\u00e1n\u00edm.<br \/>\n<strong>Vyrobeno v Solingenu,do\u017eivotn\u00ed z\u00e1ruka.<\/strong><\/p>\n","protected":false},"featured_media":175827,"comment_status":"open","ping_status":"closed","template":"","meta":[],"pwb-brand":[2122],"product_brand":[],"product_cat":[33],"product_tag":[],"class_list":{"0":"post-175826","1":"product","2":"type-product","3":"status-publish","4":"has-post-thumbnail","6":"pwb-brand-pfeilring-solingen","7":"product_cat-manikury","9":"first","10":"instock","11":"taxable","12":"shipping-taxable","13":"purchasable","14":"product-type-simple"},"brands":[{"id":2122,"name":"PFEILRING SOLINGEN","slug":"pfeilring-solingen"}],"_links":{"self":[{"href":"https:\/\/www.moskito.cz\/fr\/wp-json\/wp\/v2\/product\/175826","targetHints":{"allow":["GET"]}}],"collection":[{"href":"https:\/\/www.moskito.cz\/fr\/wp-json\/wp\/v2\/product"}],"about":[{"href":"https:\/\/www.moskito.cz\/fr\/wp-json\/wp\/v2\/types\/product"}],"replies":[{"embeddable":true,"href":"https:\/\/www.moskito.cz\/fr\/wp-json\/wp\/v2\/comments?post=175826"}],"wp:featuredmedia":[{"embeddable":true,"href":"https:\/\/www.moskito.cz\/fr\/wp-json\/wp\/v2\/media\/175827"}],"wp:attachment":[{"href":"https:\/\/www.moskito.cz\/fr\/wp-json\/wp\/v2\/media?parent=175826"}],"wp:term":[{"taxonomy":"pwb-brand","embeddable":true,"href":"https:\/\/www.moskito.cz\/fr\/wp-json\/wp\/v2\/pwb-brand?post=175826"},{"taxonomy":"product_brand","embeddable":true,"href":"https:\/\/www.moskito.cz\/fr\/wp-json\/wp\/v2\/product_brand?post=175826"},{"taxonomy":"product_cat","embeddable":true,"href":"https:\/\/www.moskito.cz\/fr\/wp-json\/wp\/v2\/product_cat?post=175826"},{"taxonomy":"product_tag","embeddable":true,"href":"https:\/\/www.moskito.cz\/fr\/wp-json\/wp\/v2\/product_tag?post=175826"}],"curies":[{"name":"wp","href":"https:\/\/api.w.org\/{rel}","templated":true}]}}