{"id":181810,"date":"2021-01-25T21:23:54","date_gmt":"2021-01-25T20:23:54","guid":{"rendered":"https:\/\/www.moskito.cz\/?post_type=product&#038;p=181810"},"modified":"2025-07-11T07:53:27","modified_gmt":"2025-07-11T06:53:27","slug":"vystrelovaci-nuz-microtech-ludt-135-11","status":"publish","type":"product","link":"https:\/\/www.moskito.cz\/fr\/produkt\/vystrelovaci-nuz-microtech-ludt-135-11\/","title":{"rendered":"Vyst\u0159elovac\u00ed N\u016f\u017e Microtech LUDT 135-11"},"content":{"rendered":"<p>Vyst\u0159elovac\u00ed N\u016f\u017e Microtech LUDT 135-11.<br \/>\nV pr\u016fb\u011bhu let<strong> Microtech\u00ae Knives<\/strong> naplnil v\u00e1\u0161n\u00ed a dovednost\u00ed v\u00fdrobu no\u017e\u016f, a\u017e z nich vytvo\u0159il t\u00e9m\u011b\u0159 um\u011bleck\u00e1 d\u00edla,kter\u00e9 jsou vrcholem funk\u010dnosti. I nad\u00e1le posouv\u00e1 hranice a zlep\u0161uje to,<br \/>\nco ji\u017e v\u00ed, \u017ee funguje. V roce 2020 se <strong>Microtech\u00ae Knives<\/strong> rozrostl na p\u0159edn\u00ed no\u017e\u00ed\u0159skou<br \/>\nzna\u010dku, kter\u00e1 se neust\u00e1le vyv\u00edj\u00ed a pohybuje vp\u0159ed pomoc\u00ed nejnov\u011bj\u0161\u00edch technologi\u00ed,<br \/>\nstarod\u00e1vn\u00fdch z\u00e1sad p\u0159i v\u00fdrob\u011b \u010depel\u00ed a maxim\u00e1ln\u00edho testov\u00e1n\u00ed v ter\u00e9nu, tak aby nekompromitovali kvalitu.<\/p>\n<p><strong>Microtech <\/strong>LUDT je \u200b\u200bzp\u011bt a lep\u0161\u00ed ne\u017e kdy jindy! V\u00fdrazn\u00e9 zm\u011bny automatick\u00e9ho no\u017ee LUDT lze vid\u011bt v cel\u00e9 jeho kr\u00e1se, ale nejv\u00fdrazn\u011bj\u0161\u00edm je rozd\u00edl v revidovan\u00e9m profilu.<\/p>\n<p>Tvar zp\u011btn\u00e9ho chodu je vid\u011bt v fr\u00e9zovan\u00fdch dr\u00e1\u017ek\u00e1ch z ku\u017eelov\u00e9 hlin\u00edkov\u00e9 rukojeti 6061-T6, kter\u00e1 se datuje od model\u016f z po\u010d\u00e1tku roku 2000. LUDT je \u200b\u200bto, co pova\u017eujeme za \u201ecenovou dokonalost\u201c. Kombinuje p\u0159esn\u00e9 zpracov\u00e1n\u00ed, pr\u00e9miov\u00e9 materi\u00e1ly a nad\u010dasov\u00fd design.<\/p>\n<p>P\u0159ed v\u00edce ne\u017e 20 lety p\u0159edstavil Anthony Marfione U.D.T. (Underwater Demolition Team), kompaktn\u00ed automatick\u00e1 n\u016f\u017e, kter\u00fd byl okam\u017eit\u00fdm hitem mezi nad\u0161enci no\u017e\u016f. Velk\u00fd UDT, nebo LUDT, n\u00e1sledoval brzy pot\u00e9 a od t\u00e9 doby je p\u0159eru\u0161ovan\u011b vyr\u00e1b\u011bn.<\/p>\n<p>Celkov\u00e1 d\u00e9lka: 20cm<br \/>\nD\u00e9lka \u010depele: 8.5 cm<br \/>\nTlou\u0161\u0165ka \u010depele: 0,33 cm<br \/>\nMateri\u00e1l \u010depele: M390<br \/>\nStyl \u010depel\u00ed: Drop Point<br \/>\nB\u0159itov\u00e9 desti\u010dky: Ploch\u00e9<br \/>\nMateri\u00e1l rukojeti: hlin\u00edk<br \/>\nHmotnost: 3,62 oz.<br \/>\nU\u017eivatel: Prav\u00e1 ruka<br \/>\nPocket Clip: Tip-Up<br \/>\nTyp no\u017ee: Automatick\u00fd<br \/>\nOtv\u00edra\u010d: Tla\u010d\u00edtko<br \/>\nTyp z\u00e1mku: Blokovac\u00ed z\u00e1mek<br \/>\nZna\u010dka: Microtech<br \/>\nModel: LUDT<br \/>\n\u010c\u00edslo modelu: 135-11<br \/>\nZem\u011b p\u016fvodu: USA<br \/>\nNejlep\u0161\u00ed vyu\u017eit\u00ed: Taktick\u00e9<\/p>\n<p><iframe title=\"Microtech Combat Troodon Torture Test\" width=\"800\" height=\"450\" src=\"https:\/\/www.youtube.com\/embed\/xE9TeOFYEjg?feature=oembed\" frameborder=\"0\" allow=\"accelerometer; autoplay; clipboard-write; encrypted-media; gyroscope; picture-in-picture; web-share\" allowfullscreen><\/iframe><\/p>\n<p>&nbsp;<\/p>\n","protected":false},"excerpt":{"rendered":"<p><strong>V pr\u016fb\u011bhu let Microtech\u00ae Knives naplnil v\u00e1\u0161n\u00ed a dovednost\u00ed v\u00fdrobu no\u017e\u016f, a\u017e z nich vytvo\u0159il t\u00e9m\u011b\u0159 um\u011bleck\u00e1 d\u00edla,kter\u00e9 jsou vrcholem funk\u010dnosti. V\u0161echny d\u00edly jsou vyrobeny v USA.<\/strong><br \/>\n<strong>Na v\u0161echny no\u017ee Microtech je do\u017eivotn\u00ed z\u00e1ruka.<\/strong><\/p>\n","protected":false},"featured_media":181811,"comment_status":"open","ping_status":"closed","template":"","meta":[],"pwb-brand":[431],"product_brand":[],"product_cat":[2019,17],"product_tag":[3667],"class_list":{"0":"post-181810","1":"product","2":"type-product","3":"status-publish","4":"has-post-thumbnail","6":"pwb-brand-microtech","7":"product_cat-vystrelovaci-noze","8":"product_cat-noze","9":"product_tag-b2b","11":"first","12":"instock","13":"taxable","14":"shipping-taxable","15":"purchasable","16":"product-type-simple"},"brands":[{"id":431,"name":"Microtech","slug":"microtech"}],"_links":{"self":[{"href":"https:\/\/www.moskito.cz\/fr\/wp-json\/wp\/v2\/product\/181810","targetHints":{"allow":["GET"]}}],"collection":[{"href":"https:\/\/www.moskito.cz\/fr\/wp-json\/wp\/v2\/product"}],"about":[{"href":"https:\/\/www.moskito.cz\/fr\/wp-json\/wp\/v2\/types\/product"}],"replies":[{"embeddable":true,"href":"https:\/\/www.moskito.cz\/fr\/wp-json\/wp\/v2\/comments?post=181810"}],"wp:featuredmedia":[{"embeddable":true,"href":"https:\/\/www.moskito.cz\/fr\/wp-json\/wp\/v2\/media\/181811"}],"wp:attachment":[{"href":"https:\/\/www.moskito.cz\/fr\/wp-json\/wp\/v2\/media?parent=181810"}],"wp:term":[{"taxonomy":"pwb-brand","embeddable":true,"href":"https:\/\/www.moskito.cz\/fr\/wp-json\/wp\/v2\/pwb-brand?post=181810"},{"taxonomy":"product_brand","embeddable":true,"href":"https:\/\/www.moskito.cz\/fr\/wp-json\/wp\/v2\/product_brand?post=181810"},{"taxonomy":"product_cat","embeddable":true,"href":"https:\/\/www.moskito.cz\/fr\/wp-json\/wp\/v2\/product_cat?post=181810"},{"taxonomy":"product_tag","embeddable":true,"href":"https:\/\/www.moskito.cz\/fr\/wp-json\/wp\/v2\/product_tag?post=181810"}],"curies":[{"name":"wp","href":"https:\/\/api.w.org\/{rel}","templated":true}]}}