{"id":189985,"date":"2021-02-13T15:55:25","date_gmt":"2021-02-13T14:55:25","guid":{"rendered":"https:\/\/www.moskito.cz\/?post_type=product&#038;p=189985"},"modified":"2025-07-11T07:53:35","modified_gmt":"2025-07-11T06:53:35","slug":"cvicny-motylek-black-fox","status":"publish","type":"product","link":"https:\/\/www.moskito.cz\/fr\/produkt\/cvicny-motylek-black-fox\/","title":{"rendered":"Cvi\u010dn\u00fd Mot\u00fdlek Black Fox"},"content":{"rendered":"<p>Cvi\u010dn\u00fd Mot\u00fdlek <strong>Black Fox<\/strong>.<br \/>\nD\u00e9lka v zav\u0159en\u00e9m stavu je 12,7 cm. \u010cepel je dlouh\u00e1 10,16 cm, s povrchovou \u00fapravou v barv\u011b kamene, neostrou 440 nerezovou \u010depel\u00ed s tup\u00fdm hrotem. \u010cerven\u00e1 rukoje\u0165 G10. Kapesn\u00ed klip.<\/p>\n<p>Balisong Trainer<br \/>\n5&Prime; (12.7cm) closed. 4&Prime; (10.16cm) stonewash finish unsharpened 440 stainless blunt tip blade. Red G10 handle. Pocket clip. Boxed.<br \/>\nWeight:0.54lbs<\/p>\n","protected":false},"excerpt":{"rendered":"<p>Ve\u0161ker\u00e9 komponenty no\u017ee jsou vyrobeny z vysoce odoln\u00e9 nerezov\u00e9 oceli.<\/p>\n","protected":false},"featured_media":189986,"comment_status":"open","ping_status":"closed","template":"","meta":[],"pwb-brand":[802],"product_brand":[],"product_cat":[2030,17],"product_tag":[],"class_list":{"0":"post-189985","1":"product","2":"type-product","3":"status-publish","4":"has-post-thumbnail","6":"pwb-brand-blackfox","7":"product_cat-motylky","8":"product_cat-noze","10":"first","11":"instock","12":"taxable","13":"shipping-taxable","14":"purchasable","15":"product-type-simple"},"brands":[{"id":802,"name":"BlackFox","slug":"blackfox"}],"_links":{"self":[{"href":"https:\/\/www.moskito.cz\/fr\/wp-json\/wp\/v2\/product\/189985","targetHints":{"allow":["GET"]}}],"collection":[{"href":"https:\/\/www.moskito.cz\/fr\/wp-json\/wp\/v2\/product"}],"about":[{"href":"https:\/\/www.moskito.cz\/fr\/wp-json\/wp\/v2\/types\/product"}],"replies":[{"embeddable":true,"href":"https:\/\/www.moskito.cz\/fr\/wp-json\/wp\/v2\/comments?post=189985"}],"wp:featuredmedia":[{"embeddable":true,"href":"https:\/\/www.moskito.cz\/fr\/wp-json\/wp\/v2\/media\/189986"}],"wp:attachment":[{"href":"https:\/\/www.moskito.cz\/fr\/wp-json\/wp\/v2\/media?parent=189985"}],"wp:term":[{"taxonomy":"pwb-brand","embeddable":true,"href":"https:\/\/www.moskito.cz\/fr\/wp-json\/wp\/v2\/pwb-brand?post=189985"},{"taxonomy":"product_brand","embeddable":true,"href":"https:\/\/www.moskito.cz\/fr\/wp-json\/wp\/v2\/product_brand?post=189985"},{"taxonomy":"product_cat","embeddable":true,"href":"https:\/\/www.moskito.cz\/fr\/wp-json\/wp\/v2\/product_cat?post=189985"},{"taxonomy":"product_tag","embeddable":true,"href":"https:\/\/www.moskito.cz\/fr\/wp-json\/wp\/v2\/product_tag?post=189985"}],"curies":[{"name":"wp","href":"https:\/\/api.w.org\/{rel}","templated":true}]}}