{"id":190209,"date":"2021-02-15T21:27:35","date_gmt":"2021-02-15T20:27:35","guid":{"rendered":"https:\/\/www.moskito.cz\/?post_type=product&#038;p=190209"},"modified":"2025-07-11T07:53:36","modified_gmt":"2025-07-11T06:53:36","slug":"pevny-damaskovy-nuz-fixed-blade","status":"publish","type":"product","link":"https:\/\/www.moskito.cz\/fr\/produkt\/pevny-damaskovy-nuz-fixed-blade\/","title":{"rendered":"Pevn\u00fd Dama\u0161kov\u00fd N\u016f\u017e Fixed Blade"},"content":{"rendered":"<p>Pevn\u00fd N\u016f\u017e <strong>Fixed<\/strong> Blade.<br \/>\nCelkov\u00e1 d\u00e9lka no\u017ee je 21 cm. 10 cm dlouh\u00e1 \u010depel je vyrobena z dama\u0161kov\u00e9 oceli. Rukoje\u0165 je vyrobena z tyrkysu a ze sekvoje. Pouzdro na opasek je z hn\u011bd\u00e9 k\u016f\u017ee.<br \/>\nZem\u011b p\u016fvodu: P\u00e1kist\u00e1n<\/p>\n<p>8.5&Prime; overall. 4&Prime; <strong>Damascus <\/strong>steel blade. Full tang. Redwood and turquoise handle. Brown leather belt sheath. Boxed.<br \/>\nWeight:0.72lbs<br \/>\nCountry of Origin:Pakistan<\/p>\n","protected":false},"excerpt":{"rendered":"<p><strong>Dama\u0161kov\u00fd <\/strong>n\u016f\u017e s pouzdrem.<\/p>\n","protected":false},"featured_media":190210,"comment_status":"open","ping_status":"closed","template":"","meta":[],"pwb-brand":[133],"product_brand":[],"product_cat":[25,17],"product_tag":[],"class_list":{"0":"post-190209","1":"product","2":"type-product","3":"status-publish","4":"has-post-thumbnail","6":"pwb-brand-damascus","7":"product_cat-damascenske-noze","8":"product_cat-noze","10":"first","11":"instock","12":"taxable","13":"shipping-taxable","14":"purchasable","15":"product-type-simple"},"brands":[{"id":133,"name":"Damascus","slug":"damascus"}],"_links":{"self":[{"href":"https:\/\/www.moskito.cz\/fr\/wp-json\/wp\/v2\/product\/190209","targetHints":{"allow":["GET"]}}],"collection":[{"href":"https:\/\/www.moskito.cz\/fr\/wp-json\/wp\/v2\/product"}],"about":[{"href":"https:\/\/www.moskito.cz\/fr\/wp-json\/wp\/v2\/types\/product"}],"replies":[{"embeddable":true,"href":"https:\/\/www.moskito.cz\/fr\/wp-json\/wp\/v2\/comments?post=190209"}],"wp:featuredmedia":[{"embeddable":true,"href":"https:\/\/www.moskito.cz\/fr\/wp-json\/wp\/v2\/media\/190210"}],"wp:attachment":[{"href":"https:\/\/www.moskito.cz\/fr\/wp-json\/wp\/v2\/media?parent=190209"}],"wp:term":[{"taxonomy":"pwb-brand","embeddable":true,"href":"https:\/\/www.moskito.cz\/fr\/wp-json\/wp\/v2\/pwb-brand?post=190209"},{"taxonomy":"product_brand","embeddable":true,"href":"https:\/\/www.moskito.cz\/fr\/wp-json\/wp\/v2\/product_brand?post=190209"},{"taxonomy":"product_cat","embeddable":true,"href":"https:\/\/www.moskito.cz\/fr\/wp-json\/wp\/v2\/product_cat?post=190209"},{"taxonomy":"product_tag","embeddable":true,"href":"https:\/\/www.moskito.cz\/fr\/wp-json\/wp\/v2\/product_tag?post=190209"}],"curies":[{"name":"wp","href":"https:\/\/api.w.org\/{rel}","templated":true}]}}