{"id":195315,"date":"2021-03-23T22:14:52","date_gmt":"2021-03-23T21:14:52","guid":{"rendered":"https:\/\/www.moskito.cz\/?post_type=product&#038;p=195315"},"modified":"2025-07-11T07:53:54","modified_gmt":"2025-07-11T06:53:54","slug":"vystrelovaci-nuz-microtech-combat-troodon-hellhound-219-1-dlcts","status":"publish","type":"product","link":"https:\/\/www.moskito.cz\/fr\/produkt\/vystrelovaci-nuz-microtech-combat-troodon-hellhound-219-1-dlcts\/","title":{"rendered":"Vyst\u0159elovac\u00ed N\u016f\u017e Microtech Combat Troodon Hellhound 219-1 DLCTS"},"content":{"rendered":"<p>Vyst\u0159elovac\u00ed N\u016f\u017e Microtech Combat Troodon Hellhound 219-1 DLCTS.<\/p>\n<p>Z p\u0159edu vyst\u0159elovac\u00ed n\u016f\u017e.<\/p>\n<p>Combat Troodon Hellhound s \u010dernou tanto \u010depel\u00ed. Hlin\u00edkov\u00e1 rukoje\u0165 s kuli\u010dkov\u00fdm hrotem je z u\u0161lechtil\u00e9 oceli.<br \/>\nNejv\u011bt\u0161\u00ed v\u00fdrobn\u00ed n\u016f\u017e OTF firmy <strong>Microtech <\/strong>je pojmenov\u00e1n po dinosauru Troodon. Combat Troodon je opravdu velk\u00e1 verze popul\u00e1rn\u00edho Troodonu. Navzdory velikosti je rukoje\u0165 \u0161t\u00edhl\u00e1 a pohodln\u00e1.<\/p>\n<p>D\u00e9lka \u010depele: 9.5 cm<br \/>\nTlou\u0161\u0165ka \u010depele: 0,33 cm<br \/>\nMateri\u00e1l \u010depele: Elmax<br \/>\nStyl \u010depel\u00ed: Drop Point<br \/>\nB\u0159itov\u00e9 desti\u010dky: Ploch\u00e9<br \/>\nTyp okraje: oby\u010dejn\u00fd<br \/>\nD\u00e9lka rukojeti: 13.3 cm<br \/>\nTlou\u0161\u0165ka rukojeti: 1.4 cm<br \/>\nMateri\u00e1l rukojeti: hlin\u00edk<br \/>\nHmotnost: 5,45 oz.<br \/>\nU\u017eivatel: Prav\u00e1 ruka<br \/>\nPocket Clip: Tip-Down<br \/>\nTyp no\u017ee: Automatick\u00fd<br \/>\nOtv\u00edra\u010d: Thumb Slide<br \/>\nZna\u010dka: Microtech<br \/>\nModel: Combat Troodon<br \/>\n\u010c\u00edslo modelu: 219 -1 DLCTS<br \/>\nZem\u011b p\u016fvodu: USA<\/p>\n<p>Built for a variety of utility and close quarter combat situations, the Combat Troodon\u00ae is a favorite among law enforcement, military, and first responder personnel. The substantial feel makes it suitable for hard-use, while the benefits of an automatic O.T.F. make it a great choice for everyday carry.<\/p>\n","protected":false},"excerpt":{"rendered":"<p>V pr\u016fb\u011bhu let\u00a0<strong>Microtech\u00ae\u00a0<\/strong>Knives naplnil v\u00e1\u0161n\u00ed a dovednost\u00ed v\u00fdrobu no\u017e\u016f, a\u017e z nich vytvo\u0159il t\u00e9m\u011b\u0159 um\u011bleck\u00e1 d\u00edla,kter\u00e9 jsou vrcholem funk\u010dnosti.V\u0161echny d\u00edly jsou vyrodeny v USA.<br \/>\n<strong>Na v\u0161echny no\u017ee Microtech je do\u017eivotn\u00ed z\u00e1ruka ( min. 80 000 cykl\u016f, otev\u0159en\u00ed a zav\u0159en\u00ed)<\/strong><\/p>\n<p><strong>Doprava zdarma.<\/strong><\/p>\n","protected":false},"featured_media":195316,"comment_status":"open","ping_status":"closed","template":"","meta":[],"pwb-brand":[431],"product_brand":[],"product_cat":[2019,17],"product_tag":[3667],"class_list":{"0":"post-195315","1":"product","2":"type-product","3":"status-publish","4":"has-post-thumbnail","6":"pwb-brand-microtech","7":"product_cat-vystrelovaci-noze","8":"product_cat-noze","9":"product_tag-b2b","11":"first","12":"outofstock","13":"taxable","14":"shipping-taxable","15":"purchasable","16":"product-type-simple"},"brands":[{"id":431,"name":"Microtech","slug":"microtech"}],"_links":{"self":[{"href":"https:\/\/www.moskito.cz\/fr\/wp-json\/wp\/v2\/product\/195315","targetHints":{"allow":["GET"]}}],"collection":[{"href":"https:\/\/www.moskito.cz\/fr\/wp-json\/wp\/v2\/product"}],"about":[{"href":"https:\/\/www.moskito.cz\/fr\/wp-json\/wp\/v2\/types\/product"}],"replies":[{"embeddable":true,"href":"https:\/\/www.moskito.cz\/fr\/wp-json\/wp\/v2\/comments?post=195315"}],"wp:featuredmedia":[{"embeddable":true,"href":"https:\/\/www.moskito.cz\/fr\/wp-json\/wp\/v2\/media\/195316"}],"wp:attachment":[{"href":"https:\/\/www.moskito.cz\/fr\/wp-json\/wp\/v2\/media?parent=195315"}],"wp:term":[{"taxonomy":"pwb-brand","embeddable":true,"href":"https:\/\/www.moskito.cz\/fr\/wp-json\/wp\/v2\/pwb-brand?post=195315"},{"taxonomy":"product_brand","embeddable":true,"href":"https:\/\/www.moskito.cz\/fr\/wp-json\/wp\/v2\/product_brand?post=195315"},{"taxonomy":"product_cat","embeddable":true,"href":"https:\/\/www.moskito.cz\/fr\/wp-json\/wp\/v2\/product_cat?post=195315"},{"taxonomy":"product_tag","embeddable":true,"href":"https:\/\/www.moskito.cz\/fr\/wp-json\/wp\/v2\/product_tag?post=195315"}],"curies":[{"name":"wp","href":"https:\/\/api.w.org\/{rel}","templated":true}]}}