{"id":195334,"date":"2021-03-23T23:17:34","date_gmt":"2021-03-23T22:17:34","guid":{"rendered":"https:\/\/www.moskito.cz\/?post_type=product&#038;p=195334"},"modified":"2025-07-11T07:53:55","modified_gmt":"2025-07-11T06:53:55","slug":"vystrelovaci-nuz-microtech-ultratech-123-1-ta","status":"publish","type":"product","link":"https:\/\/www.moskito.cz\/fr\/produkt\/vystrelovaci-nuz-microtech-ultratech-123-1-ta\/","title":{"rendered":"Vyst\u0159elovac\u00ed N\u016f\u017e Microtech Ultratech 123-1 TA"},"content":{"rendered":"<p>Vyst\u0159elovac\u00ed N\u016f\u017e <strong>Microtech<\/strong> Ultratech 123-1 TA.<\/p>\n<p>Vyst\u0159elovac\u00ed N\u016f\u017e\u00a0<strong>Microtech<\/strong> Ultratech 123-1T A s jednou \u0159eznou hranou ve stylu tanto. N\u016f\u017e m\u00e1 tvarovanou hlin\u00edkovou rukoje\u0165 z eloxovan\u00e9ho hlin\u00edku 6061-T6 s pojistkou a nerezovou v\u00fdztuhou.<\/p>\n<p><strong>Microtech<\/strong>\u00a0vybavil tuto verzi st\u00e1le popul\u00e1rn\u00edho Ultratech D \/ A OTF n\u016f\u017e s hladk\u00fdm konturovan\u00fdm designem rukojeti, kter\u00fd zvy\u0161uje komfort p\u0159i pou\u017e\u00edv\u00e1n\u00ed. Tento aktualizovan\u00fd model poskytuje stejn\u00e9 rozm\u011bry, trvanlivost nab\u00edzen\u00e9 variantou \u201eTri-Grip\u201c a p\u0159itom padne jednodu\u0161eji do ruky a do kapsy.<\/p>\n<p>Pro ty, kte\u0159\u00ed nejsou obezn\u00e1meni s technologi\u00ed Ultratech, je to pln\u011b automatick\u00fd n\u016f\u017e s dvojit\u00fdm mechanismem mimo p\u0159edn\u00ed stranu, co\u017e znamen\u00e1, \u017ee \u010depel se pomoc\u00ed palce se sklop\u00ed a zasune. N\u016f\u017e Ultratech spole\u010dnosti\u00a0<strong>Microtech\u00a0<\/strong>nastavil la\u0165ku pro v\u0161echny no\u017ee OTF.<\/p>\n<p>Celkov\u00e1 d\u00e9lka: 22 cm<br \/>\nD\u00e9lka \u010depele: 8.6 cm<br \/>\nMateri\u00e1l \u010depele: Bohler M390<br \/>\nStyl \u010depele: Tanto<br \/>\nB\u0159itov\u00e9 desti\u010dky: Ploch\u00e9<br \/>\nTyp okraje: oby\u010dejn\u00fd<br \/>\nMateri\u00e1l rukojeti: hlin\u00edk<br \/>\nHmotnost: 3,60 oz.<br \/>\nU\u017eivatel: Prav\u00e1 ruka<br \/>\nPocket Clip: Tip-Down<br \/>\nTyp no\u017ee: Double-Action OTF Automatic<br \/>\nOtv\u00edra\u010d: Thumb Slide<br \/>\nZna\u010dka: Microtech<br \/>\nModel: Ultratech<br \/>\n\u010c\u00edslo modelu: 123-1 TA<br \/>\nZem\u011b p\u016fvodu: USA<br \/>\nNejlep\u0161\u00ed pou\u017eit\u00ed: Ka\u017edodenn\u00ed<\/p>\n<div class=\"description\">\n<p>The Ultratech, will forever set the standard for all out-the-front knives. Ultratech is <strong>Microtech&rsquo;s<\/strong> original dual action out-the-front knife, and has been the foundation of their entire OTF line. Over the years, it has gone through several modifications, each time becoming more efficient and reliable. This version has the improved contoured handle with texturing thumb slide for more positive purchase. The Ultratech&rsquo;s spring remains in an \u00ab\u00a0at rest\u00a0\u00bb position at all times except when deployed. This ensures that the compressed spring will not become fatigued, assuring users that when the knife is fired, it will operate effectively. Ultratech can take many different forms; it can be topped with a standard machined aluminum top or a piece of carbon fiber. The Ultratech&rsquo;s lightweight, one handed open and close action, slim shape, and scalpel sharp blade make it a one of a kind knife, only available through <strong>Microtech<\/strong>. This knife has proven time and again that it can withstand any obstacle. Only time will tell what the next step will be for the Ultratech series.<\/p>\n<\/div>\n<div class=\"specifications\">\n<div class=\"specs\">\n<h3 class=\"specificationsPDP\">Specifications<\/h3>\n<ul>\n<li>Automatic Opening\/Closing &#8211; Front Opener<\/li>\n<li>Action: Dual Action &#8211; Auto Fire\/Retract<\/li>\n<li>Blade Thickness: 0.125&Prime;<\/li>\n<li>Blade Length: 3.46&Prime;<\/li>\n<li>Blade Style: Single Edge Tanto, Plain<\/li>\n<li>Handle Thickness: 0.640&Prime;<\/li>\n<li>Handle Material: 6061-T6 Aluminum with Tan Mil-Spec Hard Coat Anodizing<\/li>\n<li>Length Closed: 4.84&Prime;<\/li>\n<li>Length Open: 8.30&Prime;<\/li>\n<li>Pocket Clip Material: 301 Stainless Full Hard<\/li>\n<li>Standard Top: 6061-T6 AL Alloy<\/li>\n<li>Trigger: 303 Stainless<\/li>\n<li>Does not include sheath<\/li>\n<li><strong>Please note, blade steel cannot be specified as it can change depending on availability (information from Microtech)<\/strong><\/li>\n<li>Made in the USA<\/li>\n<\/ul>\n<\/div>\n<\/div>\n","protected":false},"excerpt":{"rendered":"<p>V pr\u016fb\u011bhu let\u00a0<strong>Microtech\u00ae\u00a0<\/strong>Knives naplnil v\u00e1\u0161n\u00ed a dovednost\u00ed v\u00fdrobu no\u017e\u016f, a\u017e z nich vytvo\u0159il t\u00e9m\u011b\u0159 um\u011bleck\u00e1 d\u00edla,kter\u00e9 jsou vrcholem funk\u010dnosti.V\u0161echny d\u00edly jsou vyrodeny v USA.<br \/>\n<strong>Na v\u0161echny no\u017ee Microtech je do\u017eivotn\u00ed z\u00e1ruka ( min. 80 000 cykl\u016f, otev\u0159en\u00ed a zav\u0159en\u00ed)<\/strong><\/p>\n","protected":false},"featured_media":195335,"comment_status":"open","ping_status":"closed","template":"","meta":[],"pwb-brand":[431],"product_brand":[],"product_cat":[2019,17],"product_tag":[3667],"class_list":{"0":"post-195334","1":"product","2":"type-product","3":"status-publish","4":"has-post-thumbnail","6":"pwb-brand-microtech","7":"product_cat-vystrelovaci-noze","8":"product_cat-noze","9":"product_tag-b2b","11":"first","12":"outofstock","13":"taxable","14":"shipping-taxable","15":"purchasable","16":"product-type-simple"},"brands":[{"id":431,"name":"Microtech","slug":"microtech"}],"_links":{"self":[{"href":"https:\/\/www.moskito.cz\/fr\/wp-json\/wp\/v2\/product\/195334","targetHints":{"allow":["GET"]}}],"collection":[{"href":"https:\/\/www.moskito.cz\/fr\/wp-json\/wp\/v2\/product"}],"about":[{"href":"https:\/\/www.moskito.cz\/fr\/wp-json\/wp\/v2\/types\/product"}],"replies":[{"embeddable":true,"href":"https:\/\/www.moskito.cz\/fr\/wp-json\/wp\/v2\/comments?post=195334"}],"wp:featuredmedia":[{"embeddable":true,"href":"https:\/\/www.moskito.cz\/fr\/wp-json\/wp\/v2\/media\/195335"}],"wp:attachment":[{"href":"https:\/\/www.moskito.cz\/fr\/wp-json\/wp\/v2\/media?parent=195334"}],"wp:term":[{"taxonomy":"pwb-brand","embeddable":true,"href":"https:\/\/www.moskito.cz\/fr\/wp-json\/wp\/v2\/pwb-brand?post=195334"},{"taxonomy":"product_brand","embeddable":true,"href":"https:\/\/www.moskito.cz\/fr\/wp-json\/wp\/v2\/product_brand?post=195334"},{"taxonomy":"product_cat","embeddable":true,"href":"https:\/\/www.moskito.cz\/fr\/wp-json\/wp\/v2\/product_cat?post=195334"},{"taxonomy":"product_tag","embeddable":true,"href":"https:\/\/www.moskito.cz\/fr\/wp-json\/wp\/v2\/product_tag?post=195334"}],"curies":[{"name":"wp","href":"https:\/\/api.w.org\/{rel}","templated":true}]}}