{"id":196960,"date":"2021-04-18T09:35:06","date_gmt":"2021-04-18T08:35:06","guid":{"rendered":"https:\/\/www.moskito.cz\/?post_type=product&#038;p=196960"},"modified":"2025-07-11T07:54:21","modified_gmt":"2025-07-11T06:54:21","slug":"nuzky-na-vlasy-kanetsune-ws-38","status":"publish","type":"product","link":"https:\/\/www.moskito.cz\/fr\/produkt\/nuzky-na-vlasy-kanetsune-ws-38\/","title":{"rendered":"N\u016f\u017eky na vlasy Kanetsune WS-38"},"content":{"rendered":"<p>N\u016f\u017eky na vlasy <strong>Kanetsune<\/strong> WS-38.<\/p>\n<p>No\u017ee a n\u016f\u017eky <strong>Kanetsune<\/strong>, kter\u00e9 se nach\u00e1zej\u00ed v Seki City, m\u011bst\u011b v 800 let star\u00e9m hlavn\u00edm m\u011bst\u011b Orientu, jsou \u0161pi\u010dkov\u00e9 kvality. \u201eSeki-den\u201c je tajn\u00e1 metoda v\u00fdroby japonsk\u00fdch me\u010d\u016f, kter\u00e1 byla p\u0159ed\u00e1na do na\u0161\u00ed sou\u010dasn\u00e9 doby.\u00a0<strong>Kanetsune Seki<\/strong>, jeden z nejlep\u0161\u00edch mistr\u016f v Japonsku, zachov\u00e1v\u00e1 starod\u00e1vn\u00e9 tradice. V\u0161echny uveden\u00e9 no\u017ee byly vyrobeny v Japonsku.<\/p>\n<p>Celkov\u00e1 d\u00e9lka n\u016f\u017eek je 14cm. D\u00e9lka ost\u0159\u00ed je 5.5 cm. N\u016f\u017eky jsou vyrobeny z japonsk\u00e9 ocele.<\/p>\n","protected":false},"excerpt":{"rendered":"<p>Japonsk\u00e9 kade\u0159nick\u00e9 n\u016f\u017eky\u00a0<strong>Kanetsune<\/strong>.<\/p>\n","protected":false},"featured_media":196970,"comment_status":"open","ping_status":"closed","template":"","meta":[],"pwb-brand":[364],"product_brand":[],"product_cat":[1167],"product_tag":[],"class_list":{"0":"post-196960","1":"product","2":"type-product","3":"status-publish","4":"has-post-thumbnail","6":"pwb-brand-kanetsune","7":"product_cat-nuzky","9":"first","10":"instock","11":"taxable","12":"shipping-taxable","13":"purchasable","14":"product-type-simple"},"brands":[{"id":364,"name":"Kanetsune","slug":"kanetsune"}],"_links":{"self":[{"href":"https:\/\/www.moskito.cz\/fr\/wp-json\/wp\/v2\/product\/196960","targetHints":{"allow":["GET"]}}],"collection":[{"href":"https:\/\/www.moskito.cz\/fr\/wp-json\/wp\/v2\/product"}],"about":[{"href":"https:\/\/www.moskito.cz\/fr\/wp-json\/wp\/v2\/types\/product"}],"replies":[{"embeddable":true,"href":"https:\/\/www.moskito.cz\/fr\/wp-json\/wp\/v2\/comments?post=196960"}],"wp:featuredmedia":[{"embeddable":true,"href":"https:\/\/www.moskito.cz\/fr\/wp-json\/wp\/v2\/media\/196970"}],"wp:attachment":[{"href":"https:\/\/www.moskito.cz\/fr\/wp-json\/wp\/v2\/media?parent=196960"}],"wp:term":[{"taxonomy":"pwb-brand","embeddable":true,"href":"https:\/\/www.moskito.cz\/fr\/wp-json\/wp\/v2\/pwb-brand?post=196960"},{"taxonomy":"product_brand","embeddable":true,"href":"https:\/\/www.moskito.cz\/fr\/wp-json\/wp\/v2\/product_brand?post=196960"},{"taxonomy":"product_cat","embeddable":true,"href":"https:\/\/www.moskito.cz\/fr\/wp-json\/wp\/v2\/product_cat?post=196960"},{"taxonomy":"product_tag","embeddable":true,"href":"https:\/\/www.moskito.cz\/fr\/wp-json\/wp\/v2\/product_tag?post=196960"}],"curies":[{"name":"wp","href":"https:\/\/api.w.org\/{rel}","templated":true}]}}