{"id":197660,"date":"2021-05-03T21:34:08","date_gmt":"2021-05-03T20:34:08","guid":{"rendered":"https:\/\/www.moskito.cz\/?post_type=product&#038;p=197660"},"modified":"2025-05-07T10:34:17","modified_gmt":"2025-05-07T09:34:17","slug":"vystrelovaci-nuz-microtech-marfione-scarab-ii-378-mck","status":"publish","type":"product","link":"https:\/\/www.moskito.cz\/fr\/produkt\/vystrelovaci-nuz-microtech-marfione-scarab-ii-378-mck\/","title":{"rendered":"Vyst\u0159elovac\u00ed N\u016f\u017e Microtech Marfione Scarab II 378-MCK"},"content":{"rendered":"<div class=\"description\">\n<h3>Vyst\u0159elovac\u00ed N\u016f\u017e Microtech Marfione Scarab II 378-MCK.<\/h3>\n<h3>Zak\u00e1zkov\u00e9 no\u017ee Marfione<\/h3>\n<p>Microtech QD (Quick Deployment) Scarab je vysoce kvalitn\u00ed taktick\u00fd n\u016f\u017e, kter\u00fd vych\u00e1z\u00ed z p\u016fvodn\u00edho designu Microtech Ultratech.\u00a0Scarab, kter\u00fd byl vyroben tak, aby vydr\u017eel extr\u00e9m, vynik\u00e1 v tajn\u00fdch operac\u00edch s vysokou intenzitou.\u00a0Scarab je ur\u010den pro \u0161irok\u00e9 spektrum u\u017eite\u010dn\u00fdch a bl\u00edzk\u00fdch bojov\u00fdch aplikac\u00ed pro pou\u017eit\u00ed kvalifikovan\u00fdmi donucovac\u00edmi, vojensk\u00fdmi a vl\u00e1dn\u00edmi agenty.\u00a0Scarab je vyroben podle nejvy\u0161\u0161\u00edch mo\u017en\u00fdch standard\u016f, aby zajistil spolehlivost a bezpe\u010dnost p\u0159i jeho pou\u017e\u00edv\u00e1n\u00ed.\u00a0Vyzna\u010duje se otev\u0159enou a zav\u0159enou rukou, designem OTF (dual-action out-the-front) a \u010depel\u00ed s dvojitou hranou.<\/p>\n<p>Marfione Custom Scarab II se hod\u00ed do ruky a dokon\u010dili jej Tony a Sean Marfione, aby tomuto no\u017ei poskytli bezkonkuren\u010dn\u00ed akci. Rukoje\u0165 je hefkovan\u00fd leteck\u00fd hlin\u00edk s titanov\u00fdm hardwarem s modr\u00fdmi kruhy.\u00a0\u010cepel je z nerezov\u00e9 oceli CTS-204P se st\u00e1le tak m\u00edrn\u011b naost\u0159en\u00fdm horn\u00edm okrajem a rovnom\u011brn\u00fdm ru\u010dn\u011b t\u0159en\u00fdm sat\u00e9nov\u00fdm povrchem.\u00a0Je vyroben s bezchybn\u011b \u00fazk\u00fdmi tolerancemi, tak\u017ee v\u00edte, \u017ee zvl\u00e1dne v\u0161e, co na n\u011bj m\u016f\u017eete hodit.\u00a0N\u016f\u017e obsahuje kovov\u00fd certifik\u00e1t pravosti a datum v\u00fdroby\u00a0 na oto\u010dn\u00e9 spon\u011b na kapse.<\/p>\n<\/div>\n<div class=\"specifications\">\n<div class=\"specs\">\n<h3 class=\"specificationsPDP\">Specifikace<\/h3>\n<ul>\n<li>D\u00e9lka \u010depele: 9.5 cm<\/li>\n<li>Celkov\u00e1 d\u00e9lka: 23 cm<\/li>\n<li>Materi\u00e1l \u010depele: CTS-204P nerezov\u00e1 ocel<\/li>\n<li>Styl \u010depele: Spike<\/li>\n<li>Blade Grind: Dut\u00fd<\/li>\n<li>Povrch \u010depele: Ru\u010dn\u011b t\u0159en\u00fd sat\u00e9n<\/li>\n<li>Materi\u00e1l rukojeti: \u010cern\u00fd eloxovan\u00fd hefovan\u00fd hlin\u00edk<\/li>\n<li>Uzamykac\u00ed mechanismus: Palec<\/li>\n<li>Kapesn\u00ed spona: nerezov\u00e1 ocel (sklopn\u00e1, prav\u00e1 \/ lev\u00e1)<\/li>\n<li>Hmotnost: 5,64 oz.<\/li>\n<li>N\u00e1vrh\u00e1\u0159i: Tony a Sean Marfione<\/li>\n<li>Titanov\u00fd hardware s modr\u00fdm prstencem<\/li>\n<li>Ru\u010dn\u011b vyr\u00e1b\u011bn\u00e9 v USA<\/li>\n<\/ul>\n<\/div>\n<\/div>\n","protected":false},"excerpt":{"rendered":"<p>V pr\u016fb\u011bhu let\u00a0<strong>Microtech\u00ae\u00a0<\/strong>Knives naplnil v\u00e1\u0161n\u00ed a dovednost\u00ed v\u00fdrobu no\u017e\u016f, a\u017e z nich vytvo\u0159il t\u00e9m\u011b\u0159 um\u011bleck\u00e1 d\u00edla,kter\u00e9 jsou vrcholem funk\u010dnosti. V\u0161echny d\u00edly jsou vyrobeny v USA.<br \/>\n<strong>Na v\u0161echny no\u017ee Microtech je do\u017eivotn\u00ed z\u00e1ruka ( min. 80 000 cykl\u016f, otev\u0159en\u00ed a zav\u0159en\u00ed)<\/strong><\/p>\n<p><strong>Jedin\u00fd kus v Evrop\u011b!!<\/strong><\/p>\n","protected":false},"featured_media":197661,"comment_status":"open","ping_status":"closed","template":"","meta":[],"pwb-brand":[431],"product_brand":[],"product_cat":[2019,17],"product_tag":[3667],"class_list":{"0":"post-197660","1":"product","2":"type-product","3":"status-publish","4":"has-post-thumbnail","6":"pwb-brand-microtech","7":"product_cat-vystrelovaci-noze","8":"product_cat-noze","9":"product_tag-b2b","11":"first","12":"outofstock","13":"taxable","14":"shipping-taxable","15":"purchasable","16":"product-type-simple"},"brands":[{"id":431,"name":"Microtech","slug":"microtech"}],"_links":{"self":[{"href":"https:\/\/www.moskito.cz\/fr\/wp-json\/wp\/v2\/product\/197660","targetHints":{"allow":["GET"]}}],"collection":[{"href":"https:\/\/www.moskito.cz\/fr\/wp-json\/wp\/v2\/product"}],"about":[{"href":"https:\/\/www.moskito.cz\/fr\/wp-json\/wp\/v2\/types\/product"}],"replies":[{"embeddable":true,"href":"https:\/\/www.moskito.cz\/fr\/wp-json\/wp\/v2\/comments?post=197660"}],"wp:featuredmedia":[{"embeddable":true,"href":"https:\/\/www.moskito.cz\/fr\/wp-json\/wp\/v2\/media\/197661"}],"wp:attachment":[{"href":"https:\/\/www.moskito.cz\/fr\/wp-json\/wp\/v2\/media?parent=197660"}],"wp:term":[{"taxonomy":"pwb-brand","embeddable":true,"href":"https:\/\/www.moskito.cz\/fr\/wp-json\/wp\/v2\/pwb-brand?post=197660"},{"taxonomy":"product_brand","embeddable":true,"href":"https:\/\/www.moskito.cz\/fr\/wp-json\/wp\/v2\/product_brand?post=197660"},{"taxonomy":"product_cat","embeddable":true,"href":"https:\/\/www.moskito.cz\/fr\/wp-json\/wp\/v2\/product_cat?post=197660"},{"taxonomy":"product_tag","embeddable":true,"href":"https:\/\/www.moskito.cz\/fr\/wp-json\/wp\/v2\/product_tag?post=197660"}],"curies":[{"name":"wp","href":"https:\/\/api.w.org\/{rel}","templated":true}]}}