{"id":197691,"date":"2021-05-04T21:05:02","date_gmt":"2021-05-04T20:05:02","guid":{"rendered":"https:\/\/www.moskito.cz\/?post_type=product&#038;p=197691"},"modified":"2025-05-07T10:34:18","modified_gmt":"2025-05-07T09:34:18","slug":"vystrelovaci-nuz-microtech-stitch-borka-pattern-carbon-303-mck","status":"publish","type":"product","link":"https:\/\/www.moskito.cz\/fr\/produkt\/vystrelovaci-nuz-microtech-stitch-borka-pattern-carbon-303-mck\/","title":{"rendered":"Vyst\u0159elovac\u00ed N\u016f\u017e Microtech Stitch Borka Pattern Carbon 303-MCK"},"content":{"rendered":"<p>Vyst\u0159elovac\u00ed N\u016f\u017e <strong>Microtech Stitc<\/strong>h Borka Pattern Carbon 303-MCK.<\/p>\n<p>Tento <strong>Stitch<\/strong> je v\u00fdsledkem hspolupr\u00e1ceTony <strong>Marfione<\/strong> s Sebastijan Berenji, AKA Borka. Kde Sebastijan\u016fv \u00fa\u017easn\u00fd design Stitch se spoj\u00ed s \u00fa\u017easnou Tonyho zku\u0161enost\u00ed s v\u00fdrobou no\u017e\u016f, aby se vytvo\u0159ila jedna z nejlep\u0161\u00edch spolupr\u00e1c\u00ed. \u010cepel z ocelov\u00e9ho o\u0161t\u011bpu 3,625 \u00ab\u00a0M390 byla ru\u010dn\u011b brou\u0161ena Tonym a vyzna\u010duje se ohromuj\u00edc\u00ed povrchovou \u00fapravou. Rukoje\u0165 je tvarovan\u00e1 z uhl\u00edkov\u00fdch vl\u00e1ken s flambovan\u00fdm titanov\u00fdm backspacerem. Vypad\u00e1 jako raketa a pevn\u011b se uzamkne a m\u00e1te jm\u00e9na obou v\u00fdrobc\u016f , datum v\u00fdroby a s\u00e9riov\u00e9 \u010d\u00edslo na klipu. Jedn\u00e1 se o v\u00edce ne\u017e vysoce sb\u011bratelsk\u00fd kousek od Tonyho a Sebastijana, je to n\u00e1dhern\u00e1, ale taktick\u00e1 zbra\u0148, ve kter\u00e9 m\u016f\u017eete skute\u010dn\u011b vid\u011bt a c\u00edtit p\u016fsobivou kvalitu ru\u010dn\u011b vyroben\u00e9ho no\u017ee.<br \/>\nCelkov\u00e1 d\u00e9lka no\u017ee je 21cm, d\u00e9lka \u010depele je 8,5 cm.<\/p>\n<pre id=\"tw-target-text\" class=\"tw-data-text tw-text-large XcVN5d tw-ta\" dir=\"ltr\" data-placeholder=\"P\u0159eklad\"><span class=\"Y2IQFc\" lang=\"cs\">\u00a0<\/span><\/pre>\n","protected":false},"excerpt":{"rendered":"<p>V pr\u016fb\u011bhu let\u00a0<strong>Microtech\u00ae\u00a0<\/strong>Knives naplnil v\u00e1\u0161n\u00ed a dovednost\u00ed v\u00fdrobu no\u017e\u016f, a\u017e z nich vytvo\u0159il t\u00e9m\u011b\u0159 um\u011bleck\u00e1 d\u00edla,kter\u00e9 jsou vrcholem funk\u010dnosti. V\u0161echny d\u00edly jsou vyrobeny v USA.<br \/>\n<strong>Na v\u0161echny no\u017ee Microtech je do\u017eivotn\u00ed z\u00e1ruka ( min. 80 000 cykl\u016f, otev\u0159en\u00ed a zav\u0159en\u00ed)<\/strong><\/p>\n<p><strong>Jedin\u00fd kus v Evrop\u011b!!<\/strong><\/p>\n","protected":false},"featured_media":197692,"comment_status":"open","ping_status":"closed","template":"","meta":[],"pwb-brand":[431],"product_brand":[],"product_cat":[2019,17],"product_tag":[3667],"class_list":{"0":"post-197691","1":"product","2":"type-product","3":"status-publish","4":"has-post-thumbnail","6":"pwb-brand-microtech","7":"product_cat-vystrelovaci-noze","8":"product_cat-noze","9":"product_tag-b2b","11":"first","12":"outofstock","13":"taxable","14":"shipping-taxable","15":"purchasable","16":"product-type-simple"},"brands":[{"id":431,"name":"Microtech","slug":"microtech"}],"_links":{"self":[{"href":"https:\/\/www.moskito.cz\/fr\/wp-json\/wp\/v2\/product\/197691","targetHints":{"allow":["GET"]}}],"collection":[{"href":"https:\/\/www.moskito.cz\/fr\/wp-json\/wp\/v2\/product"}],"about":[{"href":"https:\/\/www.moskito.cz\/fr\/wp-json\/wp\/v2\/types\/product"}],"replies":[{"embeddable":true,"href":"https:\/\/www.moskito.cz\/fr\/wp-json\/wp\/v2\/comments?post=197691"}],"wp:featuredmedia":[{"embeddable":true,"href":"https:\/\/www.moskito.cz\/fr\/wp-json\/wp\/v2\/media\/197692"}],"wp:attachment":[{"href":"https:\/\/www.moskito.cz\/fr\/wp-json\/wp\/v2\/media?parent=197691"}],"wp:term":[{"taxonomy":"pwb-brand","embeddable":true,"href":"https:\/\/www.moskito.cz\/fr\/wp-json\/wp\/v2\/pwb-brand?post=197691"},{"taxonomy":"product_brand","embeddable":true,"href":"https:\/\/www.moskito.cz\/fr\/wp-json\/wp\/v2\/product_brand?post=197691"},{"taxonomy":"product_cat","embeddable":true,"href":"https:\/\/www.moskito.cz\/fr\/wp-json\/wp\/v2\/product_cat?post=197691"},{"taxonomy":"product_tag","embeddable":true,"href":"https:\/\/www.moskito.cz\/fr\/wp-json\/wp\/v2\/product_tag?post=197691"}],"curies":[{"name":"wp","href":"https:\/\/api.w.org\/{rel}","templated":true}]}}