{"id":197992,"date":"2021-05-08T20:32:22","date_gmt":"2021-05-08T19:32:22","guid":{"rendered":"https:\/\/www.moskito.cz\/?post_type=product&#038;p=197992"},"modified":"2025-05-07T10:34:25","modified_gmt":"2025-05-07T09:34:25","slug":"zaviraci-nuz-extrema-ratio-bf2-r-cd-stone-washed","status":"publish","type":"product","link":"https:\/\/www.moskito.cz\/fr\/produkt\/zaviraci-nuz-extrema-ratio-bf2-r-cd-stone-washed\/","title":{"rendered":"Zav\u00edrac\u00ed N\u016f\u017e Extrema Ratio BF2 R CD STONE WASHED"},"content":{"rendered":"<p>Zav\u00edrac\u00ed N\u016f\u017e Extrema Ratio BF2 R CD STONE WASHED.BF2 R jsou zav\u00edrac\u00ed no\u017ee vhodn\u00e9 zejm\u00e9na pro profesion\u00e1ln\u00ed pou\u017eit\u00ed vojensk\u00e9 nebo policejn\u00ed. Zachov\u00e1vaj\u00ed si v\u0161echny vlastnosti BF2, vylep\u0161en\u00e9 nov\u00fdm vysokorychlostn\u00edm syst\u00e9mem otev\u00edr\u00e1n\u00ed Razor. Dostupn\u00e9 verze: BF2 R Classic Tanto \u010cERN\u00c1, BF2 R Classic Tanto STONE WASHED, BF2 R Classic Tanto DESERT, BF2 R Classic Drop BLACK, BF2 R Classic Drop STONE WASHED, BF2 R Classic Tanto STONE WASHED, BF2 R Classic Tanto STONE WASHED, BF2 R Classic Tanto STES WASHED, BF2 R Classic Tanto DESERT, BF2 R Classic Drop STONE WASHED, BF2 R Classic Drop STONE WASHED, BF2 R Classic Drop STONE WASHED, BF2 R Classic Tan STONE WASHED, BF2 R Classic Tanto STONE WASHED, BF2 R Classic Tanto DESERT, BF2 R Classic &#8230;<br \/>\nTECHNICK\u00dd LIST<br \/>\nHmotnost g: 140<br \/>\nHmotnost oz.: 4,93<br \/>\nD\u00e9lka \u010depele (mm): 90<br \/>\nD\u00e9lka \u010depele (palce): 3,54<br \/>\nCelkov\u00e1 d\u00e9lka (mm): 215<br \/>\nCelkov\u00e1 d\u00e9lka (v): 8,46<br \/>\nTlou\u0161\u0165ka \u010depele (mm): 3<br \/>\nTlou\u0161\u0165ka \u010depele (v palc\u00edch): 0,11<br \/>\nMateri\u00e1l \u010depele: B\u00f6HLER STEEL N690 (58HRC)<br \/>\nPovrchov\u00e1 \u00faprava \u010depele: KAMENE OBSA\u017dENO<br \/>\nHlavn\u00ed m\u0159\u00ed\u017eka: FLAT<br \/>\nMateri\u00e1l rukojeti: ANTICORODAL ANODIZED ALUMINIUM<\/p>\n","protected":false},"excerpt":{"rendered":"<p>Spole\u010dnost\u00a0<strong>Extrema Ratio<\/strong>\u00a0se s\u00eddlem v italsk\u00e9m Pratu navrhuje a vyr\u00e1b\u00ed vysoce v\u00fdkonn\u00e9 bojov\u00e9, vojensk\u00e9, kuchy\u0148sk\u00e9, loveck\u00e9 a taktick\u00e9 no\u017ee od roku 1997 a m\u00e1 pov\u011bst vynikaj\u00edc\u00ed kvality, kter\u00e1 je v oboru vojensk\u00fdch a taktick\u00fdch no\u017e\u016f nep\u0159ekonateln\u00e1.\u00a0<strong>Doprava zdarma.<\/strong><\/p>\n","protected":false},"featured_media":197993,"comment_status":"open","ping_status":"closed","template":"","meta":[],"pwb-brand":[267],"product_brand":[],"product_cat":[22,17],"product_tag":[3667],"class_list":{"0":"post-197992","1":"product","2":"type-product","3":"status-publish","4":"has-post-thumbnail","6":"pwb-brand-extrema-ratio","7":"product_cat-zaviraci-noze","8":"product_cat-noze","9":"product_tag-b2b","11":"first","12":"instock","13":"taxable","14":"shipping-taxable","15":"purchasable","16":"product-type-simple"},"brands":[{"id":267,"name":"Extrema Ratio","slug":"extrema-ratio"}],"_links":{"self":[{"href":"https:\/\/www.moskito.cz\/fr\/wp-json\/wp\/v2\/product\/197992","targetHints":{"allow":["GET"]}}],"collection":[{"href":"https:\/\/www.moskito.cz\/fr\/wp-json\/wp\/v2\/product"}],"about":[{"href":"https:\/\/www.moskito.cz\/fr\/wp-json\/wp\/v2\/types\/product"}],"replies":[{"embeddable":true,"href":"https:\/\/www.moskito.cz\/fr\/wp-json\/wp\/v2\/comments?post=197992"}],"wp:featuredmedia":[{"embeddable":true,"href":"https:\/\/www.moskito.cz\/fr\/wp-json\/wp\/v2\/media\/197993"}],"wp:attachment":[{"href":"https:\/\/www.moskito.cz\/fr\/wp-json\/wp\/v2\/media?parent=197992"}],"wp:term":[{"taxonomy":"pwb-brand","embeddable":true,"href":"https:\/\/www.moskito.cz\/fr\/wp-json\/wp\/v2\/pwb-brand?post=197992"},{"taxonomy":"product_brand","embeddable":true,"href":"https:\/\/www.moskito.cz\/fr\/wp-json\/wp\/v2\/product_brand?post=197992"},{"taxonomy":"product_cat","embeddable":true,"href":"https:\/\/www.moskito.cz\/fr\/wp-json\/wp\/v2\/product_cat?post=197992"},{"taxonomy":"product_tag","embeddable":true,"href":"https:\/\/www.moskito.cz\/fr\/wp-json\/wp\/v2\/product_tag?post=197992"}],"curies":[{"name":"wp","href":"https:\/\/api.w.org\/{rel}","templated":true}]}}