{"id":198262,"date":"2021-05-12T21:11:50","date_gmt":"2021-05-12T20:11:50","guid":{"rendered":"https:\/\/www.moskito.cz\/?post_type=product&#038;p=198262"},"modified":"2025-07-21T14:00:14","modified_gmt":"2025-07-21T13:00:14","slug":"vrhaci-noze-throwing-knives-2","status":"publish","type":"product","link":"https:\/\/www.moskito.cz\/fr\/produkt\/vrhaci-noze-throwing-knives-2\/","title":{"rendered":"Vrhac\u00ed No\u017ee Throwing Knives"},"content":{"rendered":"<p>Vrhac\u00ed No\u017ee <strong>Throwing Knives<\/strong>.<\/p>\n<p>Celkov\u00e1 no\u017ee Je 17 cm s dvouse\u010dn\u00fdm ost\u0159\u00edm. Jeden kus nerezov\u00e9 konstrukce. Pouzdro z \u010dern\u00e9ho nylonu je sou\u010d\u00e1st\u00ed.<\/p>\n","protected":false},"excerpt":{"rendered":"<p>Tr\u00e9ninkov\u00e9 vrhac\u00ed no\u017ee s pouzdrem.<\/p>\n","protected":false},"featured_media":198263,"comment_status":"open","ping_status":"closed","template":"","meta":[],"pwb-brand":[131],"product_brand":[],"product_cat":[29,17],"product_tag":[],"class_list":{"0":"post-198262","1":"product","2":"type-product","3":"status-publish","4":"has-post-thumbnail","6":"pwb-brand-pakistan","7":"product_cat-vrhaci-noze","8":"product_cat-noze","10":"first","11":"instock","12":"taxable","13":"shipping-taxable","14":"purchasable","15":"product-type-simple"},"brands":[{"id":131,"name":"Pakistan","slug":"pakistan"}],"_links":{"self":[{"href":"https:\/\/www.moskito.cz\/fr\/wp-json\/wp\/v2\/product\/198262","targetHints":{"allow":["GET"]}}],"collection":[{"href":"https:\/\/www.moskito.cz\/fr\/wp-json\/wp\/v2\/product"}],"about":[{"href":"https:\/\/www.moskito.cz\/fr\/wp-json\/wp\/v2\/types\/product"}],"replies":[{"embeddable":true,"href":"https:\/\/www.moskito.cz\/fr\/wp-json\/wp\/v2\/comments?post=198262"}],"wp:featuredmedia":[{"embeddable":true,"href":"https:\/\/www.moskito.cz\/fr\/wp-json\/wp\/v2\/media\/198263"}],"wp:attachment":[{"href":"https:\/\/www.moskito.cz\/fr\/wp-json\/wp\/v2\/media?parent=198262"}],"wp:term":[{"taxonomy":"pwb-brand","embeddable":true,"href":"https:\/\/www.moskito.cz\/fr\/wp-json\/wp\/v2\/pwb-brand?post=198262"},{"taxonomy":"product_brand","embeddable":true,"href":"https:\/\/www.moskito.cz\/fr\/wp-json\/wp\/v2\/product_brand?post=198262"},{"taxonomy":"product_cat","embeddable":true,"href":"https:\/\/www.moskito.cz\/fr\/wp-json\/wp\/v2\/product_cat?post=198262"},{"taxonomy":"product_tag","embeddable":true,"href":"https:\/\/www.moskito.cz\/fr\/wp-json\/wp\/v2\/product_tag?post=198262"}],"curies":[{"name":"wp","href":"https:\/\/api.w.org\/{rel}","templated":true}]}}