{"id":198717,"date":"2021-05-18T07:33:13","date_gmt":"2021-05-18T06:33:13","guid":{"rendered":"https:\/\/www.moskito.cz\/?post_type=product&#038;p=198717"},"modified":"2025-07-26T22:10:26","modified_gmt":"2025-07-26T21:10:26","slug":"zaviraci-nuz-boker-plus-tech-tool-city-4-01bo806","status":"publish","type":"product","link":"https:\/\/www.moskito.cz\/fr\/produkt\/zaviraci-nuz-boker-plus-tech-tool-city-4-01bo806\/","title":{"rendered":"Zav\u00edrac\u00ed N\u016f\u017e B\u00f6ker Plus Tech Tool City 4 01BO806"},"content":{"rendered":"<p>Zav\u00edrac\u00ed N\u016f\u017e <strong>B\u00f6ker<\/strong> Plus Tech Tool City 4 01BO806.<\/p>\n<p>\u0158ada B\u00f6ker p\u0159edstavuje ru\u010dn\u011b vyr\u00e1b\u011bn\u00e9 no\u017ee. Vysok\u00e1 kvalita no\u017e\u016f je ur\u010dena pro milovn\u00edky, kte\u0159\u00ed ocen\u00ed n\u011bco speci\u00e1ln\u00edho. Najdete zde \u0161irok\u00fd v\u00fdb\u011br od klasick\u00fdch kapesn\u00edch no\u017e\u016f po dama\u0161kov\u00e9 kapesn\u00ed no\u017ee.<\/p>\n<p>\u0158ada B\u00f6ker Plus p\u0159in\u00e1\u0161\u00ed no\u017ee, jejich\u017e funkce byly speci\u00e1ln\u011b vyvinuty a testov\u00e1ny pro profesion\u00e1ln\u00ed u\u017eivatele. B\u00f6ker Plus taktick\u00e9 no\u017ee jsou inovativn\u00ed v designu a funkc\u00edch ur\u010deny pro ka\u017edodenn\u00ed pou\u017eit\u00ed.<\/p>\n<p>\u0158adu Magnum tvo\u0159\u00ed no\u017ee s nep\u0159ekonateln\u00fdm pom\u011brem cena-v\u00fdkon. Najdete zde velk\u00fd v\u00fdb\u011br no\u017e\u016f ze v\u0161ech kategori\u00ed, nap\u0159. tradi\u010dn\u00ed kapesn\u00ed no\u017ee, loveck\u00e9 no\u017ee, mysliveck\u00e9 no\u017ee a mnoh\u00e9 dal\u0161\u00ed.<\/p>\n<p>B\u00f6ker &#8211; B\u00f6ker Plus Tech Tool City 4 01BO806<\/p>\n<p>Hmotnost no\u017ee: 179 g<\/p>\n<p>D\u00e9lka no\u017ee: 167 mm<\/p>\n<p>D\u00e9lka \u010depele: 71 mm<\/p>\n<p>Ocel: 12C27<\/p>\n<p>Tvrdost: 56-58 HRC<\/p>\n<p>Materi\u00e1l st\u0159enky: G10<\/p>\n","protected":false},"excerpt":{"rendered":"<p>V\u00edce\u00fa\u010delov\u00fd n\u016f\u017e.<\/p>\n","protected":false},"featured_media":198718,"comment_status":"open","ping_status":"closed","template":"","meta":[],"pwb-brand":[140],"product_brand":[],"product_cat":[22,17],"product_tag":[3667],"class_list":{"0":"post-198717","1":"product","2":"type-product","3":"status-publish","4":"has-post-thumbnail","6":"pwb-brand-boker","7":"product_cat-zaviraci-noze","8":"product_cat-noze","9":"product_tag-b2b","11":"first","12":"outofstock","13":"taxable","14":"shipping-taxable","15":"purchasable","16":"product-type-simple"},"brands":[{"id":140,"name":"Boker","slug":"boker"}],"_links":{"self":[{"href":"https:\/\/www.moskito.cz\/fr\/wp-json\/wp\/v2\/product\/198717","targetHints":{"allow":["GET"]}}],"collection":[{"href":"https:\/\/www.moskito.cz\/fr\/wp-json\/wp\/v2\/product"}],"about":[{"href":"https:\/\/www.moskito.cz\/fr\/wp-json\/wp\/v2\/types\/product"}],"replies":[{"embeddable":true,"href":"https:\/\/www.moskito.cz\/fr\/wp-json\/wp\/v2\/comments?post=198717"}],"wp:featuredmedia":[{"embeddable":true,"href":"https:\/\/www.moskito.cz\/fr\/wp-json\/wp\/v2\/media\/198718"}],"wp:attachment":[{"href":"https:\/\/www.moskito.cz\/fr\/wp-json\/wp\/v2\/media?parent=198717"}],"wp:term":[{"taxonomy":"pwb-brand","embeddable":true,"href":"https:\/\/www.moskito.cz\/fr\/wp-json\/wp\/v2\/pwb-brand?post=198717"},{"taxonomy":"product_brand","embeddable":true,"href":"https:\/\/www.moskito.cz\/fr\/wp-json\/wp\/v2\/product_brand?post=198717"},{"taxonomy":"product_cat","embeddable":true,"href":"https:\/\/www.moskito.cz\/fr\/wp-json\/wp\/v2\/product_cat?post=198717"},{"taxonomy":"product_tag","embeddable":true,"href":"https:\/\/www.moskito.cz\/fr\/wp-json\/wp\/v2\/product_tag?post=198717"}],"curies":[{"name":"wp","href":"https:\/\/api.w.org\/{rel}","templated":true}]}}