{"id":198909,"date":"2021-05-20T20:43:11","date_gmt":"2021-05-20T19:43:11","guid":{"rendered":"https:\/\/www.moskito.cz\/?post_type=product&#038;p=198909"},"modified":"2025-05-07T10:34:36","modified_gmt":"2025-05-07T09:34:36","slug":"pevny-nuz-magnum-classic-dagger","status":"publish","type":"product","link":"https:\/\/www.moskito.cz\/fr\/produkt\/pevny-nuz-magnum-classic-dagger\/","title":{"rendered":"Pevn\u00fd N\u016f\u017e Magnum Classic Dagger"},"content":{"rendered":"<p>Pevn\u00fd N\u016f\u017e <strong>Magnum<\/strong> Classic Dagger.<\/p>\n<p>Tato kr\u00e1sn\u00e1 d\u00fdka je pot\u011b\u0161en\u00edm pro oko, a to nejen pro fanou\u0161ky no\u017e\u016f. Jednoduchost, \u010dist\u00e9 linie a symetrie z n\u011bj d\u011blaj\u00ed skute\u010dnou designovou z\u00e1le\u017eitost. \u010cepel z nerezov\u00e9 oceli 440A je z obou stran jemn\u011b brou\u0161en\u00e1, st\u0159edov\u00fd h\u0159eben ozna\u010duje polovinu \u0161\u00ed\u0159ky \u010depele. Rukoje\u0165 je vyrobena z lisovan\u00fdch ko\u017een\u00fdch krou\u017ek\u016f, kter\u00e9 jsou p\u0159esn\u011b uchyceny mezi z\u00e1\u0161titou (ochranou ruky) a koncov\u00fdm uz\u00e1v\u011brem z nerezov\u00e9 oceli. N\u016f\u017e je dod\u00e1v\u00e1n s ko\u017een\u00fdm pouzdrem s pojistkou na cvok.<br \/>\nCelkov\u00e1 d\u00e9lka: 33.4 cm<br \/>\nD\u00e9lka \u010depele: 21 cm<br \/>\nTlou\u0161\u0165ka \u010depele: 4.6 mm<br \/>\nHmotnost: 247 g<br \/>\nMateri\u00e1l \u010depele: 440A<br \/>\nMateri\u00e1l rukojeti: K\u016f\u017ee<br \/>\nTyp pojistky: Pevn\u00fd n\u016f\u017e<\/p>\n","protected":false},"excerpt":{"rendered":"<p><strong>Tato kr\u00e1sn\u00e1 d\u00fdka je pot\u011b\u0161en\u00edm pro oko, a to nejen pro fanou\u0161ky no\u017e\u016f. Jednoduchost, \u010dist\u00e9 linie a symetrie z n\u011bj d\u011blaj\u00ed skute\u010dnou designovou z\u00e1le\u017eitost.<\/strong><\/p>\n","protected":false},"featured_media":198910,"comment_status":"open","ping_status":"closed","template":"","meta":[],"pwb-brand":[140],"product_brand":[],"product_cat":[23,17],"product_tag":[],"class_list":{"0":"post-198909","1":"product","2":"type-product","3":"status-publish","4":"has-post-thumbnail","6":"pwb-brand-boker","7":"product_cat-pevne-noze","8":"product_cat-noze","10":"first","11":"outofstock","12":"taxable","13":"shipping-taxable","14":"purchasable","15":"product-type-simple"},"brands":[{"id":140,"name":"Boker","slug":"boker"}],"_links":{"self":[{"href":"https:\/\/www.moskito.cz\/fr\/wp-json\/wp\/v2\/product\/198909","targetHints":{"allow":["GET"]}}],"collection":[{"href":"https:\/\/www.moskito.cz\/fr\/wp-json\/wp\/v2\/product"}],"about":[{"href":"https:\/\/www.moskito.cz\/fr\/wp-json\/wp\/v2\/types\/product"}],"replies":[{"embeddable":true,"href":"https:\/\/www.moskito.cz\/fr\/wp-json\/wp\/v2\/comments?post=198909"}],"wp:featuredmedia":[{"embeddable":true,"href":"https:\/\/www.moskito.cz\/fr\/wp-json\/wp\/v2\/media\/198910"}],"wp:attachment":[{"href":"https:\/\/www.moskito.cz\/fr\/wp-json\/wp\/v2\/media?parent=198909"}],"wp:term":[{"taxonomy":"pwb-brand","embeddable":true,"href":"https:\/\/www.moskito.cz\/fr\/wp-json\/wp\/v2\/pwb-brand?post=198909"},{"taxonomy":"product_brand","embeddable":true,"href":"https:\/\/www.moskito.cz\/fr\/wp-json\/wp\/v2\/product_brand?post=198909"},{"taxonomy":"product_cat","embeddable":true,"href":"https:\/\/www.moskito.cz\/fr\/wp-json\/wp\/v2\/product_cat?post=198909"},{"taxonomy":"product_tag","embeddable":true,"href":"https:\/\/www.moskito.cz\/fr\/wp-json\/wp\/v2\/product_tag?post=198909"}],"curies":[{"name":"wp","href":"https:\/\/api.w.org\/{rel}","templated":true}]}}