{"id":199357,"date":"2021-05-30T15:38:32","date_gmt":"2021-05-30T14:38:32","guid":{"rendered":"https:\/\/www.moskito.cz\/?post_type=product&#038;p=199357"},"modified":"2025-05-07T10:34:46","modified_gmt":"2025-05-07T09:34:46","slug":"zaviraci-nuz-boker-plus-bonfire-micarta","status":"publish","type":"product","link":"https:\/\/www.moskito.cz\/fr\/produkt\/zaviraci-nuz-boker-plus-bonfire-micarta\/","title":{"rendered":"Zav\u00edrac\u00ed N\u016f\u017e B\u00f6ker Plus Bonfire Micarta"},"content":{"rendered":"<p>Zav\u00edrac\u00ed N\u016f\u017e <strong>B\u00f6ker<\/strong> Plus Bonfire Micarta.<\/p>\n<p>Plnohodnotn\u00fd Boker Plus Bonfire kombinuje klasickou konstrukci kapesn\u00edho no\u017ee s vysoce kvalitn\u00edmi materi\u00e1ly a dokonal\u00fdm zpracov\u00e1n\u00edm. Tradi\u010dn\u00ed vzhled d\u00e1le zd\u016fraz\u0148uj\u00ed \u00fahledn\u011b vybaven\u00e9 stupnice rukojeti vyroben\u00e9 z odoln\u00e9 pl\u00e1t\u011bn\u00e9 micarty a kr\u00e1tk\u00e9 \u010delisti z nerezov\u00e9 oceli. P\u016fsobiv\u00e1 \u010depel z D2 m\u00e1 jemn\u00fd sat\u00e9nov\u00fd povrch a otev\u00edr\u00e1 se pomoc\u00ed h\u0159eb\u00edku nebo p\u0159edn\u00edho ploutve. Stabiln\u00ed z\u00e1mek vlo\u017eky p\u0159eb\u00edr\u00e1 zamyk\u00e1n\u00ed. S praktick\u00fdm klipem pro hlubok\u00e9 p\u0159en\u00e1\u0161en\u00ed (sklopen\u00ed \/ r). Dod\u00e1v\u00e1no ve vysoce kvalitn\u00edm nylonov\u00e9m pouzd\u0159e pro no\u0161en\u00ed.<\/p>\n<p>Celkov\u00e1 d\u00e9lka: 20,80 cm<br \/>\nD\u00e9lka \u010depele: 8,70 cm<br \/>\nTlou\u0161\u0165ka \u010depele: 2,80 mm<br \/>\nHmotnost: 114,00 g<br \/>\nMateri\u00e1l \u010depele:D2<br \/>\nMateri\u00e1l rukojet i:Micarta<br \/>\nOtev\u00edrac\u00ed: Ru\u010dn\u011b<br \/>\nBarva: hn\u011bd\u00fd<br \/>\nBarva \u010depele: Bez povrchov\u00e9 \u00fapravy<\/p>\n<p>&nbsp;<\/p>\n","protected":false},"excerpt":{"rendered":"<p>Zav\u00edrac\u00ed n\u016f\u017e s klipem a pojistkou.<\/p>\n","protected":false},"featured_media":199358,"comment_status":"open","ping_status":"closed","template":"","meta":[],"pwb-brand":[140],"product_brand":[],"product_cat":[22,17],"product_tag":[],"class_list":{"0":"post-199357","1":"product","2":"type-product","3":"status-publish","4":"has-post-thumbnail","6":"pwb-brand-boker","7":"product_cat-zaviraci-noze","8":"product_cat-noze","10":"first","11":"instock","12":"taxable","13":"shipping-taxable","14":"purchasable","15":"product-type-simple"},"brands":[{"id":140,"name":"Boker","slug":"boker"}],"_links":{"self":[{"href":"https:\/\/www.moskito.cz\/fr\/wp-json\/wp\/v2\/product\/199357","targetHints":{"allow":["GET"]}}],"collection":[{"href":"https:\/\/www.moskito.cz\/fr\/wp-json\/wp\/v2\/product"}],"about":[{"href":"https:\/\/www.moskito.cz\/fr\/wp-json\/wp\/v2\/types\/product"}],"replies":[{"embeddable":true,"href":"https:\/\/www.moskito.cz\/fr\/wp-json\/wp\/v2\/comments?post=199357"}],"wp:featuredmedia":[{"embeddable":true,"href":"https:\/\/www.moskito.cz\/fr\/wp-json\/wp\/v2\/media\/199358"}],"wp:attachment":[{"href":"https:\/\/www.moskito.cz\/fr\/wp-json\/wp\/v2\/media?parent=199357"}],"wp:term":[{"taxonomy":"pwb-brand","embeddable":true,"href":"https:\/\/www.moskito.cz\/fr\/wp-json\/wp\/v2\/pwb-brand?post=199357"},{"taxonomy":"product_brand","embeddable":true,"href":"https:\/\/www.moskito.cz\/fr\/wp-json\/wp\/v2\/product_brand?post=199357"},{"taxonomy":"product_cat","embeddable":true,"href":"https:\/\/www.moskito.cz\/fr\/wp-json\/wp\/v2\/product_cat?post=199357"},{"taxonomy":"product_tag","embeddable":true,"href":"https:\/\/www.moskito.cz\/fr\/wp-json\/wp\/v2\/product_tag?post=199357"}],"curies":[{"name":"wp","href":"https:\/\/api.w.org\/{rel}","templated":true}]}}