{"id":201372,"date":"2021-07-29T20:55:52","date_gmt":"2021-07-29T19:55:52","guid":{"rendered":"https:\/\/www.moskito.cz\/?post_type=product&#038;p=201372"},"modified":"2025-05-07T10:35:08","modified_gmt":"2025-05-07T09:35:08","slug":"zaviraci-nuz-crkt-endorser-2","status":"publish","type":"product","link":"https:\/\/www.moskito.cz\/fr\/produkt\/zaviraci-nuz-crkt-endorser-2\/","title":{"rendered":"Zav\u00edrac\u00ed N\u016f\u017e CRKT ENDORSER 1105K"},"content":{"rendered":"<div class=\"flex-1 overflow-hidden @container\/thread\">\n<div class=\"h-full\">\n<div class=\"react-scroll-to-bottom--css-vxybp-79elbk h-full\">\n<div class=\"react-scroll-to-bottom--css-vxybp-1n7m0yu\">\n<div class=\"flex flex-col text-sm md:pb-9\">\n<article class=\"w-full scroll-mb-[var(--thread-trailing-height,150px)] text-token-text-primary focus-visible:outline-2 focus-visible:outline-offset-[-4px]\" dir=\"auto\" data-testid=\"conversation-turn-469\" data-scroll-anchor=\"true\">\n<div class=\"m-auto text-base py-[18px] px-3 md:px-4 w-full md:px-5 lg:px-4 xl:px-5\">\n<div class=\"mx-auto flex flex-1 gap-4 text-base md:gap-5 lg:gap-6 md:max-w-3xl\">\n<div class=\"group\/conversation-turn relative flex w-full min-w-0 flex-col agent-turn\">\n<div class=\"flex-col gap-1 md:gap-3\">\n<div class=\"flex max-w-full flex-col flex-grow\">\n<div class=\"min-h-8 text-message flex w-full flex-col items-end gap-2 whitespace-normal break-words text-start [.text-message+&amp;]:mt-5\" dir=\"auto\" data-message-author-role=\"assistant\" data-message-id=\"61c7b46c-b237-42ab-9d1f-19ad0f5b0563\" data-message-model-slug=\"gpt-4o-mini\">\n<div class=\"flex w-full flex-col gap-1 empty:hidden first:pt-[3px]\">\n<div class=\"markdown prose w-full break-words dark:prose-invert light\">\n<h3><strong>Zav\u00edrac\u00ed N\u016f\u017e CRKT ENDORSER 1105K<\/strong><\/h3>\n<p><strong>Navrhl:<\/strong> CRKT Design Team<br \/>\n<strong>Styl:<\/strong> Asistovan\u00fd skl\u00e1dac\u00ed n\u016f\u017e s Liner Lock<\/p>\n<p><strong>CRKT Endorser 1105K<\/strong> je no\u017eem, kter\u00fd kombinuje <strong>solidn\u00ed design<\/strong> a <strong>vysokou funk\u010dnost<\/strong> pro nad\u0161ence no\u017e\u016f, kte\u0159\u00ed hledaj\u00ed <strong>praktick\u00fd, spolehliv\u00fd a efektivn\u00ed n\u00e1stroj<\/strong> pro ka\u017edodenn\u00ed pou\u017eit\u00ed. Tento model je ide\u00e1ln\u00ed pro ty, kte\u0159\u00ed ocen\u00ed <strong>jednoduchost, s\u00edlu a vysok\u00fd v\u00fdkon<\/strong> ve sv\u00e9 v\u00fdbav\u011b. D\u00edky propracovan\u00e9mu designu a patentovan\u00e9mu syst\u00e9mu asistovan\u00e9ho otev\u00edr\u00e1n\u00ed je <strong>Endorser<\/strong> perfektn\u00ed pro rychl\u00e9 a efektivn\u00ed pou\u017eit\u00ed.<\/p>\n<h3><strong>Hlavn\u00ed vlastnosti a v\u00fdhody:<\/strong><\/h3>\n<h4>1. <strong>Kvalitn\u00ed \u010depel z oceli 8Cr14MoV:<\/strong><\/h4>\n<ul>\n<li><strong>Ocel 8Cr14MoV<\/strong> je <strong>vysoce odoln\u00e1 v\u016f\u010di opot\u0159eben\u00ed<\/strong>, udr\u017euje ost\u0159\u00ed a z\u00e1rove\u0148 je <strong>snadno ost\u0159iteln\u00e1<\/strong>, co\u017e je ide\u00e1ln\u00ed pro <strong>ka\u017edodenn\u00ed \u00fakoly<\/strong>. D\u00edky t\u00e9to oceli je \u010depel <strong>vysokov\u00fdkonn\u00e1<\/strong>, ale z\u00e1rove\u0148 snadn\u00e1 na \u00fadr\u017ebu.<\/li>\n<\/ul>\n<h4>2. <strong>Design \u010depele s poklesov\u00fdm hrotem:<\/strong><\/h4>\n<ul>\n<li><strong>Poklesov\u00fd hrot<\/strong> umo\u017e\u0148uje lep\u0161\u00ed kontrolu p\u0159i <strong>precizn\u00edm \u0159ez\u00e1n\u00ed<\/strong> a je ide\u00e1ln\u00ed pro <strong>detailn\u00ed pr\u00e1ci<\/strong>, ale i pro b\u011b\u017en\u00e9 \u00fakoly, jako je \u0159ez\u00e1n\u00ed provazu, otv\u00edr\u00e1n\u00ed bal\u00edk\u016f nebo jin\u00e9 v\u0161estrann\u00e9 \u010dinnosti.<\/li>\n<\/ul>\n<h4>3. <strong>Asistovan\u00e9 otev\u00edr\u00e1n\u00ed a patentovan\u00fd Fire Safe\u00ae otv\u00edr\u00e1k:<\/strong><\/h4>\n<ul>\n<li><strong>Fire Safe\u00ae otv\u00edr\u00e1k<\/strong> zaji\u0161\u0165uje, \u017ee \u010depel je <strong>pevn\u011b uzam\u010dena<\/strong>, dokud ji pot\u0159ebujete. Tento syst\u00e9m chr\u00e1n\u00ed \u010depel v zav\u0159en\u00e9 pozici, \u010d\u00edm\u017e zaji\u0161\u0165uje bezpe\u010dnost b\u011bhem no\u0161en\u00ed.<\/li>\n<li><strong>Outburst\u00ae asistovan\u00e9 otev\u00edr\u00e1n\u00ed<\/strong> umo\u017e\u0148uje <strong>extr\u00e9mn\u011b rychl\u00e9<\/strong> a <strong>plynul\u00e9 otev\u0159en\u00ed<\/strong> \u010depele, co\u017e znamen\u00e1, \u017ee budete p\u0159ipraveni k pou\u017eit\u00ed s minim\u00e1ln\u00edm \u00fasil\u00edm.<\/li>\n<\/ul>\n<h4>4. <strong>Ergonomick\u00e1 rukoje\u0165 z G10:<\/strong><\/h4>\n<ul>\n<li><strong>Rukoje\u0165 G10<\/strong> je velmi odoln\u00e1, lehk\u00e1 a <strong>ergonomick\u00e1<\/strong>, co\u017e poskytuje <strong>pohodl\u00ed a skv\u011blou p\u0159ilnavost<\/strong>, a to i za mokra nebo v n\u00e1ro\u010dn\u00fdch podm\u00ednk\u00e1ch.<\/li>\n<li><strong>Vlo\u017eky z \u010dern\u011bn\u00e9 nerezov\u00e9 oceli<\/strong> dod\u00e1vaj\u00ed rukojeti nejen <strong>estetiku<\/strong>, ale i <strong>dodate\u010dnou pevnost<\/strong>.<\/li>\n<\/ul>\n<h4>5. <strong>Liner Lock zaji\u0161\u0165uje bezpe\u010dn\u00e9 uzam\u010den\u00ed:<\/strong><\/h4>\n<ul>\n<li><strong>Liner Lock<\/strong> syst\u00e9m <strong>zajist\u00ed pevn\u00e9 a bezpe\u010dn\u00e9 uzam\u010den\u00ed<\/strong> \u010depele v otev\u0159en\u00e9 pozici, \u010d\u00edm\u017e eliminuje riziko n\u00e1hodn\u00e9ho zav\u0159en\u00ed b\u011bhem pou\u017e\u00edv\u00e1n\u00ed.<\/li>\n<\/ul>\n<h4>6. <strong>Kompaktn\u00ed a praktick\u00fd design:<\/strong><\/h4>\n<ul>\n<li><strong>D\u00e9lka \u010depele:<\/strong> 3,18&Prime; (80,77 mm)<\/li>\n<li><strong>Celkov\u00e1 d\u00e9lka:<\/strong> 7,31&Prime; (185,67 mm)<\/li>\n<li><strong>Zav\u0159en\u00e1 d\u00e9lka:<\/strong> 4,17&Prime; (105,92 mm)<\/li>\n<li><strong>Hmotnost:<\/strong> 3,20 oz. (90,72 g)<\/li>\n<li>Tento n\u016f\u017e m\u00e1 ide\u00e1ln\u00ed <strong>velikost pro ka\u017edodenn\u00ed no\u0161en\u00ed (EDC)<\/strong> a snadno se vejde do kapsy nebo na opasek, p\u0159i\u010dem\u017e je dostate\u010dn\u011b robustn\u00ed pro b\u011b\u017en\u00e9 \u00fakoly.<\/li>\n<\/ul>\n<h3><strong>Specifikace:<\/strong><\/h3>\n<ul>\n<li><strong>D\u00e9lka \u010depele:<\/strong> 3,18&Prime; (80,77 mm)<\/li>\n<li><strong>Ost\u0159\u00ed \u010depele:<\/strong> Prost\u00fd (Plain Edge)<\/li>\n<li><strong>\u010cepel ocel:<\/strong> 8Cr14MoV<\/li>\n<li><strong>Povrchov\u00e1 \u00faprava \u010depele:<\/strong> Sat\u00e9n<\/li>\n<li><strong>Tlou\u0161\u0165ka \u010depele:<\/strong> 0,10&Prime; (2,54 mm)<\/li>\n<li><strong>Celkov\u00e1 d\u00e9lka:<\/strong> 7,31&Prime; (185,67 mm)<\/li>\n<li><strong>Zav\u0159en\u00e1 d\u00e9lka:<\/strong> 4,17&Prime; (105,92 mm)<\/li>\n<li><strong>Hmotnost:<\/strong> 3,20 oz. (90,72 g)<\/li>\n<li><strong>Rukoje\u0165:<\/strong> G10 s vlo\u017ekami z \u010dern\u011bn\u00e9 nerezov\u00e9 oceli<\/li>\n<li><strong>Styl:<\/strong> Asistovan\u00fd skl\u00e1dac\u00ed n\u016f\u017e s Liner Lock<\/li>\n<\/ul>\n<h3><strong>Vyu\u017eit\u00ed:<\/strong><\/h3>\n<ul>\n<li><strong>Ka\u017edodenn\u00ed no\u0161en\u00ed (EDC):<\/strong> Endorser je ide\u00e1ln\u00ed pro <strong>b\u011b\u017en\u00e9 \u00fakoly<\/strong> a ka\u017edodenn\u00ed pr\u00e1ci, jako je \u0159ez\u00e1n\u00ed provazu, otev\u00edr\u00e1n\u00ed bal\u00ed\u010dk\u016f nebo krabic, stejn\u011b jako pro <strong>r\u016fzn\u00e9 outdoorov\u00e9 aktivity<\/strong>.<\/li>\n<li><strong>Nouzov\u00e9 pou\u017eit\u00ed:<\/strong> I p\u0159es svou kompaktn\u00ed velikost nab\u00edz\u00ed Endorser dostate\u010dnou <strong>pevnost<\/strong> a <strong>spolehlivost<\/strong>, co\u017e z n\u011bj \u010din\u00ed ide\u00e1ln\u00ed volbu pro <strong>nouzov\u00e9 situace<\/strong>.<\/li>\n<li><strong>V\u0161estrann\u00e9 \u0159ez\u00e1n\u00ed:<\/strong> A\u0165 u\u017e jde o <strong>krabice<\/strong>, <strong>ob\u00e1lky<\/strong> nebo <strong>pr\u016fmyslov\u00e9 materi\u00e1ly<\/strong>, Endorser zvl\u00e1dne v\u0161echny b\u011b\u017en\u00e9 \u00fakoly s lehkost\u00ed.<\/li>\n<\/ul>\n<h3><strong>Z\u00e1v\u011br:<\/strong><\/h3>\n<p><strong>CRKT Endorser 1105K<\/strong> je <strong>spolehliv\u00fd, v\u00fdkonn\u00fd<\/strong> a <strong>efektivn\u00ed<\/strong> n\u016f\u017e, kter\u00fd spl\u0148uje v\u0161echny po\u017eadavky na <strong>ka\u017edodenn\u00ed pou\u017eit\u00ed<\/strong>. D\u00edky <strong>asistovan\u00e9mu otev\u00edr\u00e1n\u00ed, ergonomick\u00e9 rukojeti a kvalitn\u00ed oceli<\/strong> je tento n\u016f\u017e ide\u00e1ln\u00ed volbou pro ka\u017ed\u00e9ho, kdo hled\u00e1 <strong>praktick\u00e9ho a efektivn\u00edho partnera<\/strong> na ka\u017ed\u00fd den. Bez zbyte\u010dn\u00fdch ozdob a s \u010dist\u00fdm designem poskytuje Endorser p\u0159esn\u011b to, co pot\u0159ebujete, kdy\u017e to nejv\u00edce pot\u0159ebujete.<\/p>\n<\/div>\n<\/div>\n<\/div>\n<\/div>\n<div class=\"mb-2 flex gap-3 empty:hidden -ml-2\">\n<div class=\"items-center justify-start rounded-xl p-1 flex\">\n<div class=\"flex items-center\"><\/div>\n<\/div>\n<\/div>\n<div class=\"pr-2 lg:pr-0\"><\/div>\n<\/div>\n<\/div>\n<\/div>\n<\/div>\n<\/article>\n<\/div>\n<\/div>\n<\/div>\n<\/div>\n<\/div>\n<p><iframe title=\"CRKT Endorser Designed by Matthew Lerch\" width=\"800\" height=\"450\" src=\"https:\/\/www.youtube.com\/embed\/2xke7Ebps7A?feature=oembed\" frameborder=\"0\" allow=\"accelerometer; autoplay; clipboard-write; encrypted-media; gyroscope; picture-in-picture; web-share\" referrerpolicy=\"strict-origin-when-cross-origin\" allowfullscreen><\/iframe><\/p>\n","protected":false},"excerpt":{"rendered":"<p><strong>CRKT Endorser 1105K je spolehliv\u00fd, v\u00fdkonn\u00fd a efektivn\u00ed n\u016f\u017e, kter\u00fd spl\u0148uje v\u0161echny po\u017eadavky na ka\u017edodenn\u00ed pou\u017eit\u00ed. D\u00edky asistovan\u00e9mu otev\u00edr\u00e1n\u00ed, ergonomick\u00e9 rukojeti a kvalitn\u00ed oceli je tento n\u016f\u017e ide\u00e1ln\u00ed volbou pro ka\u017ed\u00e9ho, kdo hled\u00e1 praktick\u00e9ho a efektivn\u00edho partnera na ka\u017ed\u00fd den. Bez zbyte\u010dn\u00fdch ozdob a s \u010dist\u00fdm designem poskytuje Endorser p\u0159esn\u011b to, co pot\u0159ebujete, kdy\u017e to nejv\u00edce pot\u0159ebujete.<\/strong><\/p>\n","protected":false},"featured_media":201373,"comment_status":"open","ping_status":"closed","template":"","meta":[],"pwb-brand":[209],"product_brand":[],"product_cat":[22,17],"product_tag":[3667],"class_list":{"0":"post-201372","1":"product","2":"type-product","3":"status-publish","4":"has-post-thumbnail","6":"pwb-brand-crkt","7":"product_cat-zaviraci-noze","8":"product_cat-noze","9":"product_tag-b2b","11":"first","12":"outofstock","13":"taxable","14":"shipping-taxable","15":"purchasable","16":"product-type-simple"},"brands":[{"id":209,"name":"CRKT","slug":"crkt"}],"_links":{"self":[{"href":"https:\/\/www.moskito.cz\/fr\/wp-json\/wp\/v2\/product\/201372","targetHints":{"allow":["GET"]}}],"collection":[{"href":"https:\/\/www.moskito.cz\/fr\/wp-json\/wp\/v2\/product"}],"about":[{"href":"https:\/\/www.moskito.cz\/fr\/wp-json\/wp\/v2\/types\/product"}],"replies":[{"embeddable":true,"href":"https:\/\/www.moskito.cz\/fr\/wp-json\/wp\/v2\/comments?post=201372"}],"wp:featuredmedia":[{"embeddable":true,"href":"https:\/\/www.moskito.cz\/fr\/wp-json\/wp\/v2\/media\/201373"}],"wp:attachment":[{"href":"https:\/\/www.moskito.cz\/fr\/wp-json\/wp\/v2\/media?parent=201372"}],"wp:term":[{"taxonomy":"pwb-brand","embeddable":true,"href":"https:\/\/www.moskito.cz\/fr\/wp-json\/wp\/v2\/pwb-brand?post=201372"},{"taxonomy":"product_brand","embeddable":true,"href":"https:\/\/www.moskito.cz\/fr\/wp-json\/wp\/v2\/product_brand?post=201372"},{"taxonomy":"product_cat","embeddable":true,"href":"https:\/\/www.moskito.cz\/fr\/wp-json\/wp\/v2\/product_cat?post=201372"},{"taxonomy":"product_tag","embeddable":true,"href":"https:\/\/www.moskito.cz\/fr\/wp-json\/wp\/v2\/product_tag?post=201372"}],"curies":[{"name":"wp","href":"https:\/\/api.w.org\/{rel}","templated":true}]}}