{"id":201376,"date":"2021-07-29T21:02:53","date_gmt":"2021-07-29T20:02:53","guid":{"rendered":"https:\/\/www.moskito.cz\/?post_type=product&#038;p=201376"},"modified":"2025-05-07T10:35:09","modified_gmt":"2025-05-07T09:35:09","slug":"zaviraci-nuz-crkt-heron","status":"publish","type":"product","link":"https:\/\/www.moskito.cz\/fr\/produkt\/zaviraci-nuz-crkt-heron\/","title":{"rendered":"Zav\u00edrac\u00ed N\u016f\u017e CRKT HERON 2440"},"content":{"rendered":"<div class=\"flex-1 overflow-hidden @container\/thread\">\n<div class=\"h-full\">\n<div class=\"react-scroll-to-bottom--css-vxybp-79elbk h-full\">\n<div class=\"react-scroll-to-bottom--css-vxybp-1n7m0yu\">\n<div class=\"flex flex-col text-sm md:pb-9\">\n<article class=\"w-full scroll-mb-[var(--thread-trailing-height,150px)] text-token-text-primary focus-visible:outline-2 focus-visible:outline-offset-[-4px]\" dir=\"auto\" data-testid=\"conversation-turn-467\" data-scroll-anchor=\"true\">\n<div class=\"m-auto text-base py-[18px] px-3 md:px-4 w-full md:px-5 lg:px-4 xl:px-5\">\n<div class=\"mx-auto flex flex-1 gap-4 text-base md:gap-5 lg:gap-6 md:max-w-3xl\">\n<div class=\"group\/conversation-turn relative flex w-full min-w-0 flex-col agent-turn\">\n<div class=\"flex-col gap-1 md:gap-3\">\n<div class=\"flex max-w-full flex-col flex-grow\">\n<div class=\"min-h-8 text-message flex w-full flex-col items-end gap-2 whitespace-normal break-words text-start [.text-message+&amp;]:mt-5\" dir=\"auto\" data-message-author-role=\"assistant\" data-message-id=\"826d2616-4390-4f7d-ae7d-dca7154b804d\" data-message-model-slug=\"gpt-4o-mini\">\n<div class=\"flex w-full flex-col gap-1 empty:hidden first:pt-[3px]\">\n<div class=\"markdown prose w-full break-words dark:prose-invert light\">\n<h3><strong>Zav\u00edrac\u00ed N\u016f\u017e CRKT HERON 2440<\/strong><\/h3>\n<p><strong>Navrhl:<\/strong> Lucas Burnley, Bend, Oregon<br \/>\n<strong>Styl:<\/strong> Skl\u00e1dac\u00ed n\u016f\u017e s r\u00e1mov\u00fdm z\u00e1mkem (Frame Lock)<\/p>\n<p>N\u016f\u017e <strong>CRKT Heron 2440<\/strong> je uk\u00e1zkou preciznosti a elegance v kombinaci s <strong>funk\u010dnost\u00ed<\/strong> a <strong>odolnost\u00ed<\/strong>, ide\u00e1ln\u00ed pro ka\u017edodenn\u00ed no\u0161en\u00ed. Lucas Burnley, zn\u00e1m\u00fd sv\u00fdmi designy, se postaral o to, aby tento n\u016f\u017e byl nejen <strong>vizu\u00e1ln\u011b p\u0159ita\u017eliv\u00fd<\/strong>, ale tak\u00e9 <strong>vysokov\u00fdkonn\u00fd<\/strong> v ka\u017edodenn\u00edm pou\u017eit\u00ed. S jeho estetick\u00fdmi detaily, v\u010detn\u011b <strong>uhl\u00edkov\u00fdch vl\u00e1ken<\/strong>, a kvalitn\u00edmi materi\u00e1ly, p\u0159edstavuje Heron ide\u00e1ln\u00ed n\u00e1stroj pro v\u0161echny, kte\u0159\u00ed hledaj\u00ed <strong>stylov\u00fd<\/strong> a <strong>spolehliv\u00fd<\/strong> zav\u00edrac\u00ed n\u016f\u017e.<\/p>\n<h3><strong>Hlavn\u00ed vlastnosti a v\u00fdhody:<\/strong><\/h3>\n<h4>1. <strong>Kvalitn\u00ed \u010depel z oceli 8Cr14MoV:<\/strong><\/h4>\n<ul>\n<li><strong>\u010cepel oceli 8Cr14MoV<\/strong> je vysoce odoln\u00e1 v\u016f\u010di opot\u0159eben\u00ed a <strong>dob\u0159e dr\u017e\u00ed ost\u0159\u00ed<\/strong>. Tento materi\u00e1l je zn\u00e1m\u00fd pro <strong>snadn\u00e9 ost\u0159en\u00ed<\/strong> a nab\u00edz\u00ed <strong>dobrou kombinaci tvrdosti a odolnosti<\/strong>. Je ide\u00e1ln\u00ed pro ka\u017edodenn\u00ed no\u0161en\u00ed, kde je t\u0159eba <strong>rychl\u00e9 a efektivn\u00ed \u0159ez\u00e1n\u00ed<\/strong>.<\/li>\n<\/ul>\n<h4>2. <strong>Stonewash dokon\u010den\u00ed \u010depele:<\/strong><\/h4>\n<ul>\n<li><strong>Stonewash<\/strong> finish d\u00e1v\u00e1 \u010depeli <strong>odolnost v\u016f\u010di korozi<\/strong> a <strong>hezk\u00fd opot\u0159ebovan\u00fd vzhled<\/strong>, kter\u00fd se \u010dasem nezhor\u0161uje. Tento proces nejen vylep\u0161uje vzhled, ale tak\u00e9 <strong>minimalizuje viditeln\u00e9 \u0161kr\u00e1bance<\/strong> a zachov\u00e1v\u00e1 n\u016f\u017e v dobr\u00e9m stavu p\u0159i ka\u017edodenn\u00edm pou\u017eit\u00ed.<\/li>\n<\/ul>\n<h4>3. <strong>Rukoje\u0165 z G10 a uhl\u00edkov\u00fdch vl\u00e1ken:<\/strong><\/h4>\n<ul>\n<li><strong>Rukoje\u0165 z G10<\/strong> je <strong>pevn\u00e1<\/strong>, <strong>lehk\u00e1<\/strong> a <strong>odoln\u00e1 proti n\u00e1raz\u016fm<\/strong>. Kombinace s vrstvou <strong>uhl\u00edkov\u00fdch vl\u00e1ken<\/strong> p\u0159in\u00e1\u0161\u00ed <strong>vysokou pevnost<\/strong> a z\u00e1rove\u0148 <strong>n\u00edzkou hmotnost<\/strong>. Tento materi\u00e1l poskytuje <strong>skv\u011blou p\u0159ilnavost<\/strong>, a to i za mokra nebo v n\u00e1ro\u010dn\u00fdch podm\u00ednk\u00e1ch.<\/li>\n<\/ul>\n<h4>4. <strong>R\u00e1mov\u00fd z\u00e1mek (Frame Lock):<\/strong><\/h4>\n<ul>\n<li><strong>R\u00e1mov\u00fd z\u00e1mek<\/strong> nab\u00edz\u00ed <strong>skv\u011blou bezpe\u010dnost<\/strong> t\u00edm, \u017ee vyu\u017e\u00edv\u00e1 <strong>silnou zaji\u0161\u0165ovac\u00ed ty\u010d<\/strong> pro stabiln\u00ed uzam\u010den\u00ed \u010depele v otev\u0159en\u00e9 pozici. Tento syst\u00e9m je zn\u00e1m\u00fd svou <strong>spolehlivost\u00ed a jednoduchost\u00ed<\/strong>. <strong>Snadn\u00e9 otev\u00edr\u00e1n\u00ed<\/strong> s <strong>otvorem pro palec<\/strong> zaji\u0161\u0165uje, \u017ee \u010depel lze otev\u0159\u00edt <strong>jednou rukou<\/strong> s rychl\u00fdm a plynul\u00fdm pohybem.<\/li>\n<\/ul>\n<h4>5. <strong>Kompaktn\u00ed a vyv\u00e1\u017een\u00fd design:<\/strong><\/h4>\n<ul>\n<li><strong>D\u00e9lka \u010depele:<\/strong> 2,93&Prime; (74,32 mm)<\/li>\n<li><strong>Celkov\u00e1 d\u00e9lka:<\/strong> 6,94&Prime; (176,23 mm)<\/li>\n<li><strong>Zav\u0159en\u00e1 d\u00e9lka:<\/strong> 4,09&Prime; (103,89 mm)<\/li>\n<li><strong>Hmotnost:<\/strong> 3,80 oz. (107,73 g)<\/li>\n<li>Tento n\u016f\u017e je dostate\u010dn\u011b <strong>kompaktn\u00ed<\/strong> pro ka\u017edodenn\u00ed no\u0161en\u00ed, ale z\u00e1rove\u0148 dost siln\u00fd, aby zvl\u00e1dl b\u011b\u017en\u00e9 \u00fakoly jako <strong>otev\u00edr\u00e1n\u00ed bal\u00ed\u010dk\u016f, \u0159ez\u00e1n\u00ed provazu nebo jin\u00fdch materi\u00e1l\u016f<\/strong>.<\/li>\n<\/ul>\n<h4>6. <strong>Diskr\u00e9tn\u00ed no\u0161en\u00ed:<\/strong><\/h4>\n<ul>\n<li><strong>N\u00edzk\u00fd profil a tenk\u00e1 rukoje\u0165<\/strong> zaji\u0161\u0165uj\u00ed, \u017ee tento n\u016f\u017e je ide\u00e1ln\u00ed pro <strong>diskr\u00e9tn\u00ed no\u0161en\u00ed<\/strong> v kapse. S n\u00edzkoprofilov\u00fdm designem bude tento n\u016f\u017e pohodln\u00fd v kapse, ani\u017e by zab\u00edral p\u0159\u00edli\u0161 m\u00edsta.<\/li>\n<\/ul>\n<h3><strong>Specifikace:<\/strong><\/h3>\n<ul>\n<li><strong>D\u00e9lka \u010depele:<\/strong> 2,93&Prime; (74,32 mm)<\/li>\n<li><strong>Edge:<\/strong> Plain<\/li>\n<li><strong>\u010cepel ocel:<\/strong> 8Cr14MoV<\/li>\n<li><strong>Dokon\u010den\u00ed \u010depele:<\/strong> Stonewash<\/li>\n<li><strong>Tlou\u0161\u0165ka \u010depele:<\/strong> 0,76&Prime; (3,76 mm)<\/li>\n<li><strong>Celkov\u00e1 d\u00e9lka:<\/strong> 6,94&Prime; (176,23 mm)<\/li>\n<li><strong>Zav\u0159en\u00e1 d\u00e9lka:<\/strong> 4,09&Prime; (103,89 mm)<\/li>\n<li><strong>Hmotnost:<\/strong> 3,80 oz. (107,73 g)<\/li>\n<li><strong>Rukoje\u0165:<\/strong> P\u0159edn\u00ed strana \u2013 Jednovrstv\u00e1 \u010dern\u00e1 CF s p\u00e1lenou z\u00e1kladnou G10; Zp\u011bt \u2013 2Cr13 SS; \u010cern\u00fd kamenn\u00fd povlak<\/li>\n<li><strong>Styl:<\/strong> Skl\u00e1dac\u00ed n\u016f\u017e s r\u00e1mov\u00fdm z\u00e1mkem<\/li>\n<\/ul>\n<h3><strong>Vyu\u017eit\u00ed:<\/strong><\/h3>\n<ul>\n<li><strong>Ka\u017edodenn\u00ed no\u0161en\u00ed (EDC):<\/strong> Tento n\u016f\u017e je <strong>kompaktn\u00ed<\/strong> a <strong>praktick\u00fd<\/strong>, ide\u00e1ln\u00ed pro ka\u017edodenn\u00ed \u00fakoly, jako je \u0159ez\u00e1n\u00ed bal\u00edc\u00edho materi\u00e1lu, otev\u00edr\u00e1n\u00ed ob\u00e1lek nebo dal\u0161\u00ed drobn\u00e9 \u010dinnosti.<\/li>\n<li><strong>Kempov\u00e1n\u00ed a outdoor:<\/strong> Vzhledem k jeho <strong>n\u00edzk\u00e9 hmotnosti a siln\u00e9 konstrukci<\/strong> je skv\u011bl\u00fdm n\u00e1strojem pro outdoorov\u00e9 aktivity.<\/li>\n<li><strong>Nouzov\u00e9 pou\u017eit\u00ed:<\/strong> I kdy\u017e je men\u0161\u00ed, nab\u00edz\u00ed <strong>dostate\u010dnou odolnost<\/strong> pro nouzov\u00e9 situace, kde je t\u0159eba rychle a efektivn\u011b prov\u00e9st \u0159ez\u00e1n\u00ed nebo sek\u00e1n\u00ed.<\/li>\n<\/ul>\n<h3><strong>Z\u00e1v\u011br:<\/strong><\/h3>\n<p><strong>CRKT Heron 2440<\/strong> je ide\u00e1ln\u00ed pro ty, kte\u0159\u00ed hledaj\u00ed <strong>stylov\u00fd, kompaktn\u00ed a spolehliv\u00fd n\u016f\u017e<\/strong> pro ka\u017edodenn\u00ed pou\u017eit\u00ed. S <strong>vysok\u00fdm v\u00fdkonem<\/strong> a <strong>elegantn\u00edm designem<\/strong> nab\u00edz\u00ed dokonalou kombinaci <strong>funk\u010dnosti a estetiky<\/strong>. Tento n\u016f\u017e je vysoce kvalitn\u00ed, snadno p\u0159enosn\u00fd a m\u00e1 <strong>skv\u011bl\u00e9 vlastnosti pro ka\u017edodenn\u00ed no\u0161en\u00ed<\/strong> i pro r\u016fzn\u00e9 outdoorov\u00e9 a nouzov\u00e9 situace.<\/p>\n<\/div>\n<\/div>\n<\/div>\n<\/div>\n<div class=\"mb-2 flex gap-3 empty:hidden -ml-2\">\n<div class=\"items-center justify-start rounded-xl p-1 flex\">\n<div class=\"flex items-center\"><\/div>\n<\/div>\n<\/div>\n<div class=\"pr-2 lg:pr-0\"><\/div>\n<\/div>\n<\/div>\n<\/div>\n<\/div>\n<\/article>\n<\/div>\n<\/div>\n<\/div>\n<\/div>\n<\/div>\n","protected":false},"excerpt":{"rendered":"<div class=\"flex max-w-full flex-col flex-grow\">\n<div class=\"min-h-8 text-message flex w-full flex-col items-end gap-2 whitespace-normal break-words text-start [.text-message+&amp;]:mt-5\" dir=\"auto\" data-message-author-role=\"assistant\" data-message-id=\"826d2616-4390-4f7d-ae7d-dca7154b804d\" data-message-model-slug=\"gpt-4o-mini\">\n<div class=\"flex w-full flex-col gap-1 empty:hidden first:pt-[3px]\">\n<div class=\"markdown prose w-full break-words dark:prose-invert light\">\n<p><strong>CRKT Heron 2440 je ide\u00e1ln\u00ed pro ty, kte\u0159\u00ed hledaj\u00ed stylov\u00fd, kompaktn\u00ed a spolehliv\u00fd n\u016f\u017e pro ka\u017edodenn\u00ed pou\u017eit\u00ed. S vysok\u00fdm v\u00fdkonem a elegantn\u00edm designem nab\u00edz\u00ed dokonalou kombinaci funk\u010dnosti a estetiky. Tento n\u016f\u017e je vysoce kvalitn\u00ed, snadno p\u0159enosn\u00fd a m\u00e1 skv\u011bl\u00e9 vlastnosti pro ka\u017edodenn\u00ed no\u0161en\u00ed i pro r\u016fzn\u00e9 outdoorov\u00e9 a nouzov\u00e9 situace.<\/strong><\/p>\n<\/div>\n<\/div>\n<\/div>\n<\/div>\n<div class=\"mb-2 flex gap-3 empty:hidden -ml-2\">\n<div class=\"items-center justify-start rounded-xl p-1 flex\">\n<div class=\"flex items-center\"><\/div>\n<\/div>\n<\/div>\n","protected":false},"featured_media":201377,"comment_status":"open","ping_status":"closed","template":"","meta":[],"pwb-brand":[209],"product_brand":[],"product_cat":[22,17],"product_tag":[3667],"class_list":{"0":"post-201376","1":"product","2":"type-product","3":"status-publish","4":"has-post-thumbnail","6":"pwb-brand-crkt","7":"product_cat-zaviraci-noze","8":"product_cat-noze","9":"product_tag-b2b","11":"first","12":"instock","13":"taxable","14":"shipping-taxable","15":"purchasable","16":"product-type-simple"},"brands":[{"id":209,"name":"CRKT","slug":"crkt"}],"_links":{"self":[{"href":"https:\/\/www.moskito.cz\/fr\/wp-json\/wp\/v2\/product\/201376","targetHints":{"allow":["GET"]}}],"collection":[{"href":"https:\/\/www.moskito.cz\/fr\/wp-json\/wp\/v2\/product"}],"about":[{"href":"https:\/\/www.moskito.cz\/fr\/wp-json\/wp\/v2\/types\/product"}],"replies":[{"embeddable":true,"href":"https:\/\/www.moskito.cz\/fr\/wp-json\/wp\/v2\/comments?post=201376"}],"wp:featuredmedia":[{"embeddable":true,"href":"https:\/\/www.moskito.cz\/fr\/wp-json\/wp\/v2\/media\/201377"}],"wp:attachment":[{"href":"https:\/\/www.moskito.cz\/fr\/wp-json\/wp\/v2\/media?parent=201376"}],"wp:term":[{"taxonomy":"pwb-brand","embeddable":true,"href":"https:\/\/www.moskito.cz\/fr\/wp-json\/wp\/v2\/pwb-brand?post=201376"},{"taxonomy":"product_brand","embeddable":true,"href":"https:\/\/www.moskito.cz\/fr\/wp-json\/wp\/v2\/product_brand?post=201376"},{"taxonomy":"product_cat","embeddable":true,"href":"https:\/\/www.moskito.cz\/fr\/wp-json\/wp\/v2\/product_cat?post=201376"},{"taxonomy":"product_tag","embeddable":true,"href":"https:\/\/www.moskito.cz\/fr\/wp-json\/wp\/v2\/product_tag?post=201376"}],"curies":[{"name":"wp","href":"https:\/\/api.w.org\/{rel}","templated":true}]}}