{"id":201748,"date":"2021-08-02T20:53:08","date_gmt":"2021-08-02T19:53:08","guid":{"rendered":"https:\/\/www.moskito.cz\/?post_type=product&#038;p=201748"},"modified":"2026-02-28T13:03:50","modified_gmt":"2026-02-28T12:03:50","slug":"pevny-nuz-mtech-xtreme-tactical-fighter","status":"publish","type":"product","link":"https:\/\/www.moskito.cz\/fr\/produkt\/pevny-nuz-mtech-xtreme-tactical-fighter\/","title":{"rendered":"Pevn\u00fd N\u016f\u017e MTech Xtreme Tactical Fighter"},"content":{"rendered":"<p>Pevn\u00fd N\u016f\u017e <strong>MTech Xtreme<\/strong> Tactical Fighter.<\/p>\n<p>\u00b7 Hmotnost no\u017ee: 370 g<\/p>\n<p>\u00b7 D\u00e9lka no\u017ee: 280 mm<\/p>\n<p>\u00b7 D\u00e9lka \u010depele: 150 mm<\/p>\n<p>\u00b7 Ocel: 440<\/p>\n<p>\u00b7 Tvrdost: HRC<\/p>\n<p>\u00b7 Materi\u00e1l st\u0159enky: G-10<\/p>\n<p>\u00b7 Materi\u00e1l st\u0159enky: nylon<\/p>\n<p>Sou\u010d\u00e1st\u00ed je \u010dern\u00e9 nylonov\u00e9 pouzdro.<\/p>\n","protected":false},"excerpt":{"rendered":"<p>Pevn\u00fd n\u016f\u017e s pouzdrem.<\/p>\n","protected":false},"featured_media":201752,"comment_status":"open","ping_status":"closed","template":"","meta":[],"pwb-brand":[458],"product_brand":[],"product_cat":[23,17],"product_tag":[],"class_list":{"0":"post-201748","1":"product","2":"type-product","3":"status-publish","4":"has-post-thumbnail","6":"pwb-brand-mtech-xtreme","7":"product_cat-pevne-noze","8":"product_cat-noze","10":"first","11":"outofstock","12":"taxable","13":"shipping-taxable","14":"purchasable","15":"product-type-simple"},"brands":[{"id":458,"name":"MTech Xtreme","slug":"mtech-xtreme"}],"_links":{"self":[{"href":"https:\/\/www.moskito.cz\/fr\/wp-json\/wp\/v2\/product\/201748","targetHints":{"allow":["GET"]}}],"collection":[{"href":"https:\/\/www.moskito.cz\/fr\/wp-json\/wp\/v2\/product"}],"about":[{"href":"https:\/\/www.moskito.cz\/fr\/wp-json\/wp\/v2\/types\/product"}],"replies":[{"embeddable":true,"href":"https:\/\/www.moskito.cz\/fr\/wp-json\/wp\/v2\/comments?post=201748"}],"wp:featuredmedia":[{"embeddable":true,"href":"https:\/\/www.moskito.cz\/fr\/wp-json\/wp\/v2\/media\/201752"}],"wp:attachment":[{"href":"https:\/\/www.moskito.cz\/fr\/wp-json\/wp\/v2\/media?parent=201748"}],"wp:term":[{"taxonomy":"pwb-brand","embeddable":true,"href":"https:\/\/www.moskito.cz\/fr\/wp-json\/wp\/v2\/pwb-brand?post=201748"},{"taxonomy":"product_brand","embeddable":true,"href":"https:\/\/www.moskito.cz\/fr\/wp-json\/wp\/v2\/product_brand?post=201748"},{"taxonomy":"product_cat","embeddable":true,"href":"https:\/\/www.moskito.cz\/fr\/wp-json\/wp\/v2\/product_cat?post=201748"},{"taxonomy":"product_tag","embeddable":true,"href":"https:\/\/www.moskito.cz\/fr\/wp-json\/wp\/v2\/product_tag?post=201748"}],"curies":[{"name":"wp","href":"https:\/\/api.w.org\/{rel}","templated":true}]}}