{"id":201830,"date":"2021-08-02T22:43:22","date_gmt":"2021-08-02T21:43:22","guid":{"rendered":"https:\/\/www.moskito.cz\/?post_type=product&#038;p=201830"},"modified":"2025-05-07T10:35:16","modified_gmt":"2025-05-07T09:35:16","slug":"pevny-nuz-united-cutlery-combat-commander-gladiator","status":"publish","type":"product","link":"https:\/\/www.moskito.cz\/fr\/produkt\/pevny-nuz-united-cutlery-combat-commander-gladiator\/","title":{"rendered":"Pevn\u00fd N\u016f\u017e United Cutlery Combat Commander Gladiator"},"content":{"rendered":"<p>Pevn\u00fd N\u016f\u017e <strong>United Cutlery<\/strong> Combat Commander Gladiator.<\/p>\n<p>Detail produktu:<\/p>\n<p>\u00b7 Hmotnost no\u017ee: 1065 g<\/p>\n<p>\u00b7 D\u00e9lka no\u017ee: 609,6 mm<\/p>\n<p>\u00b7 D\u00e9lka \u010depele: 422,2 mm<\/p>\n<p>\u00b7 Ocel: 1060 carbon steel<\/p>\n<p>\u00b7 Tvrdost: 58-59 HRC<\/p>\n<p>\u00b7 Materi\u00e1l st\u0159enky: Slip-resistant TPR rubberized<\/p>\n<p>\u00b7 Pouzdro: Reinforced nylon<\/p>\n","protected":false},"excerpt":{"rendered":"<p>Pevn\u00fd n\u016f\u017e s pouzdrem.<\/p>\n","protected":false},"featured_media":201831,"comment_status":"open","ping_status":"closed","template":"","meta":[],"pwb-brand":[657],"product_brand":[],"product_cat":[23,17],"product_tag":[],"class_list":{"0":"post-201830","1":"product","2":"type-product","3":"status-publish","4":"has-post-thumbnail","6":"pwb-brand-united-cutlery","7":"product_cat-pevne-noze","8":"product_cat-noze","10":"first","11":"outofstock","12":"taxable","13":"shipping-taxable","14":"purchasable","15":"product-type-simple"},"brands":[{"id":657,"name":"United Cutlery","slug":"united-cutlery"}],"_links":{"self":[{"href":"https:\/\/www.moskito.cz\/fr\/wp-json\/wp\/v2\/product\/201830","targetHints":{"allow":["GET"]}}],"collection":[{"href":"https:\/\/www.moskito.cz\/fr\/wp-json\/wp\/v2\/product"}],"about":[{"href":"https:\/\/www.moskito.cz\/fr\/wp-json\/wp\/v2\/types\/product"}],"replies":[{"embeddable":true,"href":"https:\/\/www.moskito.cz\/fr\/wp-json\/wp\/v2\/comments?post=201830"}],"wp:featuredmedia":[{"embeddable":true,"href":"https:\/\/www.moskito.cz\/fr\/wp-json\/wp\/v2\/media\/201831"}],"wp:attachment":[{"href":"https:\/\/www.moskito.cz\/fr\/wp-json\/wp\/v2\/media?parent=201830"}],"wp:term":[{"taxonomy":"pwb-brand","embeddable":true,"href":"https:\/\/www.moskito.cz\/fr\/wp-json\/wp\/v2\/pwb-brand?post=201830"},{"taxonomy":"product_brand","embeddable":true,"href":"https:\/\/www.moskito.cz\/fr\/wp-json\/wp\/v2\/product_brand?post=201830"},{"taxonomy":"product_cat","embeddable":true,"href":"https:\/\/www.moskito.cz\/fr\/wp-json\/wp\/v2\/product_cat?post=201830"},{"taxonomy":"product_tag","embeddable":true,"href":"https:\/\/www.moskito.cz\/fr\/wp-json\/wp\/v2\/product_tag?post=201830"}],"curies":[{"name":"wp","href":"https:\/\/api.w.org\/{rel}","templated":true}]}}