{"id":201872,"date":"2021-08-03T20:12:24","date_gmt":"2021-08-03T19:12:24","guid":{"rendered":"https:\/\/www.moskito.cz\/?post_type=product&#038;p=201872"},"modified":"2025-05-07T10:35:17","modified_gmt":"2025-05-07T09:35:17","slug":"tlacna-dyka-united-cutlery-combat-commander-mini-push-pal","status":"publish","type":"product","link":"https:\/\/www.moskito.cz\/fr\/produkt\/tlacna-dyka-united-cutlery-combat-commander-mini-push-pal\/","title":{"rendered":"Tla\u010dn\u00e1 D\u00fdka United Cutlery Combat Commander Mini Push Pal"},"content":{"rendered":"<p>Tla\u010dn\u00e1 D\u00fdka <strong>United Cutlery<\/strong> Combat Commander Mini Push Pal.<\/p>\n<p>Detail produktu:<\/p>\n<p>\u00b7 Hmotnost no\u017ee: 40 g<\/p>\n<p>\u00b7 D\u00e9lka no\u017ee: 76,2 mm<\/p>\n<p>\u00b7 D\u00e9lka \u010depele: 31,75 mm<\/p>\n<p>\u00b7 Ocel: stainless<\/p>\n<p>\u00b7 Materi\u00e1l st\u0159enky: TPR<\/p>\n","protected":false},"excerpt":{"rendered":"<p>Pevn\u00fd n\u016f\u017e s pouzdrem.<\/p>\n","protected":false},"featured_media":201873,"comment_status":"open","ping_status":"closed","template":"","meta":[],"pwb-brand":[657],"product_brand":[],"product_cat":[23,17],"product_tag":[],"class_list":{"0":"post-201872","1":"product","2":"type-product","3":"status-publish","4":"has-post-thumbnail","6":"pwb-brand-united-cutlery","7":"product_cat-pevne-noze","8":"product_cat-noze","10":"first","11":"instock","12":"taxable","13":"shipping-taxable","14":"purchasable","15":"product-type-simple"},"brands":[{"id":657,"name":"United Cutlery","slug":"united-cutlery"}],"_links":{"self":[{"href":"https:\/\/www.moskito.cz\/fr\/wp-json\/wp\/v2\/product\/201872","targetHints":{"allow":["GET"]}}],"collection":[{"href":"https:\/\/www.moskito.cz\/fr\/wp-json\/wp\/v2\/product"}],"about":[{"href":"https:\/\/www.moskito.cz\/fr\/wp-json\/wp\/v2\/types\/product"}],"replies":[{"embeddable":true,"href":"https:\/\/www.moskito.cz\/fr\/wp-json\/wp\/v2\/comments?post=201872"}],"wp:featuredmedia":[{"embeddable":true,"href":"https:\/\/www.moskito.cz\/fr\/wp-json\/wp\/v2\/media\/201873"}],"wp:attachment":[{"href":"https:\/\/www.moskito.cz\/fr\/wp-json\/wp\/v2\/media?parent=201872"}],"wp:term":[{"taxonomy":"pwb-brand","embeddable":true,"href":"https:\/\/www.moskito.cz\/fr\/wp-json\/wp\/v2\/pwb-brand?post=201872"},{"taxonomy":"product_brand","embeddable":true,"href":"https:\/\/www.moskito.cz\/fr\/wp-json\/wp\/v2\/product_brand?post=201872"},{"taxonomy":"product_cat","embeddable":true,"href":"https:\/\/www.moskito.cz\/fr\/wp-json\/wp\/v2\/product_cat?post=201872"},{"taxonomy":"product_tag","embeddable":true,"href":"https:\/\/www.moskito.cz\/fr\/wp-json\/wp\/v2\/product_tag?post=201872"}],"curies":[{"name":"wp","href":"https:\/\/api.w.org\/{rel}","templated":true}]}}