{"id":201946,"date":"2021-08-03T21:36:51","date_gmt":"2021-08-03T20:36:51","guid":{"rendered":"https:\/\/www.moskito.cz\/?post_type=product&#038;p=201946"},"modified":"2025-05-24T15:39:14","modified_gmt":"2025-05-24T14:39:14","slug":"pevny-nuz-united-cutlery-honshu-conqueror-bowie-d2","status":"publish","type":"product","link":"https:\/\/www.moskito.cz\/fr\/produkt\/pevny-nuz-united-cutlery-honshu-conqueror-bowie-d2\/","title":{"rendered":"Pevn\u00fd N\u016f\u017e United Cutlery Honshu Conqueror Bowie D2"},"content":{"rendered":"<p>Pevn\u00fd N\u016f\u017e <strong>United Cutlery<\/strong> Honshu Conqueror Bowie D2.<\/p>\n<p>Detail produktu:<\/p>\n<p>\u00b7 D\u00e9lka \u010depele: 276 mm<\/p>\n<p>\u00b7 Ocel: D2<\/p>\n<p>\u00b7 Tvrdost: 58-59 HRC<\/p>\n<p>\u00b7 Materi\u00e1l st\u0159enky: Black TPR<\/p>\n<p>\u00b7 Pouzdro: Black leather<\/p>\n","protected":false},"excerpt":{"rendered":"<p>Pevn\u00fd n\u016f\u017e s pouzdrem.<\/p>\n","protected":false},"featured_media":201947,"comment_status":"open","ping_status":"closed","template":"","meta":[],"pwb-brand":[657],"product_brand":[],"product_cat":[23,17],"product_tag":[],"class_list":{"0":"post-201946","1":"product","2":"type-product","3":"status-publish","4":"has-post-thumbnail","6":"pwb-brand-united-cutlery","7":"product_cat-pevne-noze","8":"product_cat-noze","10":"first","11":"outofstock","12":"taxable","13":"shipping-taxable","14":"purchasable","15":"product-type-simple"},"brands":[{"id":657,"name":"United Cutlery","slug":"united-cutlery"}],"_links":{"self":[{"href":"https:\/\/www.moskito.cz\/fr\/wp-json\/wp\/v2\/product\/201946","targetHints":{"allow":["GET"]}}],"collection":[{"href":"https:\/\/www.moskito.cz\/fr\/wp-json\/wp\/v2\/product"}],"about":[{"href":"https:\/\/www.moskito.cz\/fr\/wp-json\/wp\/v2\/types\/product"}],"replies":[{"embeddable":true,"href":"https:\/\/www.moskito.cz\/fr\/wp-json\/wp\/v2\/comments?post=201946"}],"wp:featuredmedia":[{"embeddable":true,"href":"https:\/\/www.moskito.cz\/fr\/wp-json\/wp\/v2\/media\/201947"}],"wp:attachment":[{"href":"https:\/\/www.moskito.cz\/fr\/wp-json\/wp\/v2\/media?parent=201946"}],"wp:term":[{"taxonomy":"pwb-brand","embeddable":true,"href":"https:\/\/www.moskito.cz\/fr\/wp-json\/wp\/v2\/pwb-brand?post=201946"},{"taxonomy":"product_brand","embeddable":true,"href":"https:\/\/www.moskito.cz\/fr\/wp-json\/wp\/v2\/product_brand?post=201946"},{"taxonomy":"product_cat","embeddable":true,"href":"https:\/\/www.moskito.cz\/fr\/wp-json\/wp\/v2\/product_cat?post=201946"},{"taxonomy":"product_tag","embeddable":true,"href":"https:\/\/www.moskito.cz\/fr\/wp-json\/wp\/v2\/product_tag?post=201946"}],"curies":[{"name":"wp","href":"https:\/\/api.w.org\/{rel}","templated":true}]}}