{"id":202411,"date":"2021-08-07T22:38:46","date_gmt":"2021-08-07T21:38:46","guid":{"rendered":"https:\/\/www.moskito.cz\/?post_type=product&#038;p=202411"},"modified":"2026-01-31T15:58:06","modified_gmt":"2026-01-31T14:58:06","slug":"pevny-nuz-joker-aguila","status":"publish","type":"product","link":"https:\/\/www.moskito.cz\/fr\/produkt\/pevny-nuz-joker-aguila\/","title":{"rendered":"Pevn\u00fd N\u016f\u017e Joker \u00c1guila"},"content":{"rendered":"<p>Pevn\u00fd N\u016f\u017e <strong>Joker<\/strong> \u00c1guila.<\/p>\n<p>Sportovn\u00ed n\u016f\u017e<strong> Joker Aguila<\/strong> je n\u016f\u017e speci\u00e1ln\u011b navr\u017een\u00fd a navr\u017een\u00fd pro va\u0161e v\u00fdlety do hor, a\u0165 u\u017e jde o lov, bushcraft, p\u0159e\u017eit\u00ed, kempov\u00e1n\u00ed nebo jak\u00fdkoli druh outdoorov\u00fdch aktivit. Tento n\u016f\u017e Joker Aguila je ide\u00e1ln\u00ed, aby v\u00e1m pomohl p\u0159i jak\u00e9mkoli \u00fakolu, kter\u00fd pot\u0159ebujete \u0159ezac\u00ed n\u00e1stroj.<\/p>\n<p>Jedn\u00e1 se o sportovn\u00ed n\u016f\u017e vyroben\u00fd z nerezov\u00e9 oceli 1.4116 Molybden Vanadium s m\u011bkk\u00fdm r\u00fdhov\u00e1n\u00edm na z\u00e1dech, kter\u00fd usnad\u0148uje uchopen\u00ed no\u017ee za ka\u017ed\u00e9 situace. N\u016f\u017e je dod\u00e1v\u00e1n s ko\u017een\u00fdm pouzdrem nejvy\u0161\u0161\u00ed kvality s vypou\u0161t\u011bc\u00edm otvorem ve spodn\u00ed \u010d\u00e1sti. Pokud jde o povrchov\u00e9 \u00fapravy, m\u00e1te je k dispozici v r\u016fzn\u00fdch typech stupnic, jako je olivov\u00fd, jelen\u00ed, palisandr atd.<\/p>\n<p>Ocel: Inox MOVA 1.4116<br \/>\nTvrdost: 55 &#8211; 57 HRC<br \/>\nRukoje\u0165: olivov\u00e1<br \/>\nHrot \u010depele: Drop Point<br \/>\nZoubkovan\u00fd h\u0159bet<br \/>\n\u010cepel se sat\u00e9nov\u00fdm povrchem<br \/>\nD\u00e9lka \u010depele: 10,5 cm<br \/>\n\u0160\u00ed\u0159ka \u010depele: 3 cm<br \/>\nTlou\u0161\u0165ka \u010depele: 3,2 mm<br \/>\nHmotnost no\u017ee: 145 gram\u016f<br \/>\nHmotnost pouzdra: 60 gram\u016f<br \/>\nCelkov\u00e1 hmotnost: 205 gram\u016f<br \/>\nPl\u00e1\u0161\u0165: K\u016f\u017ee, hn\u011bd\u00e1<br \/>\nNavr\u017eeno a vyrobeno ve \u0160pan\u011blsku (Albacete)<\/p>\n<p><strong>Joker<\/strong> \u2013 Jsme sv\u011btov\u011b proslul\u00e1 \u0161pan\u011blsk\u00e1 spole\u010dnost poch\u00e1zej\u00edc\u00ed z m\u011bsta Albacete, uzn\u00e1van\u00e1 po cel\u00e9m sv\u011bt\u011b pro sv\u00e9 dobr\u00e9 \u0159emesln\u00edky a mistrovsk\u00e9 no\u017ee.<\/p>\n<p>Joker pe\u010dliv\u011b vyr\u00e1b\u00ed ka\u017ed\u00fd sv\u016fj kousek ru\u010dn\u011b.<\/p>\n<p>Od sv\u00e9ho zalo\u017een\u00ed v roce 1987 se Joker v\u017edy sna\u017eil spojit tradi\u010dn\u00ed \u0159emeslo s nejmodern\u011bj\u0161\u00edmi technologiemi v ka\u017ed\u00e9m ze sv\u00fdch produkt\u016f.<\/p>\n<p>Spole\u010dnost Joker pokra\u010duje v hrd\u00e9 tradici \u0161pan\u011blsk\u00fdch v\u00fdrobc\u016f mo\u017e\u016f, p\u0159i\u010dem\u017e nab\u00edz\u00ed n\u011bkter\u00e9 z nejlep\u0161\u00edch ost\u0159\u00ed a m\u00e1 jeden z nejv\u011bt\u0161\u00edch sortiment\u016f\u00e9 na planet\u011b<\/p>\n","protected":false},"excerpt":{"rendered":"<p>No\u017ee Joker poch\u00e1zej\u00ed ze \u0160pan\u011blsk\u00e9ho m\u011bsta Albacete, kter\u00e9 je zn\u00e1m\u00e9 tradi\u010dn\u00ed v\u00fdrobou no\u017e\u016f a d\u00fdk.<br \/>\n<strong>Navr\u017eeno a vyrobeno ve \u0160pan\u011blsku (Albacete)<\/strong><\/p>\n<p>&nbsp;<\/p>\n","protected":false},"featured_media":202412,"comment_status":"open","ping_status":"closed","template":"","meta":[],"pwb-brand":[359],"product_brand":[],"product_cat":[23,17],"product_tag":[],"class_list":{"0":"post-202411","1":"product","2":"type-product","3":"status-publish","4":"has-post-thumbnail","6":"pwb-brand-joker","7":"product_cat-pevne-noze","8":"product_cat-noze","10":"first","11":"outofstock","12":"taxable","13":"shipping-taxable","14":"purchasable","15":"product-type-simple"},"brands":[{"id":359,"name":"Joker","slug":"joker"}],"_links":{"self":[{"href":"https:\/\/www.moskito.cz\/fr\/wp-json\/wp\/v2\/product\/202411","targetHints":{"allow":["GET"]}}],"collection":[{"href":"https:\/\/www.moskito.cz\/fr\/wp-json\/wp\/v2\/product"}],"about":[{"href":"https:\/\/www.moskito.cz\/fr\/wp-json\/wp\/v2\/types\/product"}],"replies":[{"embeddable":true,"href":"https:\/\/www.moskito.cz\/fr\/wp-json\/wp\/v2\/comments?post=202411"}],"wp:featuredmedia":[{"embeddable":true,"href":"https:\/\/www.moskito.cz\/fr\/wp-json\/wp\/v2\/media\/202412"}],"wp:attachment":[{"href":"https:\/\/www.moskito.cz\/fr\/wp-json\/wp\/v2\/media?parent=202411"}],"wp:term":[{"taxonomy":"pwb-brand","embeddable":true,"href":"https:\/\/www.moskito.cz\/fr\/wp-json\/wp\/v2\/pwb-brand?post=202411"},{"taxonomy":"product_brand","embeddable":true,"href":"https:\/\/www.moskito.cz\/fr\/wp-json\/wp\/v2\/product_brand?post=202411"},{"taxonomy":"product_cat","embeddable":true,"href":"https:\/\/www.moskito.cz\/fr\/wp-json\/wp\/v2\/product_cat?post=202411"},{"taxonomy":"product_tag","embeddable":true,"href":"https:\/\/www.moskito.cz\/fr\/wp-json\/wp\/v2\/product_tag?post=202411"}],"curies":[{"name":"wp","href":"https:\/\/api.w.org\/{rel}","templated":true}]}}