{"id":203724,"date":"2021-08-17T19:20:49","date_gmt":"2021-08-17T18:20:49","guid":{"rendered":"https:\/\/www.moskito.cz\/?post_type=product&#038;p=203724"},"modified":"2025-05-07T10:35:34","modified_gmt":"2025-05-07T09:35:34","slug":"zaviraci-nuz-civivi-trailblazer-xl-2","status":"publish","type":"product","link":"https:\/\/www.moskito.cz\/fr\/produkt\/zaviraci-nuz-civivi-trailblazer-xl-2\/","title":{"rendered":"Zav\u00edrac\u00ed N\u016f\u017e Civivi Trailblazer XL"},"content":{"rendered":"<p>Zav\u00edrac\u00ed N\u016f\u017e <strong>Civivi<\/strong> Trailblazer XL.<\/p>\n<p>Celkov\u00e1 d\u00e9lka: 7,96 palce \/ 202,2 mm<br \/>\nD\u00e9lka \u010depele: 3,46 palce \/ 87,9 mm<br \/>\nZav\u0159en\u00e1 d\u00e9lka: 4,5 \u00a0\u00bb \/ 114,3 mm<br \/>\nTlou\u0161\u0165ka \u010depele: 0,12 palce \/ 3 mm<br \/>\nTlou\u0161\u0165ka rukojeti: 0,41 \u00a0\u00bb \/ 10,4 mm<br \/>\nHmotnost: 117,6 g<\/p>\n<p>Materi\u00e1l \u010depele: Dama\u0161ek<br \/>\nTvrdost \u010depele: 58-60HRC<br \/>\nBlade Grind: dut\u00fd<br \/>\nPovrchov\u00e1 \u00faprava \u010depele: \u010dern\u00e1, ru\u010dn\u011b t\u0159en\u00e1<\/p>\n<p>Materi\u00e1l rukojeti: Rukoje\u0165: nerezov\u00e1 ocel<br \/>\nRukoje\u0165: P\u0159ekryvn\u00e1 vrstva z uhl\u00edkov\u00fdch vl\u00e1ken na G10<br \/>\nBarva rukojeti\/povrchov\u00e1 \u00faprava: \u0161ed\u00e1, \u010dern\u00e1<br \/>\nZadn\u00ed distan\u010dn\u00ed materi\u00e1l: nerezov\u00e1 ocel<br \/>\nZadn\u00ed mezikus Barva\/povrchov\u00e1 \u00faprava: \u0160ed\u00e1<\/p>\n<p>Kapesn\u00ed klip: Tip-Up, L\/R<br \/>\nMateri\u00e1l klipu: nerezov\u00e1 ocel<br \/>\n\u0160rouby Materi\u00e1l: nerezov\u00e1 ocel<br \/>\nSestava \u010depu: bronzov\u00e9 podlo\u017eky<br \/>\nMechanismus zamyk\u00e1n\u00ed: Kluzn\u00fd kloub<\/p>\n<p>Design\u00e9r: CIVIVI<\/p>\n<p>Spole\u010dnost <strong>WE Knife<\/strong> Co. Ltd. (WE) si d\u00edky historii neust\u00e1l\u00e9ho poskytov\u00e1n\u00ed \u00fasp\u011b\u0161n\u00fdch produkt\u016f z\u00edskala pov\u011bst neust\u00e1le dod\u00e1vaj\u00edc\u00ed inovativn\u00ed designy vyr\u00e1b\u011bn\u00e9 s trvale vysokou kvalitou. D\u00edky tomu se WE etablovala jako nejv\u011bt\u0161\u00ed \u010d\u00ednsk\u00fd v\u00fdrobce kvalitn\u00edch no\u017e\u016f.<\/p>\n<p>V reakci na pot\u0159eby trhu jsme v roce 2018 p\u0159edstavili zna\u010dku CIVIVI, kter\u00e1 se konkr\u00e9tn\u011b zam\u011b\u0159uje na nab\u00eddku funk\u010dn\u00ed, u\u017eitkov\u00e9, produktov\u00e9 \u0159ady EDC za dostupn\u011bj\u0161\u00ed ceny.<\/p>\n<p>Slou\u010den\u00edm z\u00e1kladn\u00edch hodnot WE pro inovativn\u00ed design a kvalitn\u00ed v\u00fdrobu s materi\u00e1ly, jako je G10, pely ply carbon carbon a D2, nerezov\u00e9 a dama\u0161kov\u00e9 oceli, produkty CIVIVI poskytnou sv\u00fdm u\u017eivatel\u016fm hodnotu a v\u00fdkon bez kompromis\u016f.<\/p>\n<p>No\u017ee CIVIVI vypadaj\u00ed dob\u0159e, c\u00edt\u00ed se dob\u0159e, dob\u0159e funguj\u00ed a pr\u00e1ci zvl\u00e1dnou. Stejn\u011b jako jejich brat\u0159i WE Knife, i oni jsou <strong>\u201eMADE BETTER\u201d<\/strong><\/p>\n<p>&nbsp;<\/p>\n","protected":false},"excerpt":{"rendered":"<p>Zna\u010dka\u00a0<strong>CIVIVI<\/strong>\u00a0p\u016fsob\u00ed na trhu ji\u017e v\u00edce ne\u017e 20 let a po celou dobu vyr\u00e1b\u00ed nejkvalitn\u011bj\u0161\u00ed a nejrozmanit\u011bj\u0161\u00ed no\u017ee za dostupn\u011bj\u0161\u00ed ceny.<\/p>\n","protected":false},"featured_media":203725,"comment_status":"open","ping_status":"closed","template":"","meta":[],"pwb-brand":[3079],"product_brand":[],"product_cat":[25,17],"product_tag":[],"class_list":{"0":"post-203724","1":"product","2":"type-product","3":"status-publish","4":"has-post-thumbnail","6":"pwb-brand-civivi-knife","7":"product_cat-damascenske-noze","8":"product_cat-noze","10":"first","11":"outofstock","12":"taxable","13":"shipping-taxable","14":"purchasable","15":"product-type-simple"},"brands":[{"id":3079,"name":"CIVIVI Knife","slug":"civivi-knife"}],"_links":{"self":[{"href":"https:\/\/www.moskito.cz\/fr\/wp-json\/wp\/v2\/product\/203724","targetHints":{"allow":["GET"]}}],"collection":[{"href":"https:\/\/www.moskito.cz\/fr\/wp-json\/wp\/v2\/product"}],"about":[{"href":"https:\/\/www.moskito.cz\/fr\/wp-json\/wp\/v2\/types\/product"}],"replies":[{"embeddable":true,"href":"https:\/\/www.moskito.cz\/fr\/wp-json\/wp\/v2\/comments?post=203724"}],"wp:featuredmedia":[{"embeddable":true,"href":"https:\/\/www.moskito.cz\/fr\/wp-json\/wp\/v2\/media\/203725"}],"wp:attachment":[{"href":"https:\/\/www.moskito.cz\/fr\/wp-json\/wp\/v2\/media?parent=203724"}],"wp:term":[{"taxonomy":"pwb-brand","embeddable":true,"href":"https:\/\/www.moskito.cz\/fr\/wp-json\/wp\/v2\/pwb-brand?post=203724"},{"taxonomy":"product_brand","embeddable":true,"href":"https:\/\/www.moskito.cz\/fr\/wp-json\/wp\/v2\/product_brand?post=203724"},{"taxonomy":"product_cat","embeddable":true,"href":"https:\/\/www.moskito.cz\/fr\/wp-json\/wp\/v2\/product_cat?post=203724"},{"taxonomy":"product_tag","embeddable":true,"href":"https:\/\/www.moskito.cz\/fr\/wp-json\/wp\/v2\/product_tag?post=203724"}],"curies":[{"name":"wp","href":"https:\/\/api.w.org\/{rel}","templated":true}]}}