{"id":204950,"date":"2021-09-03T20:07:58","date_gmt":"2021-09-03T19:07:58","guid":{"rendered":"https:\/\/www.moskito.cz\/?post_type=product&#038;p=204950"},"modified":"2025-05-07T10:35:43","modified_gmt":"2025-05-07T09:35:43","slug":"vystrelovaci-nuz-microtech-ultratech-exclusive-memento-mori-bronze-apocalyptic-122-13dc","status":"publish","type":"product","link":"https:\/\/www.moskito.cz\/fr\/produkt\/vystrelovaci-nuz-microtech-ultratech-exclusive-memento-mori-bronze-apocalyptic-122-13dc\/","title":{"rendered":"Vyst\u0159elovac\u00ed N\u016f\u017e Microtech Ultratech Exclusive Memento Mori Bronze Apocalyptic 122-13DC"},"content":{"rendered":"<p>Vyst\u0159elovac\u00ed N\u016f\u017e <strong>Microtech<\/strong> Ultratech Exclusive Memento Mori Bronze Apocalyptic 122-13DC.<\/p>\n<p>Z p\u0159edu vyst\u0159elovac\u00ed n\u016f\u017e.<br \/>\nVyst\u0159elovac\u00ed N\u016f\u017e\u00a0<strong>Ultratech<\/strong>\u00a0je vybaven dvojitou \u010depel\u00ed a jednoduch\u00fdmi \u0159ezn\u00fdmi hranami. M\u00e1 tvarovanou hlin\u00edkovou rukoje\u0165 z eloxovan\u00e9ho hlin\u00edku 6061-T6 s kuli\u010dkov\u00fdm hrotem, kter\u00fd je z u\u0161lechtil\u00e9 oceli.<\/p>\n<p>Microtech vybavil tuto verzi st\u00e1le popul\u00e1rn\u00edho Ultratech D \/ A OTF n\u016f\u017e s hladk\u00fdm konturovan\u00fdm designem rukojeti, kter\u00fd zvy\u0161uje komfort p\u0159i pou\u017e\u00edv\u00e1n\u00ed. Tento aktualizovan\u00fd model poskytuje stejn\u00e9 rozm\u011bry, hardware a trvanlivost nab\u00edzen\u00e9 variantou \u201eTri-Grip\u201c, jednodu\u0161eji jde do ruky a i do kapsy.<\/p>\n<p>Pro ty, kte\u0159\u00ed nejsou obezn\u00e1meni s technologi\u00ed Ultratech, je to pln\u011b automatick\u00fd n\u016f\u017e s dvojit\u00fdm mechanismem mimo p\u0159edn\u00ed stranu, co\u017e znamen\u00e1, \u017ee \u010depel se pomoc\u00ed palce se sklop\u00ed a zasune. N\u016f\u017e Ultratech spole\u010dnosti Microtech nastavil la\u0165ku pro v\u0161echny no\u017ee OTF.<\/p>\n<p>Celkov\u00e1 d\u00e9lka: 22 cm<br \/>\nD\u00e9lka \u010depele: 8.6 cm<br \/>\nMateri\u00e1l \u010depele: Bohler M390<br \/>\nStyl \u010depele: D\u00fdka<br \/>\nB\u0159itov\u00e9 desti\u010dky: Ploch\u00e9<br \/>\nTyp okraje: oby\u010dejn\u00fd<br \/>\nMateri\u00e1l rukojeti: hlin\u00edk<br \/>\nHmotnost: 3,60 oz.<br \/>\nU\u017eivatel: Prav\u00e1 ruka<br \/>\nPocket Clip: Tip-Down<br \/>\nTyp no\u017ee: Double-Action OTF Automatic<br \/>\nOtv\u00edra\u010d: Thumb Slide<br \/>\nZna\u010dka: Microtech<br \/>\nModel: Ultratech<\/p>\n<p>Zem\u011b p\u016fvodu: USA<br \/>\nNejlep\u0161\u00ed pou\u017eit\u00ed: Ka\u017edodenn\u00ed<\/p>\n<p>The Ultratech will forever set the standard for all out-the-front knives. The Ultratech is Microtech&rsquo;s original dual action out-the-front knife and has been the foundation of their entire OTF line. Over the years, it has gone through several modifications, each time becoming more efficient and reliable. This version has the improved tri-grip texturing on the thumb slide for more positive purchase and apocalyptic hardware for nice contrast. The aluminum handles have the left half of an ace of spades and crossbones with the Latin quote \u00ab\u00a0Memento Mori\u00a0\u00bb which is a reminder of morality originating from an Ancient Roman practice on the bronze apocalyptic standard drop point blade. During the victory parade, once Roman generals would return from battle, a slave would walk behind him muttering a version of this expression to remind him he was only a man and not to fall victim to haughtiness and delusions of grandeur. The Ultratech&rsquo;s spring remains in an \u00ab\u00a0at rest\u00a0\u00bb position at all times except when deployed. This ensures that the compressed spring will not become fatigued, assuring users that when the knife is fired, it will operate effectively. The Ultratech&rsquo;s lightweight, one handed open and close action, slim shape and scalpel sharp dro point blade makes it a one-of-a-kind knife, only available through Microtech. This knife has proven time and again that it can withstand any obstacle and look for the other half of this two-blade paired set coming soon. Please note, photo showing two knives is for reference only. Includes only one knife.<\/p>\n<p>Specifications<br \/>\nAutomatic Opening\/Closing &#8211; Front Opener<br \/>\nAction: Dual Action &#8211; Auto Fire\/Retract<br \/>\nBlade Length: 3.46&Prime;<br \/>\nBlade Style: Double Edge, Bronze Apocalyptic<br \/>\nHandle Thickness: 0.640&Prime;<br \/>\nHandle Material: 6061-T6 Aluminum with Black Mil-Spec Hard Coat Anodizing<br \/>\nLength Closed: 4.84&Prime;<br \/>\nLength Open: 8.30&Prime;<br \/>\nPocket Clip Material: 301 Stainless<br \/>\nStandard Top: 6061-T6 AL Alloy<br \/>\nTrigger: 303 Stainless<br \/>\nWindow Breaker<br \/>\nMade in the USA<\/p>\n","protected":false},"excerpt":{"rendered":"<p>V pr\u016fb\u011bhu let\u00a0<strong>Microtech\u00ae<\/strong>\u00a0Knives naplnil v\u00e1\u0161n\u00ed a dovednost\u00ed v\u00fdrobu no\u017e\u016f, a\u017e z nich vytvo\u0159il t\u00e9m\u011b\u0159 um\u011bleck\u00e1 d\u00edla,kter\u00e9 jsou vrcholem funk\u010dnosti.V\u0161echny d\u00edly jsou vyrodeny v USA.<br \/>\n<strong>Na v\u0161echny no\u017ee Microtech je do\u017eivotn\u00ed z\u00e1ruka.<\/strong><\/p>\n<p><strong>Doprava zdarma.<\/strong><\/p>\n","protected":false},"featured_media":204951,"comment_status":"open","ping_status":"closed","template":"","meta":[],"pwb-brand":[431],"product_brand":[],"product_cat":[2019,17],"product_tag":[3667],"class_list":{"0":"post-204950","1":"product","2":"type-product","3":"status-publish","4":"has-post-thumbnail","6":"pwb-brand-microtech","7":"product_cat-vystrelovaci-noze","8":"product_cat-noze","9":"product_tag-b2b","11":"first","12":"outofstock","13":"taxable","14":"shipping-taxable","15":"purchasable","16":"product-type-simple"},"brands":[{"id":431,"name":"Microtech","slug":"microtech"}],"_links":{"self":[{"href":"https:\/\/www.moskito.cz\/fr\/wp-json\/wp\/v2\/product\/204950","targetHints":{"allow":["GET"]}}],"collection":[{"href":"https:\/\/www.moskito.cz\/fr\/wp-json\/wp\/v2\/product"}],"about":[{"href":"https:\/\/www.moskito.cz\/fr\/wp-json\/wp\/v2\/types\/product"}],"replies":[{"embeddable":true,"href":"https:\/\/www.moskito.cz\/fr\/wp-json\/wp\/v2\/comments?post=204950"}],"wp:featuredmedia":[{"embeddable":true,"href":"https:\/\/www.moskito.cz\/fr\/wp-json\/wp\/v2\/media\/204951"}],"wp:attachment":[{"href":"https:\/\/www.moskito.cz\/fr\/wp-json\/wp\/v2\/media?parent=204950"}],"wp:term":[{"taxonomy":"pwb-brand","embeddable":true,"href":"https:\/\/www.moskito.cz\/fr\/wp-json\/wp\/v2\/pwb-brand?post=204950"},{"taxonomy":"product_brand","embeddable":true,"href":"https:\/\/www.moskito.cz\/fr\/wp-json\/wp\/v2\/product_brand?post=204950"},{"taxonomy":"product_cat","embeddable":true,"href":"https:\/\/www.moskito.cz\/fr\/wp-json\/wp\/v2\/product_cat?post=204950"},{"taxonomy":"product_tag","embeddable":true,"href":"https:\/\/www.moskito.cz\/fr\/wp-json\/wp\/v2\/product_tag?post=204950"}],"curies":[{"name":"wp","href":"https:\/\/api.w.org\/{rel}","templated":true}]}}