{"id":205386,"date":"2021-09-17T10:26:49","date_gmt":"2021-09-17T09:26:49","guid":{"rendered":"https:\/\/www.moskito.cz\/?post_type=product&#038;p=205386"},"modified":"2025-05-07T10:35:48","modified_gmt":"2025-05-07T09:35:48","slug":"zaviraci-nuz-sog-trident-at-black-red","status":"publish","type":"product","link":"https:\/\/www.moskito.cz\/fr\/produkt\/zaviraci-nuz-sog-trident-at-black-red\/","title":{"rendered":"Zav\u00edrac\u00ed N\u016f\u017e SOG Trident AT Black &#038; Red"},"content":{"rendered":"<p>Zav\u00edrac\u00ed N\u016f\u017e<strong> SOG<\/strong> Trident AT Black &amp; Red.<\/p>\n<p>Trident AT, navr\u017een\u00fd pro profesion\u00e1ln\u00ed u\u017eivatele, nab\u00edz\u00ed rychl\u00e9 asistovan\u00e9 otev\u00edr\u00e1n\u00ed pomoc\u00ed inovativn\u00edho oboustrann\u00e9ho z\u00e1mku AT-XR spole\u010dnosti SOG a tak\u00e9 integrovanou \u0159eza\u010dku \u010dar a rozb\u00edje\u010d skla. Trident AT se snadno p\u0159en\u00e1\u0161\u00ed, s vysoce funk\u010dn\u00ed 3,75 \u00ab\u00a0kryogenicky tepeln\u011b zpracovanou \u010depel\u00ed z nerezov\u00e9 oceli D2. Jeho v\u00fdkonn\u00fd blokovac\u00ed mechanismus AT-XR m\u00e1 tak\u00e9 vestav\u011bnou pojistku zamyk\u00e1n\u00ed \u010depele a bezpe\u010dnostn\u00ed syst\u00e9m namontovan\u00fd na p\u00e1te\u0159i. Dal\u0161\u00ed v\u00fdvoj v oboru -osv\u011bd\u010den\u00fd Trident.<\/p>\n<div id=\"tw-target-text-container\" class=\"tw-ta-container F0azHf tw-nfl\" tabindex=\"0\">\n<p>VYROBENO PRO PROFESION\u00c1LY<br \/>\nTrident AT je modern\u00ed aktualizace zalo\u017een\u00e1 na zp\u011btn\u00e9 vazb\u011b od profesion\u00e1ln\u00edch u\u017eivatel\u016f.<\/p>\n<p>VYROBENO PRO V\u00ddKON<br \/>\nJako nejnov\u011bj\u0161\u00ed aktualizace osv\u011bd\u010den\u00e9ho designu Trident spole\u010dnosti SOG je nejnov\u011bj\u0161\u00ed verze optimalizov\u00e1na tak, aby zlep\u0161ovala schopnosti u\u017eivatele v ka\u017ed\u00e9 kritick\u00e9 situaci, a Trident AT rychle se otev\u00edr\u00e1 jen d\u00edky sv\u00e9 schopnosti podporovat nouzovou z\u00e1chranu v kritick\u00fdch situac\u00edch.<\/p>\n<p>\u00da\u010cELN\u00dd DESIGN<br \/>\nKa\u017ed\u00fd prvek Trident AT byl vyvinut pro extr\u00e9mn\u00ed nebo nouzov\u00e9 situace-v\u010detn\u011b rychl\u00e9ho otev\u00edr\u00e1n\u00ed \u010depele, \u0159eza\u010de \u010dar a rozb\u00edje\u010de skla-to v\u0161e je hladce integrov\u00e1no s vysoce p\u0159ilnavou texturou a odolnou rukojet\u00ed.<\/p>\n<p>Z\u00c1MEK AT-XR<\/p>\n<p>Patentovan\u00fd z\u00e1mek XR s patentovanou technologi\u00ed SOG Assisted Technology (AT) poskytuje rychl\u00e9 otev\u0159en\u00ed jednou rukou a pevn\u00e9 uzam\u010den\u00ed po otev\u0159en\u00ed. Spolehliv\u00fd a v\u00fdkonn\u00fd, schopn\u00fd odolat s\u00edle 1500 liber, z\u00e1mek AT-XR poskytuje maxim\u00e1ln\u00ed vestav\u011bn\u00e9 zabezpe\u010den\u00ed zamyk\u00e1n\u00ed \u010depele p\u0159i otev\u0159en\u00ed a zaji\u0161\u0165uje, \u017ee se otev\u00edr\u00e1 pouze tehdy, kdy\u017e je zam\u00fd\u0161leno.<\/p>\n<p>BEZPE\u010cNOST 2.0<\/p>\n<p>Spole\u010dnost SOG spolupracovala s u\u017eivateli na v\u00fdvoji oboustrann\u00e9 bezpe\u010dnosti, kter\u00e1 je stejn\u011b snadn\u00e1 jako rychl\u00e1. Navr\u017een tak, aby byl intuitivn\u00ed a vyu\u017e\u00edval p\u0159irozen\u00e9 pohyby rukou, znamen\u00e1 to, \u017ee k jeho ovl\u00e1d\u00e1n\u00ed nemus\u00edte l\u00e1mat \u00fachop. Jakmile se otev\u0159e, zablokuje se na m\u00edst\u011b jako zar\u00e1\u017eka palce. V\u0161echno, co by bezpe\u010dnost m\u011bla b\u00fdt.<\/p>\n<p>OCELOV\u00c1 \u010cEPEL CRYO D2<\/p>\n<p>Univerz\u00e1ln\u00ed n\u00e1strojov\u00e1 ocel s vysok\u00fdm obsahem uhl\u00edku, kter\u00e1 je kryogenicky tepeln\u011b zpracov\u00e1na podle jedine\u010dn\u00fdch v\u00fdkonnostn\u00edch specifikac\u00ed SOG. D2 poskytuje ide\u00e1ln\u00ed kombinaci udr\u017een\u00ed hran a trvanlivosti pro dlouhodob\u00e9 pou\u017e\u00edv\u00e1n\u00ed se snadnou \u00fadr\u017ebou.<\/p>\n<p>Celkov\u00e1 d\u00e9lka . 22.5 cm<br \/>\nD\u00e9lka \u010depele : 9.2 cm<br \/>\nHmotnost : 5,15 oz<br \/>\nTyp z ocelov\u00e9 \u010depele : Cryo D2<br \/>\nMateri\u00e1l rukojeti : GRN<br \/>\nBarva rukojeti : \u010cern\u00e1<br \/>\nBarva zv\u00fdrazn\u011bn\u00ed : \u010cerven\u00e1<br \/>\nDokon\u010den\u00ed : Nitrid titanu<br \/>\nMechanismus zamyk\u00e1n\u00ed : AT-XR<\/p>\n<p>N\u00e1\u0161 p\u0159\u00edb\u011bh za\u010d\u00edn\u00e1 ve Vietnamu, kde \u010dlenov\u00e9 vysoce utajovan\u00e9 americk\u00e9 speci\u00e1ln\u00ed opera\u010dn\u00ed jednotky \u2013 zn\u00e1m\u00e9 jako MACV \u2013<strong>SOG<\/strong> \u2013 nesli jedine\u010dn\u00fd tajn\u00fd n\u016f\u017e do d\u017eungle na skryt\u00fdch mis\u00edch. O n\u011bkolik let pozd\u011bji, v roce 1986, tento n\u016f\u017e inspiroval mlad\u00e9ho n\u00e1vrh\u00e1\u0159e jm\u00e9nem Spencer Frazer, aby zalo\u017eil speci\u00e1ln\u00ed no\u017ee SOG. Jeho posl\u00e1n\u00ed: reprodukovat p\u016fvodn\u00ed n\u016f\u017e <strong>SOG<\/strong> Bowie a vzd\u00e1t hold speci\u00e1ln\u00ed opera\u010dn\u00ed jednotce, kter\u00e1 jej vytvo\u0159ila. To, co za\u010dalo jako jedin\u00fd pam\u011btn\u00ed model, se brzy stalo celou \u0159adou inovativn\u00edch n\u00e1stroj\u016f \u2013 osv\u011bd\u010den\u00fdch americk\u00fdmi speci\u00e1ln\u00edmi silami, dokonce ocen\u011bn\u00fdch jako vybran\u00fd n\u016f\u017e Navy SEAL. No\u017ee<strong> SOG<\/strong> se dnes s jistotou nos\u00ed do t\u011bch nejn\u00e1ro\u010dn\u011bj\u0161\u00edch situac\u00ed. Kovan\u00e9 z tradice, tvrzen\u00e9 v poli, pilovan\u00e9 pro v\u00e1s.<\/p>\n<p>A\u0165 u\u017e chr\u00e1n\u00edte ostatn\u00ed nebo vedete epickou loveckou expedici, \u0159e\u0161\u00edte jednu z ka\u017edodenn\u00edch \u017eivotn\u00edch v\u00fdzev nebo se pot\u00fdk\u00e1te se sv\u00fdmi dosud nejextr\u00e9mn\u011bj\u0161\u00edmi podm\u00ednkami, ud\u011blejte si cestu se SOG.<\/p>\n<p><iframe title=\"SOG Trident AT\" width=\"800\" height=\"450\" src=\"https:\/\/www.youtube.com\/embed\/v8hOLKWYvWc?feature=oembed\" frameborder=\"0\" allow=\"accelerometer; autoplay; clipboard-write; encrypted-media; gyroscope; picture-in-picture; web-share\" allowfullscreen><\/iframe><\/p>\n<p>&nbsp;<\/p>\n<p>&nbsp;<\/p>\n<p>Designed for professional users, Trident AT features rapid assisted opening with <strong>SOG\u2019<\/strong>s innovative ambidextrous AT-XR Lock, as well as integrated line cutter and glass breaker. Trident AT is easy to carry, with a highly functional 3.75&Prime; cryogenically heat-treated D2 stainless steel blade. Its powerful AT-XR locking mechanism also features built-in blade locking safety and spine-mounted safety system. The next evolution of the field-proven Trident.<\/p>\n<p>BUILT FOR PROFESSIONALS<br \/>\nTrident AT is a modern update based on the feedback from professional users, made to hold up in the harshest conditions, balancing purposeful design with heavy-duty performance and reliability.<\/p>\n<p>AT-XR LOCK<\/p>\n<p>SOG&rsquo;s patented Assisted Technology (AT) XR Lock, delivers fast, one-handed open and solid lock-up once open. Reliable and powerful, able to withstand 1500 pounds of force, AT-XR Lock provides the ultimate built-in blade locking security when open and ensures it only opens when intended.<\/p>\n<p>SAFETY 2.0<\/p>\n<p>SOG worked with users to develop an ambidextrous safety that is as easy as it is fast to use. Designed to be intuitive and utilize natural hand movements, it means you don\u2019t have to break your grip to operate it. Once open, it locks in place as a thumb backstop. Everything a safety should be.<\/p>\n<p>CRYO D2 STEEL BLADE<\/p>\n<p>A versatile high-carbon tool steel that is cryogenically heat-treated to SOG\u2019s unique performance specifications. D2 provides the ideal combination of edge retention and durability for long term use with ease of maintenance.<\/p>\n<p>Overall Length<br \/>\n9.03&Prime;<br \/>\nClosed Length<br \/>\n5.33&Prime;<br \/>\nBlade Length<br \/>\n3.7&Prime;<br \/>\nWeight<br \/>\n5.15 oz<br \/>\nBlade Steel Type<br \/>\nCryo D2<br \/>\nBlade Thickness<br \/>\n0.12&Prime;<br \/>\nHandle Material<br \/>\nGRN<br \/>\nHandle Color<br \/>\nBlack<br \/>\nAccent Color<br \/>\nRed<br \/>\nFeatures<br \/>\nLanyard Loop, Line Cutter, Glass Breaker<br \/>\nFinish<br \/>\nTitanium Nitride<br \/>\nLocking Mechanism<br \/>\nAT-XR<br \/>\nSafety<br \/>\nAmbidextrous Spine-Mounted Safety<br \/>\nOpening Mechanism<br \/>\nAssisted Thumb Stud<br \/>\nBlade Shape<br \/>\nClip Point<br \/>\nEdge Type<br \/>\nStraight<\/p>\n<p>&nbsp;<\/p>\n<p>&nbsp;<\/p>\n<p>&nbsp;<\/p>\n<p>&nbsp;<\/p>\n<pre id=\"tw-target-text\" class=\"tw-data-text tw-text-large XcVN5d tw-ta\" dir=\"ltr\" data-placeholder=\"P\u0159eklad\"><span class=\"Y2IQFc\" lang=\"cs\">\u00a0<\/span><\/pre>\n<\/div>\n<div id=\"tw-target-rmn-container\" class=\"tw-target-rmn tw-ta-container F0azHf tw-nfl\">\n<pre id=\"tw-target-rmn\" class=\"tw-data-placeholder tw-text-small tw-ta\" dir=\"ltr\" data-placeholder=\"\"><\/pre>\n<\/div>\n","protected":false},"excerpt":{"rendered":"<div class=\"elementor-element elementor-element-bbb542b elementor-widget elementor-widget-woocommerce-product-short-description\" data-id=\"bbb542b\" data-element_type=\"widget\" data-widget_type=\"woocommerce-product-short-description.default\">\n<div class=\"elementor-widget-container\">\n<div class=\"woocommerce-product-details__short-description\">\n<p>A\u0165 u\u017e chr\u00e1n\u00edte ostatn\u00ed nebo vedete epickou loveckou expedici, \u0159e\u0161\u00edte jednu z ka\u017edodenn\u00edch \u017eivotn\u00edch v\u00fdzev nebo se pot\u00fdk\u00e1te se sv\u00fdmi dosud nejextr\u00e9mn\u011bj\u0161\u00edmi podm\u00ednkami, ud\u011blejte si cestu se\u00a0<strong>SOG<\/strong>.<\/p>\n<p><strong>Na v\u0161echny no\u017ee SOG d\u00e1v\u00e1me do\u017eivotn\u00ed z\u00e1ruku!<\/strong><\/p>\n<\/div>\n<\/div>\n<\/div>\n","protected":false},"featured_media":205387,"comment_status":"open","ping_status":"closed","template":"","meta":[],"pwb-brand":[591],"product_brand":[],"product_cat":[22,17],"product_tag":[3667],"class_list":{"0":"post-205386","1":"product","2":"type-product","3":"status-publish","4":"has-post-thumbnail","6":"pwb-brand-sog","7":"product_cat-zaviraci-noze","8":"product_cat-noze","9":"product_tag-b2b","11":"first","12":"instock","13":"taxable","14":"shipping-taxable","15":"purchasable","16":"product-type-simple"},"brands":[{"id":591,"name":"SOG","slug":"sog"}],"_links":{"self":[{"href":"https:\/\/www.moskito.cz\/fr\/wp-json\/wp\/v2\/product\/205386","targetHints":{"allow":["GET"]}}],"collection":[{"href":"https:\/\/www.moskito.cz\/fr\/wp-json\/wp\/v2\/product"}],"about":[{"href":"https:\/\/www.moskito.cz\/fr\/wp-json\/wp\/v2\/types\/product"}],"replies":[{"embeddable":true,"href":"https:\/\/www.moskito.cz\/fr\/wp-json\/wp\/v2\/comments?post=205386"}],"wp:featuredmedia":[{"embeddable":true,"href":"https:\/\/www.moskito.cz\/fr\/wp-json\/wp\/v2\/media\/205387"}],"wp:attachment":[{"href":"https:\/\/www.moskito.cz\/fr\/wp-json\/wp\/v2\/media?parent=205386"}],"wp:term":[{"taxonomy":"pwb-brand","embeddable":true,"href":"https:\/\/www.moskito.cz\/fr\/wp-json\/wp\/v2\/pwb-brand?post=205386"},{"taxonomy":"product_brand","embeddable":true,"href":"https:\/\/www.moskito.cz\/fr\/wp-json\/wp\/v2\/product_brand?post=205386"},{"taxonomy":"product_cat","embeddable":true,"href":"https:\/\/www.moskito.cz\/fr\/wp-json\/wp\/v2\/product_cat?post=205386"},{"taxonomy":"product_tag","embeddable":true,"href":"https:\/\/www.moskito.cz\/fr\/wp-json\/wp\/v2\/product_tag?post=205386"}],"curies":[{"name":"wp","href":"https:\/\/api.w.org\/{rel}","templated":true}]}}