{"id":206018,"date":"2021-09-28T12:03:18","date_gmt":"2021-09-28T11:03:18","guid":{"rendered":"https:\/\/www.moskito.cz\/?post_type=product&#038;p=206018"},"modified":"2025-05-07T10:35:59","modified_gmt":"2025-05-07T09:35:59","slug":"zaviraci-nuz-sog-flash-fl","status":"publish","type":"product","link":"https:\/\/www.moskito.cz\/fr\/produkt\/zaviraci-nuz-sog-flash-fl\/","title":{"rendered":"Zav\u00edrac\u00ed N\u016f\u017e SOG FLASH FL"},"content":{"rendered":"<p>N\u00e1\u0161 p\u0159\u00edb\u011bh za\u010d\u00edn\u00e1 ve Vietnamu, kde \u010dlenov\u00e9 vysoce utajovan\u00e9 americk\u00e9 speci\u00e1ln\u00ed opera\u010dn\u00ed jednotky \u2013 zn\u00e1m\u00e9 jako MACV \u2013<strong>SOG<\/strong>\u00a0\u2013 nesli jedine\u010dn\u00fd tajn\u00fd n\u016f\u017e do d\u017eungle na skryt\u00fdch mis\u00edch. O n\u011bkolik let pozd\u011bji, v roce 1986, tento n\u016f\u017e inspiroval mlad\u00e9ho n\u00e1vrh\u00e1\u0159e jm\u00e9nem Spencer Frazer, aby zalo\u017eil speci\u00e1ln\u00ed no\u017ee<strong>\u00a0SOG<\/strong>. Jeho posl\u00e1n\u00ed: reprodukovat p\u016fvodn\u00ed n\u016f\u017e\u00a0<strong>SOG<\/strong>\u00a0Bowie a vzd\u00e1t hold speci\u00e1ln\u00ed opera\u010dn\u00ed jednotce, kter\u00e1 jej vytvo\u0159ila. To, co za\u010dalo jako jedin\u00fd pam\u011btn\u00ed model, se brzy stalo celou \u0159adou inovativn\u00edch n\u00e1stroj\u016f \u2013 osv\u011bd\u010den\u00fdch americk\u00fdmi speci\u00e1ln\u00edmi silami, dokonce ocen\u011bn\u00fdch jako vybran\u00fd n\u016f\u017e Navy SEAL. No\u017ee SOG se dnes s jistotou nos\u00ed do t\u011bch nejn\u00e1ro\u010dn\u011bj\u0161\u00edch situac\u00ed. Kovan\u00e9 z tradice, tvrzen\u00e9 v poli, pilovan\u00e9 pro v\u00e1s.<\/p>\n<p>A\u0165 u\u017e chr\u00e1n\u00edte ostatn\u00ed nebo vedete epickou loveckou expedici, \u0159e\u0161\u00edte jednu z ka\u017edodenn\u00edch \u017eivotn\u00edch v\u00fdzev nebo se pot\u00fdk\u00e1te se sv\u00fdmi dosud nejextr\u00e9mn\u011bj\u0161\u00edmi podm\u00ednkami, ud\u011blejte si cestu se\u00a0<strong>SOG<\/strong>.<\/p>\n<p>Zav\u00edrac\u00ed N\u016f\u017e <strong>SOG<\/strong> FLASH FL.<\/p>\n<p>Jednoduch\u00fd a poctiv\u00fd n\u016f\u017e s \u010depel\u00ed SOG Sharp je n\u011bkdy jen trik. Flash FL p\u0159in\u00e1\u0161\u00ed celokovovou konstrukci, slo\u017eku s uzam\u010den\u00edm r\u00e1mu, s nasazen\u00edm palcov\u00fdch \u010dep\u016f, postavenou na osv\u011bd\u010den\u00e9 platform\u011b SOG. Flash FL je perfektn\u00ed z\u00e1kladn\u00ed n\u016f\u017e vyroben\u00fd tak, aby vydr\u017eel se \u0161t\u00edhl\u00fdm tvarem, texturovanou rukojet\u00ed a oboustrann\u00fdm klipem do kapsy.<\/p>\n<p>D\u00c9LKA \u010cEPELE : 8.5 cm<br \/>\nPRODUKTOV\u00c1 \u0158ADA : Flash II<br \/>\nTYP PRODUKTU : Skl\u00e1dac\u00ed n\u016f\u017e<br \/>\nMECHANISMUS ZAMYK\u00c1N\u00cd : R\u00e1mov\u00fd z\u00e1mek<br \/>\nOTEV\u00cdRAC\u00cd MECHANISMUS : Palec<br \/>\nTYP SPONY NA OPASEK : Reverzibiln\u00ed Low-Carry<br \/>\nDOKON\u010cENI : Sat\u00e9n<br \/>\nTYP Z OCELOV\u00c9 \u010cEPELE : 8Cr13MoV<br \/>\nTVAR \u010cEPELE : Drop Point<br \/>\nTVRDOST : RC 56-59<br \/>\nMATERI\u00c1L RUKOJETI : Nerezov\u00e1 ocel<\/p>\n<p>Sometimes a simple, honest knife with a SOG Sharp blade is just the trick. The Flash FL brings just that: a no-nonsense, all-metal construction, frame-lock folder, featuring thumb stud deployment, built on a proven SOG platform. Flash FL is the perfect entry-level knife built to last featuring a slim form-factor, textured handle, and a reversible, deep-carry pocket clip.<\/p>\n<p>BLADE LENGTH<br \/>\n3.4&Prime;<br \/>\nBLADE THICKNESS<br \/>\n0.11&Prime;<br \/>\nUPC<br \/>\n729857009089<br \/>\nPRODUCT FAMILY<br \/>\nFlash II<br \/>\nPRODUCT TYPE<br \/>\nFolding Knife<br \/>\nCOUNTRY OF ORIGIN<br \/>\nChina<br \/>\nLOCKING MECHANISM<br \/>\nFrame Lock<br \/>\nOPENING MECHANISM<br \/>\nThumb Stud<br \/>\nBELT CLIP TYPE<br \/>\nReversible Low-Carry<br \/>\nPACKAGING<br \/>\nClam Shell<br \/>\nENGRAVABLE<br \/>\nYes<br \/>\nFINISH<br \/>\nSatin<br \/>\nEDGE TYPE<br \/>\nStraight<br \/>\nBLADE STEEL TYPE<br \/>\n8Cr13MoV<br \/>\nBLADE SHAPE<\/p>\n","protected":false},"excerpt":{"rendered":"<div class=\"elementor-element elementor-element-bbb542b elementor-widget elementor-widget-woocommerce-product-short-description\" data-id=\"bbb542b\" data-element_type=\"widget\" data-widget_type=\"woocommerce-product-short-description.default\">\n<div class=\"elementor-widget-container\">\n<div class=\"woocommerce-product-details__short-description\">\n<p>A\u0165 u\u017e chr\u00e1n\u00edte ostatn\u00ed nebo vedete epickou loveckou expedici, \u0159e\u0161\u00edte jednu z ka\u017edodenn\u00edch \u017eivotn\u00edch v\u00fdzev nebo se pot\u00fdk\u00e1te se sv\u00fdmi dosud nejextr\u00e9mn\u011bj\u0161\u00edmi podm\u00ednkami, ud\u011blejte si cestu se\u00a0<strong>SOG<\/strong>.<\/p>\n<p><strong>Na v\u0161echny no\u017ee SOG d\u00e1v\u00e1me do\u017eivotn\u00ed z\u00e1ruku!<\/strong><\/p>\n<\/div>\n<\/div>\n<\/div>\n<section class=\"elementor-section elementor-inner-section elementor-element elementor-element-ee51d4b elementor-section-boxed elementor-section-height-default elementor-section-height-default\" data-particle_enable=\"false\" data-particle-mobile-disabled=\"false\" data-id=\"ee51d4b\" data-element_type=\"section\">\n<div class=\"elementor-container elementor-column-gap-no\">\n<div class=\"elementor-row\">\n<div class=\"elementor-column elementor-col-50 elementor-inner-column elementor-element elementor-element-2fbed19\" data-id=\"2fbed19\" data-element_type=\"column\">\n<div class=\"elementor-column-wrap elementor-element-populated\">\n<div class=\"elementor-widget-wrap\">\n<div class=\"elementor-element elementor-element-0450112 elementor-widget elementor-widget-heading\" data-id=\"0450112\" data-element_type=\"widget\" data-widget_type=\"heading.default\">\n<div class=\"elementor-widget-container\"><\/div>\n<\/div>\n<\/div>\n<\/div>\n<\/div>\n<\/div>\n<\/div>\n<\/section>\n","protected":false},"featured_media":206019,"comment_status":"open","ping_status":"closed","template":"","meta":[],"pwb-brand":[591],"product_brand":[],"product_cat":[22,17],"product_tag":[3667],"class_list":{"0":"post-206018","1":"product","2":"type-product","3":"status-publish","4":"has-post-thumbnail","6":"pwb-brand-sog","7":"product_cat-zaviraci-noze","8":"product_cat-noze","9":"product_tag-b2b","11":"first","12":"instock","13":"taxable","14":"shipping-taxable","15":"purchasable","16":"product-type-simple"},"brands":[{"id":591,"name":"SOG","slug":"sog"}],"_links":{"self":[{"href":"https:\/\/www.moskito.cz\/fr\/wp-json\/wp\/v2\/product\/206018","targetHints":{"allow":["GET"]}}],"collection":[{"href":"https:\/\/www.moskito.cz\/fr\/wp-json\/wp\/v2\/product"}],"about":[{"href":"https:\/\/www.moskito.cz\/fr\/wp-json\/wp\/v2\/types\/product"}],"replies":[{"embeddable":true,"href":"https:\/\/www.moskito.cz\/fr\/wp-json\/wp\/v2\/comments?post=206018"}],"wp:featuredmedia":[{"embeddable":true,"href":"https:\/\/www.moskito.cz\/fr\/wp-json\/wp\/v2\/media\/206019"}],"wp:attachment":[{"href":"https:\/\/www.moskito.cz\/fr\/wp-json\/wp\/v2\/media?parent=206018"}],"wp:term":[{"taxonomy":"pwb-brand","embeddable":true,"href":"https:\/\/www.moskito.cz\/fr\/wp-json\/wp\/v2\/pwb-brand?post=206018"},{"taxonomy":"product_brand","embeddable":true,"href":"https:\/\/www.moskito.cz\/fr\/wp-json\/wp\/v2\/product_brand?post=206018"},{"taxonomy":"product_cat","embeddable":true,"href":"https:\/\/www.moskito.cz\/fr\/wp-json\/wp\/v2\/product_cat?post=206018"},{"taxonomy":"product_tag","embeddable":true,"href":"https:\/\/www.moskito.cz\/fr\/wp-json\/wp\/v2\/product_tag?post=206018"}],"curies":[{"name":"wp","href":"https:\/\/api.w.org\/{rel}","templated":true}]}}