{"id":206031,"date":"2021-09-28T12:42:41","date_gmt":"2021-09-28T11:42:41","guid":{"rendered":"https:\/\/www.moskito.cz\/?post_type=product&#038;p=206031"},"modified":"2025-06-05T21:51:14","modified_gmt":"2025-06-05T20:51:14","slug":"zaviraci-nuz-sog-twitch-ii-drop-point-satin-aluminum-handle","status":"publish","type":"product","link":"https:\/\/www.moskito.cz\/fr\/produkt\/zaviraci-nuz-sog-twitch-ii-drop-point-satin-aluminum-handle\/","title":{"rendered":"Zav\u00edrac\u00ed N\u016f\u017e SOG TWITCH II-DROP POINT SATIN ALUMINUM HANDLE"},"content":{"rendered":"<p>N\u00e1\u0161 p\u0159\u00edb\u011bh za\u010d\u00edn\u00e1 ve Vietnamu, kde \u010dlenov\u00e9 vysoce utajovan\u00e9 americk\u00e9 speci\u00e1ln\u00ed opera\u010dn\u00ed jednotky \u2013 zn\u00e1m\u00e9 jako MACV \u2013<strong>SOG<\/strong>\u00a0\u2013 nesli jedine\u010dn\u00fd tajn\u00fd n\u016f\u017e do d\u017eungle na skryt\u00fdch mis\u00edch. O n\u011bkolik let pozd\u011bji, v roce 1986, tento n\u016f\u017e inspiroval mlad\u00e9ho n\u00e1vrh\u00e1\u0159e jm\u00e9nem Spencer Frazer, aby zalo\u017eil speci\u00e1ln\u00ed no\u017ee<strong>\u00a0SOG<\/strong>. Jeho posl\u00e1n\u00ed: reprodukovat p\u016fvodn\u00ed n\u016f\u017e\u00a0<strong>SOG<\/strong>\u00a0Bowie a vzd\u00e1t hold speci\u00e1ln\u00ed opera\u010dn\u00ed jednotce, kter\u00e1 jej vytvo\u0159ila. To, co za\u010dalo jako jedin\u00fd pam\u011btn\u00ed model, se brzy stalo celou \u0159adou inovativn\u00edch n\u00e1stroj\u016f \u2013 osv\u011bd\u010den\u00fdch americk\u00fdmi speci\u00e1ln\u00edmi silami, dokonce ocen\u011bn\u00fdch jako vybran\u00fd n\u016f\u017e Navy SEAL. No\u017ee SOG se dnes s jistotou nos\u00ed do t\u011bch nejn\u00e1ro\u010dn\u011bj\u0161\u00edch situac\u00ed. Kovan\u00e9 z tradice, tvrzen\u00e9 v poli, pilovan\u00e9 pro v\u00e1s.<\/p>\n<p>A\u0165 u\u017e chr\u00e1n\u00edte ostatn\u00ed nebo vedete epickou loveckou expedici, \u0159e\u0161\u00edte jednu z ka\u017edodenn\u00edch \u017eivotn\u00edch v\u00fdzev nebo se pot\u00fdk\u00e1te se sv\u00fdmi dosud nejextr\u00e9mn\u011bj\u0161\u00edmi podm\u00ednkami, ud\u011blejte si cestu se\u00a0<strong>SOG<\/strong>.<\/p>\n<p>Zav\u00edrac\u00ed N\u016f\u017e <strong>SOG<\/strong> TWITCH II-DROP POINT SATIN ALUMINUM HANDLE.<\/p>\n<p>Od patentovan\u00e9ho designu pr\u016fchoz\u00ed zamykac\u00ed li\u0161ty a\u017e po technologii asistovan\u00e9ho otev\u00edr\u00e1n\u00ed je Twitch II dal\u0161\u00ed generac\u00ed klasick\u00e9ho designu lockbacku.<\/p>\n<p>OCEL AUS-8<br \/>\nOstr\u00fd jako b\u0159itva, hned po vybalen\u00ed z krabice. AUS-8 se vyzna\u010duje vysokou \u00farovn\u00ed tvrdosti, hou\u017eevnatosti, odolnosti proti opot\u0159eben\u00ed a korozi.<\/p>\n<p>SUPER RYCHL\u00c9 POMOCI OTEV\u0158EN\u00cd<br \/>\nExtr\u00e9mn\u011b rychl\u00e9 otev\u0159en\u00ed ob\u011bma rukama pomoc\u00ed dvojit\u00fdch palcov\u00fdch knofl\u00edk\u016f nebo kopnut\u00ed na z\u00e1da.<\/p>\n<p>NOSTE TO SVOU CESTOU<br \/>\nKlip lze pou\u017e\u00edt pro n\u00edzk\u00e9 no\u0161en\u00ed nebo k zabezpe\u010den\u00ed dolarov\u00fdch bankovek a karet.<\/p>\n<p>CELKOV\u00c1 D\u00c9LKA : 15.5 cm<br \/>\nHMOTNOST PRODUKTU : 2,60 oz<br \/>\nD\u00c9LKA \u010cEPELE : 6.6 cm<br \/>\nTYP PRODUKTU : Skl\u00e1dac\u00ed n\u016f\u017e<br \/>\nTYP SPONY NA OPASEK : Pevn\u00fd<br \/>\nDOKON\u010cENI : Sat\u00e9n<br \/>\nTYP Z OCELE : AUS-8<br \/>\nTVAR \u010cEPELE : Drop Point<br \/>\nTVRDOST : RC 57-58<br \/>\nMATERI\u00c1L RUKOJETI : Eloxovan\u00fd hlin\u00edk 6061-T6<br \/>\nBARVA RUKOJETI : \u0160ed\u00e1<\/p>\n<p>From its patented pass-through lock bar design to the assisted opening technology, the Twitch II is the next generation of the classic lockback design<\/p>\n<p>OVERALL LENGTH<br \/>\n6.20&Prime;<br \/>\nCLOSED LENGTH<br \/>\n3.55&Prime;<br \/>\nPRODUCT WEIGHT<br \/>\n2.60 oz<br \/>\nBLADE LENGTH<br \/>\n2.65&Prime;<br \/>\nBLADE THICKNESS<br \/>\n0.1&Prime;<br \/>\nPRODUCT TYPE<br \/>\nFolding Knife<br \/>\nLOCKING MECHANISM<br \/>\nLockback<br \/>\nBELT CLIP TYPE<br \/>\nFixed<br \/>\nFINISH<br \/>\nSatin<br \/>\nEDGE TYPE<br \/>\nStraight<br \/>\nBLADE STEEL TYPE<br \/>\nAUS-8<br \/>\nBLADE SHAPE<br \/>\nDrop Point<br \/>\nHARDNESS<br \/>\nRc. 57-58<br \/>\nHANDLE MATERIAL<br \/>\nAnodized Aluminum 6061-T6<br \/>\nHANDLE COLOR<br \/>\nGrey<\/p>\n<p>&nbsp;<\/p>\n<p>&nbsp;<\/p>\n","protected":false},"excerpt":{"rendered":"<p>A\u0165 u\u017e chr\u00e1n\u00edte ostatn\u00ed nebo vedete epickou loveckou expedici, \u0159e\u0161\u00edte jednu z ka\u017edodenn\u00edch \u017eivotn\u00edch v\u00fdzev nebo se pot\u00fdk\u00e1te se sv\u00fdmi dosud nejextr\u00e9mn\u011bj\u0161\u00edmi podm\u00ednkami, ud\u011blejte si cestu se\u00a0<strong>SOG<\/strong>.<\/p>\n<p><strong>Na v\u0161echny no\u017ee SOG d\u00e1v\u00e1me do\u017eivotn\u00ed z\u00e1ruku!<\/strong><\/p>\n","protected":false},"featured_media":206032,"comment_status":"open","ping_status":"closed","template":"","meta":[],"pwb-brand":[591],"product_brand":[],"product_cat":[22,17],"product_tag":[3667],"class_list":{"0":"post-206031","1":"product","2":"type-product","3":"status-publish","4":"has-post-thumbnail","6":"pwb-brand-sog","7":"product_cat-zaviraci-noze","8":"product_cat-noze","9":"product_tag-b2b","11":"first","12":"outofstock","13":"taxable","14":"shipping-taxable","15":"purchasable","16":"product-type-simple"},"brands":[{"id":591,"name":"SOG","slug":"sog"}],"_links":{"self":[{"href":"https:\/\/www.moskito.cz\/fr\/wp-json\/wp\/v2\/product\/206031","targetHints":{"allow":["GET"]}}],"collection":[{"href":"https:\/\/www.moskito.cz\/fr\/wp-json\/wp\/v2\/product"}],"about":[{"href":"https:\/\/www.moskito.cz\/fr\/wp-json\/wp\/v2\/types\/product"}],"replies":[{"embeddable":true,"href":"https:\/\/www.moskito.cz\/fr\/wp-json\/wp\/v2\/comments?post=206031"}],"wp:featuredmedia":[{"embeddable":true,"href":"https:\/\/www.moskito.cz\/fr\/wp-json\/wp\/v2\/media\/206032"}],"wp:attachment":[{"href":"https:\/\/www.moskito.cz\/fr\/wp-json\/wp\/v2\/media?parent=206031"}],"wp:term":[{"taxonomy":"pwb-brand","embeddable":true,"href":"https:\/\/www.moskito.cz\/fr\/wp-json\/wp\/v2\/pwb-brand?post=206031"},{"taxonomy":"product_brand","embeddable":true,"href":"https:\/\/www.moskito.cz\/fr\/wp-json\/wp\/v2\/product_brand?post=206031"},{"taxonomy":"product_cat","embeddable":true,"href":"https:\/\/www.moskito.cz\/fr\/wp-json\/wp\/v2\/product_cat?post=206031"},{"taxonomy":"product_tag","embeddable":true,"href":"https:\/\/www.moskito.cz\/fr\/wp-json\/wp\/v2\/product_tag?post=206031"}],"curies":[{"name":"wp","href":"https:\/\/api.w.org\/{rel}","templated":true}]}}