{"id":206280,"date":"2021-10-02T14:32:11","date_gmt":"2021-10-02T13:32:11","guid":{"rendered":"https:\/\/www.moskito.cz\/?post_type=product&#038;p=206280"},"modified":"2025-05-07T10:36:02","modified_gmt":"2025-05-07T09:36:02","slug":"pinzeta-rubis-s-ostrymi-spickami","status":"publish","type":"product","link":"https:\/\/www.moskito.cz\/fr\/produkt\/pinzeta-rubis-s-ostrymi-spickami\/","title":{"rendered":"Pinzeta Rubis s ostr\u00fdmi \u0161pi\u010dkami"},"content":{"rendered":"<p>Pinzeta <strong>Rubis<\/strong> s ostr\u00fdmi \u0161pi\u010dkami.<\/p>\n<p>V r\u00e1mci technologie v\u00fdroby pinzet jde o skute\u010dnou inovaci! Nov\u011b vyvinut\u00e9 vysoce modern\u00ed a p\u0159esn\u011b se\u0159\u00edzen\u00e9 \u0161pi\u010dky jsou ur\u010deny k odstra\u0148ov\u00e1n\u00ed t\u011bch nejjemn\u011bj\u0161\u00edch a nejkrat\u0161\u00edch chloupk\u016f. Tyto v\u00fdjime\u010dn\u00e9 \u0161pi\u010dky, v\u00fdrazn\u00e9 sv\u00fdm tvarem a stylem, nebude nikdy zapot\u0159eb\u00ed op\u011bt brousit. Hroty je ob\u010das nutno ot\u0159\u00edt alkoholem, aby na nich neulp\u00edvaly ne\u010distoty.<\/p>\n<p>Pinzeta je vyrobena z chirurgick\u00e9 nerezov\u00e9 oceli nejvy\u0161\u0161\u00ed kvality a je odoln\u00e1 proti korozi a p\u016fsoben\u00ed kyselin.<\/p>\n","protected":false},"excerpt":{"rendered":"<p>Pinzety zna\u010dky Rubis se vyr\u00e1b\u00ed ve vysoce modern\u00edm \u010derven\u00e9m odst\u00ednu.<\/p>\n","protected":false},"featured_media":206281,"comment_status":"open","ping_status":"closed","template":"","meta":[],"pwb-brand":[],"product_brand":[],"product_cat":[33],"product_tag":[],"class_list":{"0":"post-206280","1":"product","2":"type-product","3":"status-publish","4":"has-post-thumbnail","6":"product_cat-manikury","8":"first","9":"outofstock","10":"taxable","11":"shipping-taxable","12":"purchasable","13":"product-type-simple"},"brands":[],"_links":{"self":[{"href":"https:\/\/www.moskito.cz\/fr\/wp-json\/wp\/v2\/product\/206280","targetHints":{"allow":["GET"]}}],"collection":[{"href":"https:\/\/www.moskito.cz\/fr\/wp-json\/wp\/v2\/product"}],"about":[{"href":"https:\/\/www.moskito.cz\/fr\/wp-json\/wp\/v2\/types\/product"}],"replies":[{"embeddable":true,"href":"https:\/\/www.moskito.cz\/fr\/wp-json\/wp\/v2\/comments?post=206280"}],"wp:featuredmedia":[{"embeddable":true,"href":"https:\/\/www.moskito.cz\/fr\/wp-json\/wp\/v2\/media\/206281"}],"wp:attachment":[{"href":"https:\/\/www.moskito.cz\/fr\/wp-json\/wp\/v2\/media?parent=206280"}],"wp:term":[{"taxonomy":"pwb-brand","embeddable":true,"href":"https:\/\/www.moskito.cz\/fr\/wp-json\/wp\/v2\/pwb-brand?post=206280"},{"taxonomy":"product_brand","embeddable":true,"href":"https:\/\/www.moskito.cz\/fr\/wp-json\/wp\/v2\/product_brand?post=206280"},{"taxonomy":"product_cat","embeddable":true,"href":"https:\/\/www.moskito.cz\/fr\/wp-json\/wp\/v2\/product_cat?post=206280"},{"taxonomy":"product_tag","embeddable":true,"href":"https:\/\/www.moskito.cz\/fr\/wp-json\/wp\/v2\/product_tag?post=206280"}],"curies":[{"name":"wp","href":"https:\/\/api.w.org\/{rel}","templated":true}]}}