{"id":206667,"date":"2021-10-15T16:41:26","date_gmt":"2021-10-15T15:41:26","guid":{"rendered":"https:\/\/www.moskito.cz\/?post_type=product&#038;p=206667"},"modified":"2025-05-07T10:36:04","modified_gmt":"2025-05-07T09:36:04","slug":"zaviraci-nuz-sog-kiku-xr-lte-blaze-orange-g10-carbon","status":"publish","type":"product","link":"https:\/\/www.moskito.cz\/fr\/produkt\/zaviraci-nuz-sog-kiku-xr-lte-blaze-orange-g10-carbon\/","title":{"rendered":"Zav\u00edrac\u00ed N\u016f\u017e SOG KIKU XR LTE BLAZE ORANGE G10 CARBON"},"content":{"rendered":"<p>N\u00e1\u0161 p\u0159\u00edb\u011bh za\u010d\u00edn\u00e1 ve Vietnamu, kde \u010dlenov\u00e9 vysoce utajovan\u00e9 americk\u00e9 speci\u00e1ln\u00ed opera\u010dn\u00ed jednotky \u2013 zn\u00e1m\u00e9 jako MACV \u2013<strong>SOG<\/strong>\u00a0\u2013 nesli jedine\u010dn\u00fd tajn\u00fd n\u016f\u017e do d\u017eungle na skryt\u00fdch mis\u00edch. O n\u011bkolik let pozd\u011bji, v roce 1986, tento n\u016f\u017e inspiroval mlad\u00e9ho n\u00e1vrh\u00e1\u0159e jm\u00e9nem Spencer Frazer, aby zalo\u017eil speci\u00e1ln\u00ed no\u017ee<strong>\u00a0SOG<\/strong>. Jeho posl\u00e1n\u00ed: reprodukovat p\u016fvodn\u00ed n\u016f\u017e\u00a0<strong>SOG<\/strong>\u00a0Bowie a vzd\u00e1t hold speci\u00e1ln\u00ed opera\u010dn\u00ed jednotce, kter\u00e1 jej vytvo\u0159ila. To, co za\u010dalo jako jedin\u00fd pam\u011btn\u00ed model, se brzy stalo celou \u0159adou inovativn\u00edch n\u00e1stroj\u016f \u2013 osv\u011bd\u010den\u00fdch americk\u00fdmi speci\u00e1ln\u00edmi silami, dokonce ocen\u011bn\u00fdch jako vybran\u00fd n\u016f\u017e Navy SEAL. No\u017ee SOG se dnes s jistotou nos\u00ed do t\u011bch nejn\u00e1ro\u010dn\u011bj\u0161\u00edch situac\u00ed. Kovan\u00e9 z tradice, tvrzen\u00e9 v poli, pilovan\u00e9 pro v\u00e1s.<\/p>\n<p>A\u0165 u\u017e chr\u00e1n\u00edte ostatn\u00ed nebo vedete epickou loveckou expedici, \u0159e\u0161\u00edte jednu z ka\u017edodenn\u00edch \u017eivotn\u00edch v\u00fdzev nebo se pot\u00fdk\u00e1te se sv\u00fdmi dosud nejextr\u00e9mn\u011bj\u0161\u00edmi podm\u00ednkami, ud\u011blejte si cestu se\u00a0<strong>SOG<\/strong>.<\/p>\n<p>Zav\u00edrac\u00ed N\u016f\u017e <strong>SOG<\/strong> KIKU XR LTE BLAZE ORANGE G10 CARBON.<\/p>\n<p>Svalnat\u00fd kapesn\u00ed n\u016f\u017e Kiku XR LTE, t\u00e9m\u011b\u0159 o 25% leh\u010d\u00ed, p\u0159in\u00e1\u0161\u00ed v\u00fdraz s\u00edly a obratnosti. D\u00edky vlo\u017ek\u00e1m a distan\u010dn\u00edm vlo\u017ek\u00e1m z uhl\u00edkov\u00fdch vl\u00e1ken, kter\u00e9 minimalizuj\u00ed hmotnost, se Kiku snadno hod\u00ed na jakoukoli venkovn\u00ed exkurzi. Tento velkoform\u00e1tov\u00fd zav\u00edrac\u00ed n\u016f\u017e je postaven na extr\u00e9mn\u011b siln\u00e9m blokovac\u00edm mechanismu SOR XR, zat\u00edmco ocelov\u00e1 \u010depel CTS XHP nab\u00edz\u00ed vysok\u00fd stupe\u0148 odolnosti proti korozi a vynikaj\u00edc\u00ed retenci hran.<\/p>\n<p>LIGHT EDITION (LTE)<br \/>\nNo\u017ee LTE vyu\u017e\u00edvaj\u00edc\u00ed komponenty z uhl\u00edkov\u00fdch vl\u00e1ken s vysokou pevnost\u00ed poskytuj\u00ed to nejlep\u0161\u00ed z obou sv\u011bt\u016f-v\u00fdhodu no\u017ee st\u0159edn\u00ed velikosti a lehk\u00e9ho n\u00e1stroje, kter\u00e9mu m\u016f\u017eete v\u011b\u0159it.<\/p>\n<p>SOUHRN FUNKC\u00cd<br \/>\nS pouh\u00fdmi 4,1 unce je Kiku XR LTE lehk\u00e1 slo\u017eka ur\u010den\u00e1 pro v\u0161echny v\u00fdzvy venku. Pln\u011b oboustrann\u00fd, s oboustrannou kapesn\u00ed sponou, je vybaven siln\u00fdm blokovac\u00edm mechanismem SOR XR a pr\u00e9miovou ocel\u00ed XHP.<\/p>\n<p>CRYO CTS XHP<br \/>\nNab\u00edz\u00ed vysok\u00fd stupe\u0148 odolnosti proti korozi a vynikaj\u00edc\u00ed retenci hran.<\/p>\n<p>XR LOCK<br \/>\nSpolehliv\u00fd a v\u00fdkonn\u00fd, schopn\u00fd odolat s\u00edle a\u017e 1 500 liber, poskytuje dokonal\u00e9 vestav\u011bn\u00e9 zaji\u0161t\u011bn\u00ed \u010depel\u00ed p\u0159i otev\u0159en\u00ed a zaji\u0161\u0165uje, \u017ee se otev\u00edr\u00e1 pouze tehdy, kdy\u017e je zam\u00fd\u0161leno.<\/p>\n<p>VLO\u017dKY Z UHL\u00cdKOV\u00ddCH VL\u00c1KEN<br \/>\n\u0158ada LTE vym\u011b\u0148uje metalick\u00e9 vlo\u017eky za uhl\u00edkov\u00e1 vl\u00e1kna. Stejn\u011b odoln\u00e9, ale mnohem leh\u010d\u00ed a sn\u00e1ze se s nimi manipuluje a p\u0159en\u00e1\u0161\u00ed se.<\/p>\n<p>D\u00c9LKA \u010cEPELE : 8 cm<br \/>\nCELKOV\u00c1 D\u00c9LKA : 18.5 cm<br \/>\nMATERI\u00c1L RUKOJETI : G10<br \/>\nOTEV\u00cdRAC\u00cd MECHANISMUS : Z\u00e1mek XR, otvor pro palec, kop<br \/>\nTYP Z OCELOV\u00c9 \u010cEPELE : CRYO CTS XHP<br \/>\nTVRDOST : 61-63<br \/>\nBARVA RUKOJETI : Blaze Orange<\/p>\n<p>Nearly 25% lighter, the muscular Kiku XR LTE pocket knife delivers a statement of strength and nimbleness. With carbon fiber liners and spacers that minimize weight, Kiku easily fits in for any outdoor excursion. This large-format folding knife is built around SOG\u2019s ultra-strong XR locking mechanism, while the CTS XHP steel blade offers a high degree of corrosion resistance and excellent edge retention.<\/p>\n<p>MADE FOR THE OUTDOOR CHALLENGES<br \/>\nWhen every piece of gear needs to be carefully considered for the outdoors, Kiku XR LTE frees up precious weight while being no less capable.<\/p>\n<p>FEATURE SUMMARY<br \/>\nAt just 4.1 ounces, Kiku XR LTE is a lightweight folder designed for all the challenges of the outdoors. Fully ambidextrous, with reversible pocket clip, it is equipped with SOG\u2019s strong XR locking mechanism and premium XHP steel.<\/p>\n<p>CRYO CTS XHP<br \/>\nOffers a high degree of corrosion resistance as well as excellent edge retention.<\/p>\n<p>XR LOCK<br \/>\nReliable and powerful, able to withstand up to 1,500 pounds of force, provides the ultimate built-in blade locking security when open and ensures it only opens when intended.<\/p>\n<p>CARBON FIBER LINERS<br \/>\nThe LTE series swaps metallic liners for carbon fiber. Just as durable, but far lighter and easier to manipulate and carry.<\/p>\n<p>CLOSED LENGTH<br \/>\n4.29&Prime;<br \/>\nBLADE LENGTH<br \/>\n3.02&Prime;<br \/>\nOVERALL LENGTH<br \/>\n7.34&Prime;<br \/>\nBELT CLIP TYPE<br \/>\nReversible Low-Carry<br \/>\nEDGE TYPE<br \/>\nStraight<br \/>\nBLADE SHAPE<br \/>\nTanto<br \/>\nHANDLE MATERIAL<br \/>\nG10<br \/>\nCOUNTRY OF ORIGIN<br \/>\nTaiwan<br \/>\nOPENING MECHANISM<br \/>\nXR Lock, Thumb Hole, Kick<br \/>\nBLADE STEEL TYPE<br \/>\nCRYO CTS XHP<br \/>\nHARDNESS<br \/>\n61-63<br \/>\nHANDLE COLOR<br \/>\nBlaze Orange<\/p>\n<p>&nbsp;<\/p>\n<p>&nbsp;<\/p>\n","protected":false},"excerpt":{"rendered":"<p>A\u0165 u\u017e chr\u00e1n\u00edte ostatn\u00ed nebo vedete epickou loveckou expedici, \u0159e\u0161\u00edte jednu z ka\u017edodenn\u00edch \u017eivotn\u00edch v\u00fdzev nebo se pot\u00fdk\u00e1te se sv\u00fdmi dosud nejextr\u00e9mn\u011bj\u0161\u00edmi podm\u00ednkami, ud\u011blejte si cestu se\u00a0<strong>SOG<\/strong>.<\/p>\n<p><strong>Na v\u0161echny no\u017ee SOG d\u00e1v\u00e1me do\u017eivotn\u00ed z\u00e1ruku!<\/strong><\/p>\n","protected":false},"featured_media":206668,"comment_status":"open","ping_status":"closed","template":"","meta":[],"pwb-brand":[591],"product_brand":[],"product_cat":[22,17],"product_tag":[3667],"class_list":{"0":"post-206667","1":"product","2":"type-product","3":"status-publish","4":"has-post-thumbnail","6":"pwb-brand-sog","7":"product_cat-zaviraci-noze","8":"product_cat-noze","9":"product_tag-b2b","11":"first","12":"instock","13":"taxable","14":"shipping-taxable","15":"purchasable","16":"product-type-simple"},"brands":[{"id":591,"name":"SOG","slug":"sog"}],"_links":{"self":[{"href":"https:\/\/www.moskito.cz\/fr\/wp-json\/wp\/v2\/product\/206667","targetHints":{"allow":["GET"]}}],"collection":[{"href":"https:\/\/www.moskito.cz\/fr\/wp-json\/wp\/v2\/product"}],"about":[{"href":"https:\/\/www.moskito.cz\/fr\/wp-json\/wp\/v2\/types\/product"}],"replies":[{"embeddable":true,"href":"https:\/\/www.moskito.cz\/fr\/wp-json\/wp\/v2\/comments?post=206667"}],"wp:featuredmedia":[{"embeddable":true,"href":"https:\/\/www.moskito.cz\/fr\/wp-json\/wp\/v2\/media\/206668"}],"wp:attachment":[{"href":"https:\/\/www.moskito.cz\/fr\/wp-json\/wp\/v2\/media?parent=206667"}],"wp:term":[{"taxonomy":"pwb-brand","embeddable":true,"href":"https:\/\/www.moskito.cz\/fr\/wp-json\/wp\/v2\/pwb-brand?post=206667"},{"taxonomy":"product_brand","embeddable":true,"href":"https:\/\/www.moskito.cz\/fr\/wp-json\/wp\/v2\/product_brand?post=206667"},{"taxonomy":"product_cat","embeddable":true,"href":"https:\/\/www.moskito.cz\/fr\/wp-json\/wp\/v2\/product_cat?post=206667"},{"taxonomy":"product_tag","embeddable":true,"href":"https:\/\/www.moskito.cz\/fr\/wp-json\/wp\/v2\/product_tag?post=206667"}],"curies":[{"name":"wp","href":"https:\/\/api.w.org\/{rel}","templated":true}]}}