{"id":210316,"date":"2022-01-06T21:31:37","date_gmt":"2022-01-06T20:31:37","guid":{"rendered":"https:\/\/www.moskito.cz\/?post_type=product&#038;p=210316"},"modified":"2025-05-07T10:37:01","modified_gmt":"2025-05-07T09:37:01","slug":"vystrelovaci-nuz-microtech-280-1dlctsh-signature-series-scarab-ii-shadow","status":"publish","type":"product","link":"https:\/\/www.moskito.cz\/fr\/produkt\/vystrelovaci-nuz-microtech-280-1dlctsh-signature-series-scarab-ii-shadow\/","title":{"rendered":"Vyst\u0159elovac\u00ed N\u016f\u017e Microtech 280-1DLCTSH Signature Series Scarab II Shadow"},"content":{"rendered":"<p><strong>Microtech<\/strong> Scarab II je vysoce kvalitn\u00ed taktick\u00fd p\u0159edn\u00ed n\u016f\u017e, zalo\u017een\u00fd na origin\u00e1ln\u00edm designu <strong>Microtech<\/strong> Ultratech. Scarab II, postaven\u00fd tak, aby odolal extr\u00e9m\u016fm, vynik\u00e1 ve vysoce intenzivn\u00edch skryt\u00fdch operac\u00edch. Scarab II je navr\u017een pro \u0161irok\u00e9 spektrum u\u017eite\u010dn\u00fdch a bojov\u00fdch aplikac\u00ed na bl\u00edzko pro pou\u017eit\u00ed kvalifikovan\u00fdmi pracovn\u00edky \u010dinn\u00fdmi v trestn\u00edm \u0159\u00edzen\u00ed, arm\u00e1dou a vl\u00e1dn\u00edmi agenturami. Scarab II je vyroben podle nejvy\u0161\u0161\u00edch mo\u017en\u00fdch standard\u016f, aby byla zaji\u0161t\u011bna spolehlivost a bezpe\u010dnost p\u0159i jeho pou\u017e\u00edv\u00e1n\u00ed. Vyzna\u010duje se jednoru\u010dn\u00edm, otev\u00edr\u00e1n\u00edm a zav\u00edr\u00e1n\u00edm, dvou\u010dinn\u00fdm p\u0159edn\u00edm designem (OTF) a \u010depel\u00ed s dvojit\u00fdm ost\u0159\u00edm. Skarabeus se vyr\u00e1b\u00ed s velkou, snadno uchopitelnou rukojet\u00ed, kter\u00e1 obsahuje protiskluzov\u00e9 \u00fachopov\u00e9 vlo\u017eky na obou stran\u00e1ch.<\/p>\n<p>Vyst\u0159elovac\u00ed N\u016f\u017e <strong>Microtech<\/strong> 280-1DLCTSH Signature Series Scarab II Shadow.<\/p>\n<p>Funkce<br \/>\nOboustrann\u00fd kapesn\u00ed klip<br \/>\nZa\u0159\u00edzen\u00ed na rozbit\u00ed skla zabudovan\u00e9 do zadn\u00ed \u010d\u00e1sti rukojeti<br \/>\n\u0160rouby odoln\u00e9 proti neopr\u00e1vn\u011bn\u00e9 manipulaci<br \/>\nN\u00e1stavec na \u0161\u0148\u016frku<br \/>\nVelk\u00e9 ovl\u00e1dac\u00ed tla\u010d\u00edtko pro um\u00edst\u011bn\u00ed rukavic<\/p>\n<p>Specifikace<br \/>\nAutomatick\u00e9 otev\u00edr\u00e1n\u00ed\/zav\u00edr\u00e1n\u00ed &#8211; p\u0159edn\u00ed otv\u00edr\u00e1k<br \/>\nAkce: Dual Action &#8211; Auto Fire\/Retract<br \/>\nVezm\u011bte pros\u00edm na v\u011bdom\u00ed, \u017ee ocel \u010depele nelze specifikovat, proto\u017ee se m\u016f\u017ee m\u011bnit v z\u00e1vislosti na dostupnosti (informace od Microtech)<br \/>\nD\u00e9lka \u010depele: 10 cm<br \/>\nStyl \u010depele: D\u00fdka s dvojitou hranou<br \/>\nMateri\u00e1l rukojeti: hlin\u00edk 6061-T6 s Mil-Spec Hard Coat eloxov\u00e1n\u00edm<br \/>\nD\u00e9lka v zav\u0159en\u00e9m stavu: 13 cm<br \/>\nD\u00e9lka v otev\u0159en\u00e9m stavu: 23 cm<br \/>\nMateri\u00e1l kapesn\u00ed spony: 301 Stainless Full Hard<br \/>\nStandardn\u00ed horn\u00ed: 6061-T6 AL slitina<br \/>\nSpou\u0161\u0165: 303 Nerez<br \/>\nRozb\u00edje\u010d oken<br \/>\nVyrobeno v USA<\/p>\n","protected":false},"excerpt":{"rendered":"<p>V pr\u016fb\u011bhu let\u00a0<strong>Microtech\u00ae Knives\u00a0<\/strong>naplnil v\u00e1\u0161n\u00ed a dovednost\u00ed v\u00fdrobu no\u017e\u016f, a\u017e z nich vytvo\u0159il t\u00e9m\u011b\u0159 um\u011bleck\u00e1 d\u00edla,kter\u00e9 jsou vrcholem funk\u010dnosti.V\u0161echny d\u00edly jsou vyrodeny v USA.<br \/>\n<strong>Na v\u0161echny no\u017ee Microtech je do\u017eivotn\u00ed z\u00e1ruka.<\/strong><\/p>\n<p><strong>Doprava zdarma.<\/strong><\/p>\n","protected":false},"featured_media":210317,"comment_status":"open","ping_status":"closed","template":"","meta":[],"pwb-brand":[431],"product_brand":[],"product_cat":[2019,17],"product_tag":[3667],"class_list":{"0":"post-210316","1":"product","2":"type-product","3":"status-publish","4":"has-post-thumbnail","6":"pwb-brand-microtech","7":"product_cat-vystrelovaci-noze","8":"product_cat-noze","9":"product_tag-b2b","11":"first","12":"outofstock","13":"taxable","14":"shipping-taxable","15":"purchasable","16":"product-type-simple"},"brands":[{"id":431,"name":"Microtech","slug":"microtech"}],"_links":{"self":[{"href":"https:\/\/www.moskito.cz\/fr\/wp-json\/wp\/v2\/product\/210316","targetHints":{"allow":["GET"]}}],"collection":[{"href":"https:\/\/www.moskito.cz\/fr\/wp-json\/wp\/v2\/product"}],"about":[{"href":"https:\/\/www.moskito.cz\/fr\/wp-json\/wp\/v2\/types\/product"}],"replies":[{"embeddable":true,"href":"https:\/\/www.moskito.cz\/fr\/wp-json\/wp\/v2\/comments?post=210316"}],"wp:featuredmedia":[{"embeddable":true,"href":"https:\/\/www.moskito.cz\/fr\/wp-json\/wp\/v2\/media\/210317"}],"wp:attachment":[{"href":"https:\/\/www.moskito.cz\/fr\/wp-json\/wp\/v2\/media?parent=210316"}],"wp:term":[{"taxonomy":"pwb-brand","embeddable":true,"href":"https:\/\/www.moskito.cz\/fr\/wp-json\/wp\/v2\/pwb-brand?post=210316"},{"taxonomy":"product_brand","embeddable":true,"href":"https:\/\/www.moskito.cz\/fr\/wp-json\/wp\/v2\/product_brand?post=210316"},{"taxonomy":"product_cat","embeddable":true,"href":"https:\/\/www.moskito.cz\/fr\/wp-json\/wp\/v2\/product_cat?post=210316"},{"taxonomy":"product_tag","embeddable":true,"href":"https:\/\/www.moskito.cz\/fr\/wp-json\/wp\/v2\/product_tag?post=210316"}],"curies":[{"name":"wp","href":"https:\/\/api.w.org\/{rel}","templated":true}]}}