{"id":211220,"date":"2022-02-19T15:21:29","date_gmt":"2022-02-19T14:21:29","guid":{"rendered":"https:\/\/www.moskito.cz\/?post_type=product&#038;p=211220"},"modified":"2025-05-07T10:37:17","modified_gmt":"2025-05-07T09:37:17","slug":"zaviraci-nuz-microtech-socom-bravo-titanium-carbon-261-7cfti","status":"publish","type":"product","link":"https:\/\/www.moskito.cz\/fr\/produkt\/zaviraci-nuz-microtech-socom-bravo-titanium-carbon-261-7cfti\/","title":{"rendered":"Zav\u00edrac\u00ed N\u016f\u017e Microtech Socom Bravo 4 Titanium Carbon 261-7CFTI"},"content":{"rendered":"<p>Zav\u00edrac\u00ed N\u016f\u017e <strong>Microtech<\/strong> Socom Bravo 4 Titanium Carbon 261-7CFTI<\/p>\n<p>Nov\u00e9 Socom Bravo od spole\u010dnosti Microtech, kter\u00e1 se p\u0159i v\u00fdrob\u011b t\u00e9to edice spojila s Rike Knives. Tento model je vybaven rukojet\u00ed Blasted Titanium se stupnic\u00ed z uhl\u00edkov\u00fdch vl\u00e1ken. Vyzna\u010duje se jednob\u0159itou \u010depel\u00ed z oceli M390 s jedn\u00edm ost\u0159\u00edm. Modr\u00fd titanov\u00fd oto\u010dn\u00fd l\u00edmec.<\/p>\n<p>Microtech Socom Bravo Single Edge Bead Blast Finish Titanov\u00e1 rukoje\u0165 se \u0161upinami z uhl\u00edkov\u00fdch vl\u00e1ken Blue Pivot Collar 260-7 CTFI<\/p>\n<p>\u010c\u00edslo modelu: 261-7 CTFI<br \/>\nCelkov\u00e1 d\u00e9lka: 22.5 cm<br \/>\nD\u00e9lka \u010depele: 10 cm<br \/>\nD\u00e9lka rukojeti: 12.5 cm<br \/>\nMateri\u00e1l \u010depele: M390<br \/>\nStyl \u010depele: Single Edge<br \/>\nBarva: Blasted Ti z uhl\u00edkov\u00fdch vl\u00e1ken<br \/>\nHmotnost: 5,8 oz.<\/p>\n<p><iframe title=\"SOCOM Bravo: Limited Edition Serrated and Signed by Anthony Marfione\" width=\"800\" height=\"450\" src=\"https:\/\/www.youtube.com\/embed\/_cp-uC2gPBM?feature=oembed\" frameborder=\"0\" allow=\"accelerometer; autoplay; clipboard-write; encrypted-media; gyroscope; picture-in-picture; web-share\" referrerpolicy=\"strict-origin-when-cross-origin\" allowfullscreen><\/iframe><\/p>\n","protected":false},"excerpt":{"rendered":"<div class=\"elementor-element elementor-element-bbb542b elementor-widget elementor-widget-woocommerce-product-short-description\" data-id=\"bbb542b\" data-element_type=\"widget\" data-widget_type=\"woocommerce-product-short-description.default\">\n<div class=\"elementor-widget-container\">\n<div class=\"woocommerce-product-details__short-description\">\n<p>V pr\u016fb\u011bhu let <strong>Microtech\u00ae Knives <\/strong>naplnil v\u00e1\u0161n\u00ed a dovednost\u00ed v\u00fdrobu no\u017e\u016f, a\u017e z nich vytvo\u0159il t\u00e9m\u011b\u0159 um\u011bleck\u00e1 d\u00edla,kter\u00e9 jsou vrcholem funk\u010dnosti. V\u0161echny d\u00edly jsou vyrobeny v USA.<br \/>\n<strong>Na v\u0161echny no\u017ee Microtech je do\u017eivotn\u00ed z\u00e1ruka.<\/strong><\/p>\n<p><strong>Doprava zdarma.<\/strong><\/p>\n<\/div>\n<\/div>\n<\/div>\n","protected":false},"featured_media":227089,"comment_status":"open","ping_status":"closed","template":"","meta":[],"pwb-brand":[431],"product_brand":[],"product_cat":[22,17],"product_tag":[3667],"class_list":{"0":"post-211220","1":"product","2":"type-product","3":"status-publish","4":"has-post-thumbnail","6":"pwb-brand-microtech","7":"product_cat-zaviraci-noze","8":"product_cat-noze","9":"product_tag-b2b","11":"first","12":"outofstock","13":"taxable","14":"shipping-taxable","15":"purchasable","16":"product-type-simple"},"brands":[{"id":431,"name":"Microtech","slug":"microtech"}],"_links":{"self":[{"href":"https:\/\/www.moskito.cz\/fr\/wp-json\/wp\/v2\/product\/211220","targetHints":{"allow":["GET"]}}],"collection":[{"href":"https:\/\/www.moskito.cz\/fr\/wp-json\/wp\/v2\/product"}],"about":[{"href":"https:\/\/www.moskito.cz\/fr\/wp-json\/wp\/v2\/types\/product"}],"replies":[{"embeddable":true,"href":"https:\/\/www.moskito.cz\/fr\/wp-json\/wp\/v2\/comments?post=211220"}],"wp:featuredmedia":[{"embeddable":true,"href":"https:\/\/www.moskito.cz\/fr\/wp-json\/wp\/v2\/media\/227089"}],"wp:attachment":[{"href":"https:\/\/www.moskito.cz\/fr\/wp-json\/wp\/v2\/media?parent=211220"}],"wp:term":[{"taxonomy":"pwb-brand","embeddable":true,"href":"https:\/\/www.moskito.cz\/fr\/wp-json\/wp\/v2\/pwb-brand?post=211220"},{"taxonomy":"product_brand","embeddable":true,"href":"https:\/\/www.moskito.cz\/fr\/wp-json\/wp\/v2\/product_brand?post=211220"},{"taxonomy":"product_cat","embeddable":true,"href":"https:\/\/www.moskito.cz\/fr\/wp-json\/wp\/v2\/product_cat?post=211220"},{"taxonomy":"product_tag","embeddable":true,"href":"https:\/\/www.moskito.cz\/fr\/wp-json\/wp\/v2\/product_tag?post=211220"}],"curies":[{"name":"wp","href":"https:\/\/api.w.org\/{rel}","templated":true}]}}