{"id":212254,"date":"2022-03-02T21:48:43","date_gmt":"2022-03-02T20:48:43","guid":{"rendered":"https:\/\/www.moskito.cz\/?post_type=product&#038;p=212254"},"modified":"2025-05-07T10:37:39","modified_gmt":"2025-05-07T09:37:39","slug":"zaviraci-nuz-giantmouse-ace-clyde-red-aluminum","status":"publish","type":"product","link":"https:\/\/www.moskito.cz\/fr\/produkt\/zaviraci-nuz-giantmouse-ace-clyde-red-aluminum\/","title":{"rendered":"Zav\u00edrac\u00ed N\u016f\u017e GiantMouse ACE CLYDE &#8211; RED ALUMINUM"},"content":{"rendered":"<p>Zav\u00edrac\u00ed N\u016f\u017e <strong>GiantMouse<\/strong> ACE CLYDE &#8211; RED ALUMINUM.<\/p>\n<p>SPR\u00c1VN\u00c9 NO\u017dE.\u00ae<\/p>\n<p>Pod\u00edvejte se na celou recenzi Clyde na PackConfig<\/p>\n<p>Seznamte se s Clydem&#8230;<\/p>\n<p>V\u00edce \u201elidov\u00e9\u201c ne\u017e \u201elore\u201c.<br \/>\nV\u00edce \u201em\u011bstsk\u00e9\u201c ne\u017e \u201elegendy\u201c.<br \/>\nSp\u00ed\u0161 \u201eblb\u00fd\u201c ne\u017e \u201egalantn\u00ed\u201c.<\/p>\n<p>Mo\u017en\u00e1 je to na\u0161e chyba, \u017ee Clyde dopadl tak, jak dopadl. Koneckonc\u016f, pojmenovali jsme ho po na\u0161em obl\u00edben\u00e9m napajedlu v Portlandu, \u201eThe Clyde Common\u201c, kter\u00fd se nach\u00e1z\u00ed v hotelu ACE ve \u010dtvrti Pearl. A vytvo\u0159ili jsme ho jako sm\u011bs Skandin\u00e1vie, Japonska a flirtov\u00e1n\u00ed s Per\u0161any &#8211; z toho nem\u016f\u017ee vzej\u00edt \u017e\u00e1dn\u00e9 dobr\u00e9 milovan\u00e9 d\u00edt\u011b\u2026 nebo ano? No, to si ur\u010dit\u011b mysl\u00edme!<\/p>\n<p>Nov\u00fd Aluminium Clyde byl vyroben na po\u010dest domu Clydeovy m\u00e1my&#8230; nebo vlastn\u011b karavanu, r\u016f\u017eov\u00fd Airstream z roku 1969, ve kter\u00e9m Clyde vyr\u016fstal a\u017e do sv\u00fdch t\u0159in\u00e1ct\u00fdch narozenin, kdy vstoupil do Ble\u0161\u00edho cirkusu&#8230; ale to je jin\u00fd p\u0159\u00edb\u011bh.<\/p>\n<p>Pro Aluminium Clyde jsme pou\u017eili ocel N690 pro nahoru zahnutou \u010depel. Rukoje\u0165 vypad\u00e1 men\u0161\u00ed, ne\u017e se zd\u00e1, stejn\u011b jako Clyde tvrd\u00ed v jin\u00fdch z\u00e1le\u017eitostech, a ergonomie no\u017ee v\u00e1s mo\u017en\u00e1 p\u0159ekvap\u00ed vzhledem k jeho jednoduch\u00fdm lini\u00edm.<\/p>\n<p>Mysl\u00edme si, \u017ee Clyde je perfektn\u00ed EDC n\u016f\u017e, a pokud jste si toho je\u0161t\u011b nev\u0161imli, m\u00e1 spoustu p\u0159\u00edstupu, kter\u00fd ho odli\u0161\u00ed!<\/p>\n<p>SPECIFIKACE<\/p>\n<p>Materi\u00e1ly:<br \/>\n\u010cepel Ocel: N690. Sat\u00e9nov\u00e9 proveden\u00ed.<br \/>\nRukoje\u0165: \u010cerven\u00fd hlin\u00edk.<br \/>\nKlip: dr\u00e1t.<br \/>\nVlo\u017eka: AISI 420 Kalen\u00e1 &#8211; pota\u017eena PTFE .<br \/>\nOto\u010dn\u00fd mechanismus: Bronzov\u00e9 podlo\u017eky.<br \/>\nUzamykac\u00ed mechanismus: Liner lock.<\/p>\n<p>Rozm\u011bry:<br \/>\nD\u00e9lka \u010depele: 3&Prime; (77 mm) &#8211; m\u011b\u0159eno od \u0161pi\u010dky k p\u0159edn\u00ed \u010d\u00e1sti r\u00e1mu<br \/>\nTlou\u0161\u0165ka \u010depele: 0,118&Prime; (3 mm)<br \/>\nD\u00e9lka rukojeti: 3,94&Prime; (100 mm)<br \/>\nCelkov\u00e1 d\u00e9lka: 6,97&Prime; (177 mm)<br \/>\nHmotnost: 2,8 oz ( 79,4 g)<\/p>\n<p>&nbsp;<\/p>\n","protected":false},"excerpt":{"rendered":"<p>My\u0161lenka\u00a0<strong>GiantMouse<\/strong>\u00a0vznikla nad drinky jednoho ve\u010dera b\u011bhem americk\u00e9 show no\u017e\u016f v roce 2015. D\u00e1n\u0161t\u00ed design\u00e9\u0159i \/ no\u017e\u00ed\u0159i Jens Ans\u00f8 a Jesper Voxnaes (Vox) se spolu se sv\u00fdm americk\u00fdm podnikatelsk\u00fdm p\u0159\u00edtelem Jimem Wirthem rozhodli, \u017ee by mohli postavit lep\u0161\u00ed past na my\u0161i. mluvit. Zna\u010dka no\u017e\u016f, kter\u00e1 dok\u00e1\u017ee poskytnout \u00fa\u017easn\u00e9 designy no\u017e\u016f, s nejvy\u0161\u0161\u00ed mo\u017enou kvalitou v\u00fdroby, za f\u00e9rovou cenu a p\u0159itom z\u016fst\u00e1v\u00e1 \u00fazce zapojena do komunity sv\u00fdch z\u00e1kazn\u00edk\u016f.<\/p>\n<p><strong>Doprava zdarma.<\/strong><\/p>\n","protected":false},"featured_media":212255,"comment_status":"open","ping_status":"closed","template":"","meta":[],"pwb-brand":[3228],"product_brand":[],"product_cat":[22,17],"product_tag":[],"class_list":{"0":"post-212254","1":"product","2":"type-product","3":"status-publish","4":"has-post-thumbnail","6":"pwb-brand-giantmouse","7":"product_cat-zaviraci-noze","8":"product_cat-noze","10":"first","11":"instock","12":"taxable","13":"shipping-taxable","14":"purchasable","15":"product-type-simple"},"brands":[{"id":3228,"name":"GiantMouse","slug":"giantmouse"}],"_links":{"self":[{"href":"https:\/\/www.moskito.cz\/fr\/wp-json\/wp\/v2\/product\/212254","targetHints":{"allow":["GET"]}}],"collection":[{"href":"https:\/\/www.moskito.cz\/fr\/wp-json\/wp\/v2\/product"}],"about":[{"href":"https:\/\/www.moskito.cz\/fr\/wp-json\/wp\/v2\/types\/product"}],"replies":[{"embeddable":true,"href":"https:\/\/www.moskito.cz\/fr\/wp-json\/wp\/v2\/comments?post=212254"}],"wp:featuredmedia":[{"embeddable":true,"href":"https:\/\/www.moskito.cz\/fr\/wp-json\/wp\/v2\/media\/212255"}],"wp:attachment":[{"href":"https:\/\/www.moskito.cz\/fr\/wp-json\/wp\/v2\/media?parent=212254"}],"wp:term":[{"taxonomy":"pwb-brand","embeddable":true,"href":"https:\/\/www.moskito.cz\/fr\/wp-json\/wp\/v2\/pwb-brand?post=212254"},{"taxonomy":"product_brand","embeddable":true,"href":"https:\/\/www.moskito.cz\/fr\/wp-json\/wp\/v2\/product_brand?post=212254"},{"taxonomy":"product_cat","embeddable":true,"href":"https:\/\/www.moskito.cz\/fr\/wp-json\/wp\/v2\/product_cat?post=212254"},{"taxonomy":"product_tag","embeddable":true,"href":"https:\/\/www.moskito.cz\/fr\/wp-json\/wp\/v2\/product_tag?post=212254"}],"curies":[{"name":"wp","href":"https:\/\/api.w.org\/{rel}","templated":true}]}}