{"id":212562,"date":"2022-03-05T22:14:35","date_gmt":"2022-03-05T21:14:35","guid":{"rendered":"https:\/\/www.moskito.cz\/?post_type=product&#038;p=212562"},"modified":"2025-05-07T10:37:44","modified_gmt":"2025-05-07T09:37:44","slug":"vystrelovaci-nuz-heretic-knives-manticore-x-otf-h030b-8a-jade","status":"publish","type":"product","link":"https:\/\/www.moskito.cz\/fr\/produkt\/vystrelovaci-nuz-heretic-knives-manticore-x-otf-h030b-8a-jade\/","title":{"rendered":"Vyst\u0159elovac\u00ed N\u016f\u017e Heretic Knives Manticore X OTF H030B-8A-JADE"},"content":{"rendered":"<p>Vyst\u0159elovac\u00ed N\u016f\u017e <strong>Heretic Knives<\/strong> Manticore X OTF H030B-8A-JADE.<\/p>\n<p>Manticore X je nejnov\u011bj\u0161\u00ed OTF nab\u00eddka spole\u010dnosti Heretic a nejv\u011bt\u0161\u00ed ze s\u00e9rie Manticore. Tento n\u016f\u017e je 100% vyroben a sestaven v USA. D\u00edky na\u0161\u00ed do\u017eivotn\u00ed z\u00e1ruce si m\u016f\u017eete b\u00fdt jisti, \u017ee tento OTF vydr\u017e\u00ed. Hedv\u00e1bn\u011b hladk\u00e9 nasazen\u00ed jednou rukou a zata\u017een\u00ed jsou standardn\u00ed operace na\u0161eho Manticore. X m\u00e1 integrovan\u00fd otvor pro \u0161\u0148\u016frku, rozb\u00edje\u010d skla z tvrzen\u00e9 oceli a hlubokou sponu.<\/p>\n<p>Heretic Manticore-X OTF Auto Bowie Edge se spodn\u00ed \u010d\u00e1st\u00ed Jade G-10 a knofl\u00edkem s \u010dernou \u010depel\u00ed opot\u0159ebovanou bitvou H030B-8A-JADE<\/p>\n<p>\u010c\u00edslo modelu: H030B-8A-JADE<br \/>\nCelkov\u00e1 d\u00e9lka: 23 cm<br \/>\nD\u00e9lka \u010depele: 9.25 cm<br \/>\nMateri\u00e1l \u010depele: ELMAX<br \/>\nStyl \u010depele: Bowie Edge<br \/>\nDokon\u010den\u00ed: Battleweard<br \/>\nBarva: \u010cern\u00e1 horn\u00ed\/Jade Green G-10 Spodn\u00ed \u010d\u00e1st<br \/>\nHmotnost: 4,5 oz<\/p>\n<p><iframe title=\"Heretic Shop Video\" width=\"800\" height=\"450\" src=\"https:\/\/www.youtube.com\/embed\/7qUL5q7Cvgo?feature=oembed\" frameborder=\"0\" allow=\"accelerometer; autoplay; clipboard-write; encrypted-media; gyroscope; picture-in-picture; web-share\" referrerpolicy=\"strict-origin-when-cross-origin\" allowfullscreen><\/iframe><\/p>\n<p>&nbsp;<\/p>\n","protected":false},"excerpt":{"rendered":"<p>V\u0161echny na\u0161e no\u017ee jsou vyrobeny v USA a tak to zachov\u00e1me.\u00a0Kdy\u017e si koup\u00edte n\u011bkter\u00fd z na\u0161ich no\u017e\u016f, m\u016f\u017eete m\u00edt d\u016fv\u011bru ve sv\u016fj n\u00e1stroj s v\u011bdom\u00edm, \u017ee je podporov\u00e1n americkou spole\u010dnost\u00ed.\u00a0Na\u0161e no\u017ee jsou vyr\u00e1b\u011bny v mal\u00fdch s\u00e9ri\u00edch, abychom zajistili, \u017ee dostanete kvalitn\u00ed n\u016f\u017e, kter\u00e9mu se nedost\u00e1v\u00e1 pozornosti, jak\u00e9 se nedost\u00e1v\u00e1 jin\u00fdm s\u00e9riov\u011b vyr\u00e1b\u011bn\u00fdm no\u017e\u016fm.<\/p>\n<p><strong>Doprava zdarma.<\/strong><\/p>\n","protected":false},"featured_media":212563,"comment_status":"open","ping_status":"closed","template":"","meta":[],"pwb-brand":[318],"product_brand":[],"product_cat":[2019,17],"product_tag":[],"class_list":{"0":"post-212562","1":"product","2":"type-product","3":"status-publish","4":"has-post-thumbnail","6":"pwb-brand-heretic-knives","7":"product_cat-vystrelovaci-noze","8":"product_cat-noze","10":"first","11":"instock","12":"taxable","13":"shipping-taxable","14":"purchasable","15":"product-type-simple"},"brands":[{"id":318,"name":"Heretic Knives","slug":"heretic-knives"}],"_links":{"self":[{"href":"https:\/\/www.moskito.cz\/fr\/wp-json\/wp\/v2\/product\/212562","targetHints":{"allow":["GET"]}}],"collection":[{"href":"https:\/\/www.moskito.cz\/fr\/wp-json\/wp\/v2\/product"}],"about":[{"href":"https:\/\/www.moskito.cz\/fr\/wp-json\/wp\/v2\/types\/product"}],"replies":[{"embeddable":true,"href":"https:\/\/www.moskito.cz\/fr\/wp-json\/wp\/v2\/comments?post=212562"}],"wp:featuredmedia":[{"embeddable":true,"href":"https:\/\/www.moskito.cz\/fr\/wp-json\/wp\/v2\/media\/212563"}],"wp:attachment":[{"href":"https:\/\/www.moskito.cz\/fr\/wp-json\/wp\/v2\/media?parent=212562"}],"wp:term":[{"taxonomy":"pwb-brand","embeddable":true,"href":"https:\/\/www.moskito.cz\/fr\/wp-json\/wp\/v2\/pwb-brand?post=212562"},{"taxonomy":"product_brand","embeddable":true,"href":"https:\/\/www.moskito.cz\/fr\/wp-json\/wp\/v2\/product_brand?post=212562"},{"taxonomy":"product_cat","embeddable":true,"href":"https:\/\/www.moskito.cz\/fr\/wp-json\/wp\/v2\/product_cat?post=212562"},{"taxonomy":"product_tag","embeddable":true,"href":"https:\/\/www.moskito.cz\/fr\/wp-json\/wp\/v2\/product_tag?post=212562"}],"curies":[{"name":"wp","href":"https:\/\/api.w.org\/{rel}","templated":true}]}}