{"id":212734,"date":"2022-03-08T22:14:39","date_gmt":"2022-03-08T21:14:39","guid":{"rendered":"https:\/\/www.moskito.cz\/?post_type=product&#038;p=212734"},"modified":"2025-05-07T10:37:47","modified_gmt":"2025-05-07T09:37:47","slug":"zaviraci-nuz-rikeknife-thor7-bb","status":"publish","type":"product","link":"https:\/\/www.moskito.cz\/fr\/produkt\/zaviraci-nuz-rikeknife-thor7-bb\/","title":{"rendered":"Zav\u00edrac\u00ed N\u016f\u017e RikeKnife Thor7-BB"},"content":{"rendered":"<p>Zav\u00edrac\u00ed N\u016f\u017e <strong>RikeKnife<\/strong> Thor7-BB.<\/p>\n<p><strong>Rikeknife<\/strong> je origin\u00e1ln\u00ed zna\u010dka navr\u017een\u00e1 na\u0161\u00edm zakladatelem Richardem Wu. Je dlouholet\u00fdm nad\u0161encem do no\u017e\u016f, m\u00e1 zku\u0161enosti s mechanick\u00fdm designem a v\u00fdrobou, neust\u00e1le usiluje o dokonalost a detailn\u00ed dokonalost ve v\u0161ech designech no\u017e\u016f vyr\u00e1b\u011bn\u00fdch Rikeknife.<\/p>\n<p>N\u00e1zev zna\u010dky byl odvozen od prvn\u00edch dvou p\u00edsmen jeho jm\u00e9na, pot\u00e9 se zm\u011bnil a pojmenoval Rike. Rikeknife je nov\u011b vznikaj\u00edc\u00ed origin\u00e1ln\u00ed zna\u010dka no\u017e\u016f, kter\u00e1 je p\u0159edstavitelem vysoce kvalitn\u00ed \u010d\u00ednsk\u00e9 v\u00fdroby.<\/p>\n<p>Na\u0161e zna\u010dka je zalo\u017eena v origin\u00e1ln\u00edm designu, pro kter\u00fd m\u00e1me profesion\u00e1ln\u00ed design\u00e9rsk\u00fd t\u00fdm a vlastn\u00ed nez\u00e1vislou tov\u00e1rnu. Trouf\u00e1me si st\u00e1t se inov\u00e1tory a zpochybnit tradi\u010dn\u00ed postupy tradi\u010dn\u00edch i modern\u00edch zna\u010dek no\u017e\u016f. V\u017edy se budeme sna\u017eit pou\u017e\u00edvat ty nejlep\u0161\u00ed materi\u00e1ly k v\u00fdrob\u011b no\u017e\u016f vynikaj\u00edc\u00ed kvality pro z\u00e1kazn\u00edky po cel\u00e9m sv\u011bt\u011b.<\/p>\n<p>Model:Thor7<br \/>\nCelkov\u00e1 d\u00e9lka: 8,26&Prime; (21CM)<br \/>\nD\u00e9lka \u010depele: 3,54&Prime; (9CM)<br \/>\nMateri\u00e1l \u010depele: 154CM<br \/>\nTlou\u0161\u0165ka \u010depele: 0,12&Prime; (3,3 mm)<br \/>\nMateri\u00e1l rukojeti: Integral Titan + G10<br \/>\nMateri\u00e1l klipu: 6AL4V Titan<br \/>\nHmotnost: 3,17 oz. ( 90g)<br \/>\nOtv\u00edr\u00e1k:Flipper Lock<br \/>\nTyp z\u00e1mku:Liner Lock<br \/>\nBarva: \u010cern\u00e1 Modr\u00e1<\/p>\n","protected":false},"excerpt":{"rendered":"<p><strong>Rikeknife<\/strong>\u00a0je origin\u00e1ln\u00ed zna\u010dka navr\u017een\u00e1 na\u0161\u00edm zakladatelem Richardem Wu.\u00a0Je dlouholet\u00fdm nad\u0161encem do no\u017e\u016f, m\u00e1 zku\u0161enosti s mechanick\u00fdm designem a v\u00fdrobou, neust\u00e1le usiluje o dokonalost a detailn\u00ed dokonalost ve v\u0161ech designech no\u017e\u016f vyr\u00e1b\u011bn\u00fdch\u00a0<strong>Rikeknife.<\/strong><\/p>\n","protected":false},"featured_media":212928,"comment_status":"open","ping_status":"closed","template":"","meta":[],"pwb-brand":[1318],"product_brand":[],"product_cat":[22,17],"product_tag":[],"class_list":{"0":"post-212734","1":"product","2":"type-product","3":"status-publish","4":"has-post-thumbnail","6":"pwb-brand-rike-knife","7":"product_cat-zaviraci-noze","8":"product_cat-noze","10":"first","11":"outofstock","12":"taxable","13":"shipping-taxable","14":"purchasable","15":"product-type-simple"},"brands":[{"id":1318,"name":"Rike Knife","slug":"rike-knife"}],"_links":{"self":[{"href":"https:\/\/www.moskito.cz\/fr\/wp-json\/wp\/v2\/product\/212734","targetHints":{"allow":["GET"]}}],"collection":[{"href":"https:\/\/www.moskito.cz\/fr\/wp-json\/wp\/v2\/product"}],"about":[{"href":"https:\/\/www.moskito.cz\/fr\/wp-json\/wp\/v2\/types\/product"}],"replies":[{"embeddable":true,"href":"https:\/\/www.moskito.cz\/fr\/wp-json\/wp\/v2\/comments?post=212734"}],"wp:featuredmedia":[{"embeddable":true,"href":"https:\/\/www.moskito.cz\/fr\/wp-json\/wp\/v2\/media\/212928"}],"wp:attachment":[{"href":"https:\/\/www.moskito.cz\/fr\/wp-json\/wp\/v2\/media?parent=212734"}],"wp:term":[{"taxonomy":"pwb-brand","embeddable":true,"href":"https:\/\/www.moskito.cz\/fr\/wp-json\/wp\/v2\/pwb-brand?post=212734"},{"taxonomy":"product_brand","embeddable":true,"href":"https:\/\/www.moskito.cz\/fr\/wp-json\/wp\/v2\/product_brand?post=212734"},{"taxonomy":"product_cat","embeddable":true,"href":"https:\/\/www.moskito.cz\/fr\/wp-json\/wp\/v2\/product_cat?post=212734"},{"taxonomy":"product_tag","embeddable":true,"href":"https:\/\/www.moskito.cz\/fr\/wp-json\/wp\/v2\/product_tag?post=212734"}],"curies":[{"name":"wp","href":"https:\/\/api.w.org\/{rel}","templated":true}]}}