{"id":213286,"date":"2022-03-27T21:17:59","date_gmt":"2022-03-27T20:17:59","guid":{"rendered":"https:\/\/www.moskito.cz\/?post_type=product&#038;p=213286"},"modified":"2026-02-21T19:51:41","modified_gmt":"2026-02-21T18:51:41","slug":"zaviraci-nuz-extrema-ratio-bd2-lucky-black","status":"publish","type":"product","link":"https:\/\/www.moskito.cz\/fr\/produkt\/zaviraci-nuz-extrema-ratio-bd2-lucky-black\/","title":{"rendered":"Zav\u00edrac\u00ed N\u016f\u017e Extrema Ratio BD2 LUCKY BLACK"},"content":{"rendered":"<p>Zav\u00edrac\u00ed N\u016f\u017e <strong>Extrema Ratio<\/strong> BD2 LUCKY BLACK.<\/p>\n<p>St\u0159edn\u00ed uzamykateln\u00e9 z \u0159ady BD. Vyr\u00e1b\u00ed se s hlin\u00edkovou rukojet\u00ed, kter\u00e1 zvy\u0161uje jej\u00ed vlastnosti odolnosti a lehkosti, a to i d\u00edky ocelov\u00e9mu r\u00e1mu. Blokovac\u00ed mechanismus \u010depele je osv\u011bd\u010den\u00fd LINER-LOCK. Model si zachov\u00e1v\u00e1 v\u0161echny vlastnosti BD\u00d8. Li\u0161\u00ed se od n\u011bj d\u00e9lkou \u010depele 96 mm.M\u00e1 dvojit\u00fd chr\u00e1ni\u010d pro v\u011bt\u0161\u00ed ochranu ruky p\u0159i pou\u017e\u00edv\u00e1n\u00ed.Dostupn\u00fd v proveden\u00ed Black a Desert.<\/p>\n<p>V\u00c1HA G.: 107<br \/>\nHMOTNOST OZ: 3,77<br \/>\nD\u00c9LKA \u010cEPELE (MM): 96<br \/>\nD\u00c9LKA \u010cEPELE (IN): 3,77<br \/>\nCELKOV\u00c1 D\u00c9LKA (MM): 225<br \/>\nCELKOV\u00c1 D\u00c9LKA (V): 8,85<br \/>\nTLOU\u0160\u0164KA \u010cEPELE (MM): 3<br \/>\nTLOU\u0160\u0164KA \u010cEPELE (IN): 0,11<br \/>\nMATERI\u00c1L \u010cEPELE: B\u00d6HLER N690 STEEL (58HRC)<br \/>\nPOVRCHOV\u00c1 \u00daPRAVA NO\u017dE: MIL-C-13924 BURNISH<br \/>\n\u0160IPKA \u010cEPELE: PLOCH\u00dd DR\u00c1T<br \/>\nMATERI\u00c1L RUKOJETI: ELOXOVAN\u00dd ANTIKOROD\u00c1LN\u00cd HLIN\u00cdK<\/p>\n","protected":false},"excerpt":{"rendered":"<p>Spole\u010dnost\u00a0<strong>Extrema Ratio<\/strong>\u00a0se s\u00eddlem v italsk\u00e9m Pratu navrhuje a vyr\u00e1b\u00ed vysoce v\u00fdkonn\u00e9 bojov\u00e9, vojensk\u00e9, kuchy\u0148sk\u00e9, loveck\u00e9 a taktick\u00e9 no\u017ee od roku 1997 a m\u00e1 pov\u011bst vynikaj\u00edc\u00ed kvality, kter\u00e1 je v oboru vojensk\u00fdch a taktick\u00fdch no\u017e\u016f nep\u0159ekonateln\u00e1.\u00a0<strong>Doprava zdarma.<\/strong><\/p>\n","protected":false},"featured_media":213287,"comment_status":"open","ping_status":"closed","template":"","meta":[],"pwb-brand":[267],"product_brand":[],"product_cat":[22,17],"product_tag":[3667],"class_list":{"0":"post-213286","1":"product","2":"type-product","3":"status-publish","4":"has-post-thumbnail","6":"pwb-brand-extrema-ratio","7":"product_cat-zaviraci-noze","8":"product_cat-noze","9":"product_tag-b2b","11":"first","12":"outofstock","13":"taxable","14":"shipping-taxable","15":"purchasable","16":"product-type-simple"},"brands":[{"id":267,"name":"Extrema Ratio","slug":"extrema-ratio"}],"_links":{"self":[{"href":"https:\/\/www.moskito.cz\/fr\/wp-json\/wp\/v2\/product\/213286","targetHints":{"allow":["GET"]}}],"collection":[{"href":"https:\/\/www.moskito.cz\/fr\/wp-json\/wp\/v2\/product"}],"about":[{"href":"https:\/\/www.moskito.cz\/fr\/wp-json\/wp\/v2\/types\/product"}],"replies":[{"embeddable":true,"href":"https:\/\/www.moskito.cz\/fr\/wp-json\/wp\/v2\/comments?post=213286"}],"wp:featuredmedia":[{"embeddable":true,"href":"https:\/\/www.moskito.cz\/fr\/wp-json\/wp\/v2\/media\/213287"}],"wp:attachment":[{"href":"https:\/\/www.moskito.cz\/fr\/wp-json\/wp\/v2\/media?parent=213286"}],"wp:term":[{"taxonomy":"pwb-brand","embeddable":true,"href":"https:\/\/www.moskito.cz\/fr\/wp-json\/wp\/v2\/pwb-brand?post=213286"},{"taxonomy":"product_brand","embeddable":true,"href":"https:\/\/www.moskito.cz\/fr\/wp-json\/wp\/v2\/product_brand?post=213286"},{"taxonomy":"product_cat","embeddable":true,"href":"https:\/\/www.moskito.cz\/fr\/wp-json\/wp\/v2\/product_cat?post=213286"},{"taxonomy":"product_tag","embeddable":true,"href":"https:\/\/www.moskito.cz\/fr\/wp-json\/wp\/v2\/product_tag?post=213286"}],"curies":[{"name":"wp","href":"https:\/\/api.w.org\/{rel}","templated":true}]}}