{"id":213338,"date":"2022-03-28T19:59:31","date_gmt":"2022-03-28T18:59:31","guid":{"rendered":"https:\/\/www.moskito.cz\/?post_type=product&#038;p=213338"},"modified":"2025-12-21T17:09:08","modified_gmt":"2025-12-21T16:09:08","slug":"zaviraci-nuz-extrema-ratio-bd2-contractor-desert","status":"publish","type":"product","link":"https:\/\/www.moskito.cz\/fr\/produkt\/zaviraci-nuz-extrema-ratio-bd2-contractor-desert\/","title":{"rendered":"Zav\u00edrac\u00ed N\u016f\u017e Extrema Ratio BD2 CONTRACTOR DESERT"},"content":{"rendered":"<p>Zav\u00edrac\u00ed N\u016f\u017e <strong>Extrema Ratio<\/strong> BD2 CONTRACTOR DESERT.<\/p>\n<p>BD2 CONTRACTOR je z\u00e1kladn\u00ed n\u016f\u017e \u0159ady BD. Jeho \u010depel zahrnuje klasick\u00fd italsk\u00fd styl s tvarem listu \u0159ady BD. M\u00e1 dvojit\u00fd z\u00e1vit, dvojit\u00e9 zoubkov\u00e1n\u00ed a dvojitou ochranu pro v\u011bt\u0161\u00ed ochranu ruky p\u0159i pou\u017e\u00edv\u00e1n\u00ed. K dispozici v \u010dern\u00e9 a Desert verzi.<\/p>\n<p>V\u00c1HA G.: 105<br \/>\nHMOTNOST OZ: 3,70<br \/>\nD\u00c9LKA \u010cEPELE (MM): 94<br \/>\nD\u00c9LKA \u010cEPELE (IN): 3,70<br \/>\nCELKOV\u00c1 D\u00c9LKA (MM): 222<br \/>\nCELKOV\u00c1 D\u00c9LKA (V): 8,74<br \/>\nTLOU\u0160\u0164KA \u010cEPELE (MM): 3<br \/>\nTLOU\u0160\u0164KA \u010cEPELE (IN): 0,12<br \/>\n\u010c\u00c1STE\u010cN\u00c9 ZUBY (MM): 20<br \/>\n\u010c\u00c1STE\u010cN\u00c9 ZUBY (V): 0,78<br \/>\nMATERI\u00c1L \u010cEPELE: B\u00d6HLER N690 STEEL (58HRC)<br \/>\nPOVRCHOV\u00c1 \u00daPRAVA \u010cEPELE: MYT\u00dd KAMENEM<br \/>\n\u0160IPKA \u010cEPELE: PLOCH\u00dd DR\u00c1T<br \/>\nMATERI\u00c1L RUKOJETI: ELOXOVAN\u00dd ANTIKOROD\u00c1LN\u00cd HLIN\u00cdK<\/p>\n<p>&nbsp;<\/p>\n","protected":false},"excerpt":{"rendered":"<p>Spole\u010dnost\u00a0<strong>Extrema Ratio<\/strong>\u00a0se s\u00eddlem v italsk\u00e9m Pratu navrhuje a vyr\u00e1b\u00ed vysoce v\u00fdkonn\u00e9 bojov\u00e9, vojensk\u00e9, kuchy\u0148sk\u00e9, loveck\u00e9 a taktick\u00e9 no\u017ee od roku 1997 a m\u00e1 pov\u011bst vynikaj\u00edc\u00ed kvality, kter\u00e1 je v oboru vojensk\u00fdch a taktick\u00fdch no\u017e\u016f nep\u0159ekonateln\u00e1.\u00a0<strong>Doprava zdarma.<\/strong><\/p>\n","protected":false},"featured_media":213339,"comment_status":"open","ping_status":"closed","template":"","meta":[],"pwb-brand":[267],"product_brand":[],"product_cat":[22,17],"product_tag":[3667],"class_list":{"0":"post-213338","1":"product","2":"type-product","3":"status-publish","4":"has-post-thumbnail","6":"pwb-brand-extrema-ratio","7":"product_cat-zaviraci-noze","8":"product_cat-noze","9":"product_tag-b2b","11":"first","12":"outofstock","13":"taxable","14":"shipping-taxable","15":"purchasable","16":"product-type-simple"},"brands":[{"id":267,"name":"Extrema Ratio","slug":"extrema-ratio"}],"_links":{"self":[{"href":"https:\/\/www.moskito.cz\/fr\/wp-json\/wp\/v2\/product\/213338","targetHints":{"allow":["GET"]}}],"collection":[{"href":"https:\/\/www.moskito.cz\/fr\/wp-json\/wp\/v2\/product"}],"about":[{"href":"https:\/\/www.moskito.cz\/fr\/wp-json\/wp\/v2\/types\/product"}],"replies":[{"embeddable":true,"href":"https:\/\/www.moskito.cz\/fr\/wp-json\/wp\/v2\/comments?post=213338"}],"wp:featuredmedia":[{"embeddable":true,"href":"https:\/\/www.moskito.cz\/fr\/wp-json\/wp\/v2\/media\/213339"}],"wp:attachment":[{"href":"https:\/\/www.moskito.cz\/fr\/wp-json\/wp\/v2\/media?parent=213338"}],"wp:term":[{"taxonomy":"pwb-brand","embeddable":true,"href":"https:\/\/www.moskito.cz\/fr\/wp-json\/wp\/v2\/pwb-brand?post=213338"},{"taxonomy":"product_brand","embeddable":true,"href":"https:\/\/www.moskito.cz\/fr\/wp-json\/wp\/v2\/product_brand?post=213338"},{"taxonomy":"product_cat","embeddable":true,"href":"https:\/\/www.moskito.cz\/fr\/wp-json\/wp\/v2\/product_cat?post=213338"},{"taxonomy":"product_tag","embeddable":true,"href":"https:\/\/www.moskito.cz\/fr\/wp-json\/wp\/v2\/product_tag?post=213338"}],"curies":[{"name":"wp","href":"https:\/\/api.w.org\/{rel}","templated":true}]}}