{"id":214085,"date":"2022-04-09T16:59:07","date_gmt":"2022-04-09T15:59:07","guid":{"rendered":"https:\/\/www.moskito.cz\/?post_type=product&#038;p=214085"},"modified":"2025-05-07T10:38:01","modified_gmt":"2025-05-07T09:38:01","slug":"vystrelovaci-nuz-microtech-hera-bronzed-702-15","status":"publish","type":"product","link":"https:\/\/www.moskito.cz\/fr\/produkt\/vystrelovaci-nuz-microtech-hera-bronzed-702-15\/","title":{"rendered":"Vyst\u0159elovac\u00ed N\u016f\u017e Microtech Hera Bronzed 702-15"},"content":{"rendered":"<p>Vyst\u0159elovac\u00ed N\u016f\u017e<strong> Microtech<\/strong> Hera Bronzed 702-15.<\/p>\n<p>Microtech HERA D\/E 702-10<br \/>\nHera je kr\u00e1sn\u00fd dvou\u010dinn\u00fd p\u0159edn\u00ed automat s tvarem r\u00e1mu voln\u011b zalo\u017een\u00fdm na designu Troodon. Je to v\u0161ak ergonomi\u010dt\u011bj\u0161\u00ed a\u00a0 podle na\u0161ich n\u00e1zor\u016f m\u00e1 vylep\u0161en\u00fd vzhled. V\u0161e na tomto designu k\u0159i\u010d\u00ed jak jeho sofistikovanost\u00ed, tak funk\u010dnost\u00ed. Je to jeden z nejlep\u0161\u00edch v\u0161estrann\u00fdch automatick\u00fdch n\u00e1vrh\u016f OTF\u00a0 s velikost\u00ed tak akor\u00e1t pro ka\u017edodenn\u00ed no\u0161en\u00ed.<\/p>\n<p>&nbsp;<\/p>\n<p>Specifikace<br \/>\nD\u00e9lka \u010depele: 8 cm<br \/>\nCelkov\u00e1 d\u00e9lka: 19 cm<br \/>\n<strong>Ocel: M390<\/strong><br \/>\nStyl \u010depele: Double Edge Dagger<br \/>\nBlade Grind: Ploch\u00fd<br \/>\nPovrchov\u00e1 \u00faprava \u010depele: Stonewash<br \/>\nMateri\u00e1l rukojeti: \u010dern\u00fd eloxovan\u00fd hlin\u00edk letadla<br \/>\nUzamykac\u00ed mechanismus: Thumb Slide<br \/>\nKapesn\u00ed spona: titanov\u00e1 (sklopn\u00e1, prav\u00e1)<br \/>\nDesign\u00e9\u0159i: Tony a Sean Marfione<br \/>\nVyrobeno v USA<\/p>\n<p><iframe title=\"Microtech Combat Troodon Torture Test\" width=\"800\" height=\"450\" src=\"https:\/\/www.youtube.com\/embed\/xE9TeOFYEjg?feature=oembed\" frameborder=\"0\" allow=\"accelerometer; autoplay; clipboard-write; encrypted-media; gyroscope; picture-in-picture; web-share\" allowfullscreen><\/iframe><\/p>\n<p>Microtech HERA D\/E 702-10<br \/>\nThe Hera is a beautiful dual-action out-the-front automatic with a frame shape loosely based on the Troodon design. It&rsquo;s more ergonomic, however, with machined patches nears the ends for better purchase and an improved look in our opinions. Everything about this design screams both sophistication and functionality. It&rsquo;s one of the best all-around OTF automatic designs in an exceedingly crowded field and sized just right for daily carry.<\/p>\n<p>Specifications<br \/>\nBlade Length: 3.125&Prime;<br \/>\nCutting Edge: 2.95&Prime;<br \/>\nClosed Length: 4.375&Prime;<br \/>\nOverall Length: 7.50&Prime;<br \/>\nBlade Material: Please note, blade steel cannot be specified as it can change depending on availability (information from Microtech)<br \/>\nBlade Thickness: 0.094&Prime;<br \/>\nBlade Style: Double Edge Dagger<br \/>\nBlade Grind: Flat<br \/>\nHandle Material: Black Anodized Aircraft Aluminum<br \/>\nHandle Thickness: 0.403&Prime;<br \/>\nLocking Mechanism: Thumb Slide<br \/>\nPocket Clip: Titanium (Tip-Down, Right Carry)<br \/>\nWeight: 3.10 oz.<br \/>\nDesigners: Tony and Sean Marfione<br \/>\nMade in the USA<\/p>\n","protected":false},"excerpt":{"rendered":"<p>V pr\u016fb\u011bhu let\u00a0<strong>Microtech\u00ae\u00a0<\/strong>Knives naplnil v\u00e1\u0161n\u00ed a dovednost\u00ed v\u00fdrobu no\u017e\u016f, a\u017e z nich vytvo\u0159il t\u00e9m\u011b\u0159 um\u011bleck\u00e1 d\u00edla,kter\u00e9 jsou vrcholem funk\u010dnosti.V\u0161echny d\u00edly jsou vyrodeny v USA.<br \/>\n<strong>Na v\u0161echny no\u017ee Microtech je do\u017eivotn\u00ed z\u00e1ruka ( min. 80 000 cykl\u016f, otev\u0159en\u00ed a zav\u0159en\u00ed)<\/strong><\/p>\n<p><strong>Doprava zdarma.<\/strong><\/p>\n","protected":false},"featured_media":226945,"comment_status":"open","ping_status":"closed","template":"","meta":[],"pwb-brand":[431],"product_brand":[],"product_cat":[2019,17],"product_tag":[3667],"class_list":{"0":"post-214085","1":"product","2":"type-product","3":"status-publish","4":"has-post-thumbnail","6":"pwb-brand-microtech","7":"product_cat-vystrelovaci-noze","8":"product_cat-noze","9":"product_tag-b2b","11":"first","12":"instock","13":"taxable","14":"shipping-taxable","15":"purchasable","16":"product-type-simple"},"brands":[{"id":431,"name":"Microtech","slug":"microtech"}],"_links":{"self":[{"href":"https:\/\/www.moskito.cz\/fr\/wp-json\/wp\/v2\/product\/214085","targetHints":{"allow":["GET"]}}],"collection":[{"href":"https:\/\/www.moskito.cz\/fr\/wp-json\/wp\/v2\/product"}],"about":[{"href":"https:\/\/www.moskito.cz\/fr\/wp-json\/wp\/v2\/types\/product"}],"replies":[{"embeddable":true,"href":"https:\/\/www.moskito.cz\/fr\/wp-json\/wp\/v2\/comments?post=214085"}],"wp:featuredmedia":[{"embeddable":true,"href":"https:\/\/www.moskito.cz\/fr\/wp-json\/wp\/v2\/media\/226945"}],"wp:attachment":[{"href":"https:\/\/www.moskito.cz\/fr\/wp-json\/wp\/v2\/media?parent=214085"}],"wp:term":[{"taxonomy":"pwb-brand","embeddable":true,"href":"https:\/\/www.moskito.cz\/fr\/wp-json\/wp\/v2\/pwb-brand?post=214085"},{"taxonomy":"product_brand","embeddable":true,"href":"https:\/\/www.moskito.cz\/fr\/wp-json\/wp\/v2\/product_brand?post=214085"},{"taxonomy":"product_cat","embeddable":true,"href":"https:\/\/www.moskito.cz\/fr\/wp-json\/wp\/v2\/product_cat?post=214085"},{"taxonomy":"product_tag","embeddable":true,"href":"https:\/\/www.moskito.cz\/fr\/wp-json\/wp\/v2\/product_tag?post=214085"}],"curies":[{"name":"wp","href":"https:\/\/api.w.org\/{rel}","templated":true}]}}