{"id":214137,"date":"2022-04-10T20:05:43","date_gmt":"2022-04-10T19:05:43","guid":{"rendered":"https:\/\/www.moskito.cz\/?post_type=product&#038;p=214137"},"modified":"2025-06-14T22:45:11","modified_gmt":"2025-06-14T21:45:11","slug":"zaviraci-nuz-boker-magnum-kids-folder-zebrawood-01ry138","status":"publish","type":"product","link":"https:\/\/www.moskito.cz\/fr\/produkt\/zaviraci-nuz-boker-magnum-kids-folder-zebrawood-01ry138\/","title":{"rendered":"Zav\u00edrac\u00ed N\u016f\u017e B\u00f6ker Magnum Kids Folder Zebrawood 01RY138"},"content":{"rendered":"<p>Zav\u00edrac\u00ed N\u016f\u017e <strong>B\u00f6ker Magnum<\/strong> Kids Folder Zebrawood 01RY138.<\/p>\n<p>Jako bezpe\u010dn\u00fd d\u011btsk\u00fd n\u016f\u017e je <strong>Magnum<\/strong> Kids Folder vybaven zaoblenou \u0161pi\u010dkou a dopl\u0148uje v\u00fdbavu ka\u017ed\u00e9ho mal\u00e9ho skauta a mal\u00e9ho dobrodru\u017estv\u00ed. Kapesn\u00ed n\u016f\u017e Slipjoint , navr\u017een\u00fd speci\u00e1ln\u011b pro d\u011btsk\u00e9 ruce, je v\u00fdrazn\u011b skladn\u011bj\u0161\u00ed ne\u017e b\u011b\u017en\u00e9 no\u017ee, a proto jej mohou snadno ovl\u00e1dat i ti nejmen\u0161\u00ed. Sat\u00e9nov\u00e1 \u010depel clip point je vyrobena z nerezov\u00e9 oceli 440B , otev\u00edr\u00e1 se dv\u011bma rukama pomoc\u00ed h\u0159eb\u00edku a nezamyk\u00e1 se. Stabiln\u00ed konstrukce je vybavena ergonomicky tvarovanou rukojet\u00ed \u0161upin ze zebrov\u00e9ho d\u0159eva, kter\u00e1 okam\u017eit\u011b upout\u00e1 svou prot\u00e1hlou kresbou.<\/p>\n<p>Typ polo\u017eky: kapesn\u00ed n\u016f\u017e<br \/>\nCelkov\u00e1 d\u00e9lka: 17,20 cm<br \/>\nD\u00e9lka \u010depele: 7,60 cm<br \/>\nS\u00edla \u010depele: 2,80 mm<br \/>\nHmotnost: 79,00 g<br \/>\nMateri\u00e1l \u010depele: 440B<br \/>\nMateri\u00e1l rukojeti: zebra d\u0159evo<br \/>\nPomoc p\u0159i otev\u00edr\u00e1n\u00ed: nick na nehty<br \/>\nOtev\u00edrac\u00ed: Ru\u010dn\u011b<br \/>\nSpona: kluzn\u00fd spoj<\/p>\n<p>&nbsp;<\/p>\n<p>&nbsp;<\/p>\n<p>&nbsp;<\/p>\n","protected":false},"excerpt":{"rendered":"<p>No\u017e\u00ed\u0159sk\u00e1 manufaktura\u00a0<strong>B\u00f6ker<\/strong>\u00a0se postupem \u010dasu vypracovala na glob\u00e1ln\u00edho inova\u010dn\u00edho l\u00eddra a nejv\u011bt\u0161\u00edho v\u00fdrobce sportovn\u00edch no\u017e\u016f, taktick\u00fdch no\u017e\u016f a sb\u011bratelsk\u00fdch no\u017e\u016f v Evrop\u011b.<\/p>\n","protected":false},"featured_media":214138,"comment_status":"open","ping_status":"closed","template":"","meta":[],"pwb-brand":[140],"product_brand":[],"product_cat":[22,17],"product_tag":[3667],"class_list":{"0":"post-214137","1":"product","2":"type-product","3":"status-publish","4":"has-post-thumbnail","6":"pwb-brand-boker","7":"product_cat-zaviraci-noze","8":"product_cat-noze","9":"product_tag-b2b","11":"first","12":"outofstock","13":"taxable","14":"shipping-taxable","15":"purchasable","16":"product-type-simple"},"brands":[{"id":140,"name":"Boker","slug":"boker"}],"_links":{"self":[{"href":"https:\/\/www.moskito.cz\/fr\/wp-json\/wp\/v2\/product\/214137","targetHints":{"allow":["GET"]}}],"collection":[{"href":"https:\/\/www.moskito.cz\/fr\/wp-json\/wp\/v2\/product"}],"about":[{"href":"https:\/\/www.moskito.cz\/fr\/wp-json\/wp\/v2\/types\/product"}],"replies":[{"embeddable":true,"href":"https:\/\/www.moskito.cz\/fr\/wp-json\/wp\/v2\/comments?post=214137"}],"wp:featuredmedia":[{"embeddable":true,"href":"https:\/\/www.moskito.cz\/fr\/wp-json\/wp\/v2\/media\/214138"}],"wp:attachment":[{"href":"https:\/\/www.moskito.cz\/fr\/wp-json\/wp\/v2\/media?parent=214137"}],"wp:term":[{"taxonomy":"pwb-brand","embeddable":true,"href":"https:\/\/www.moskito.cz\/fr\/wp-json\/wp\/v2\/pwb-brand?post=214137"},{"taxonomy":"product_brand","embeddable":true,"href":"https:\/\/www.moskito.cz\/fr\/wp-json\/wp\/v2\/product_brand?post=214137"},{"taxonomy":"product_cat","embeddable":true,"href":"https:\/\/www.moskito.cz\/fr\/wp-json\/wp\/v2\/product_cat?post=214137"},{"taxonomy":"product_tag","embeddable":true,"href":"https:\/\/www.moskito.cz\/fr\/wp-json\/wp\/v2\/product_tag?post=214137"}],"curies":[{"name":"wp","href":"https:\/\/api.w.org\/{rel}","templated":true}]}}