{"id":214158,"date":"2022-04-10T20:58:59","date_gmt":"2022-04-10T19:58:59","guid":{"rendered":"https:\/\/www.moskito.cz\/?post_type=product&#038;p=214158"},"modified":"2025-05-07T10:38:04","modified_gmt":"2025-05-07T09:38:04","slug":"zaviraci-nuz-boker-magnum-black-spear-01ry247","status":"publish","type":"product","link":"https:\/\/www.moskito.cz\/fr\/produkt\/zaviraci-nuz-boker-magnum-black-spear-01ry247\/","title":{"rendered":"Zav\u00edrac\u00ed N\u016f\u017e Magnum Black Spear 01RY247"},"content":{"rendered":"<p>Zav\u00edrac\u00ed N\u016f\u017e <strong>Magnum<\/strong> Black Spear 01RY247.<\/p>\n<p><strong>Magnum<\/strong> Black Spear je p\u016fsobiv\u00fd taktick\u00fd n\u016f\u017e, kter\u00fd se nezalekne \u017e\u00e1dn\u00e9 mise. Upraven\u00e1 \u010depel s hrotem kop\u00ed 440A m\u00e1 m\u00edrn\u00e9 zak\u0159iven\u00ed a je \u010d\u00e1ste\u010dn\u011b zoubkovan\u00e1 . V\u00fdsledkem je, \u017ee \u0159ezn\u00e1 hrana m\u00e1 pouze pom\u011brn\u011b m\u00e1lo bod\u016f kontaktu s \u0159ezan\u00fdm materi\u00e1lem. V d\u016fsledku toho je tlak vyv\u00edjen\u00fd v m\u00edstech kontaktu vy\u0161\u0161\u00ed. Liner lock poskytuje pot\u0159ebnou bezpe\u010dnost a d\u00edky palcov\u00e9mu kol\u00edku se kapesn\u00ed n\u016f\u017e snadno otev\u00edr\u00e1 a zav\u00edr\u00e1. V\u00fdrazn\u00e9 prstov\u00e9 dr\u00e1\u017eky \u010dern\u00e9 hlin\u00edkov\u00e9 rukojeti v\u017edy zaji\u0161\u0165uj\u00ed vysokou \u00farove\u0148 bezpe\u010dnosti pr\u00e1ce p\u0159i v\u0161ech \u0159ezn\u00fdch prac\u00edch. hlin\u00edkje pom\u011brn\u011b m\u011bkk\u00fd a hou\u017eevnat\u00fd kov, je velmi lehk\u00fd a z\u00e1rove\u0148 velmi pevn\u00fd. Lehk\u00fd kov je tak\u00e9 recyklovateln\u00fd. Obsahuje rozb\u00edje\u010d skla, otvor na \u0161\u0148\u016frku a sponu na kalhoty.<\/p>\n<p>Popis produktu<br \/>\nCelkov\u00e1 d\u00e9lka: 23 cm<br \/>\nD\u00e9lka \u010depele: 9.6 cm<br \/>\nTlou\u0161\u0165ka \u010depele: 3.8 mm<br \/>\nHmotnost: 220 g<br \/>\nMateri\u00e1l \u010depele: 440A<br \/>\nMateri\u00e1l rukojeti: Hlin\u00edk<br \/>\nTyp pojistky: Linerlock<\/p>\n<p>&nbsp;<\/p>\n<p>&nbsp;<\/p>\n","protected":false},"excerpt":{"rendered":"<p>No\u017e\u00ed\u0159sk\u00e1 manufaktura\u00a0<strong>B\u00f6ker<\/strong>\u00a0se postupem \u010dasu vypracovala na glob\u00e1ln\u00edho inova\u010dn\u00edho l\u00eddra a nejv\u011bt\u0161\u00edho v\u00fdrobce sportovn\u00edch no\u017e\u016f, taktick\u00fdch no\u017e\u016f a sb\u011bratelsk\u00fdch no\u017e\u016f v Evrop\u011b.<\/p>\n","protected":false},"featured_media":214159,"comment_status":"open","ping_status":"closed","template":"","meta":[],"pwb-brand":[140],"product_brand":[],"product_cat":[22,17],"product_tag":[3667],"class_list":{"0":"post-214158","1":"product","2":"type-product","3":"status-publish","4":"has-post-thumbnail","6":"pwb-brand-boker","7":"product_cat-zaviraci-noze","8":"product_cat-noze","9":"product_tag-b2b","11":"first","12":"instock","13":"taxable","14":"shipping-taxable","15":"purchasable","16":"product-type-simple"},"brands":[{"id":140,"name":"Boker","slug":"boker"}],"_links":{"self":[{"href":"https:\/\/www.moskito.cz\/fr\/wp-json\/wp\/v2\/product\/214158","targetHints":{"allow":["GET"]}}],"collection":[{"href":"https:\/\/www.moskito.cz\/fr\/wp-json\/wp\/v2\/product"}],"about":[{"href":"https:\/\/www.moskito.cz\/fr\/wp-json\/wp\/v2\/types\/product"}],"replies":[{"embeddable":true,"href":"https:\/\/www.moskito.cz\/fr\/wp-json\/wp\/v2\/comments?post=214158"}],"wp:featuredmedia":[{"embeddable":true,"href":"https:\/\/www.moskito.cz\/fr\/wp-json\/wp\/v2\/media\/214159"}],"wp:attachment":[{"href":"https:\/\/www.moskito.cz\/fr\/wp-json\/wp\/v2\/media?parent=214158"}],"wp:term":[{"taxonomy":"pwb-brand","embeddable":true,"href":"https:\/\/www.moskito.cz\/fr\/wp-json\/wp\/v2\/pwb-brand?post=214158"},{"taxonomy":"product_brand","embeddable":true,"href":"https:\/\/www.moskito.cz\/fr\/wp-json\/wp\/v2\/product_brand?post=214158"},{"taxonomy":"product_cat","embeddable":true,"href":"https:\/\/www.moskito.cz\/fr\/wp-json\/wp\/v2\/product_cat?post=214158"},{"taxonomy":"product_tag","embeddable":true,"href":"https:\/\/www.moskito.cz\/fr\/wp-json\/wp\/v2\/product_tag?post=214158"}],"curies":[{"name":"wp","href":"https:\/\/api.w.org\/{rel}","templated":true}]}}