{"id":214171,"date":"2022-04-10T21:48:16","date_gmt":"2022-04-10T20:48:16","guid":{"rendered":"https:\/\/www.moskito.cz\/?post_type=product&#038;p=214171"},"modified":"2025-05-07T10:38:04","modified_gmt":"2025-05-07T09:38:04","slug":"zaviraci-damaskovy-nuz-boker-magnum-damascus-bone-01mb180dam","status":"publish","type":"product","link":"https:\/\/www.moskito.cz\/fr\/produkt\/zaviraci-damaskovy-nuz-boker-magnum-damascus-bone-01mb180dam\/","title":{"rendered":"Zav\u00edrac\u00ed Dama\u0161kov\u00fd N\u016f\u017e B\u00f6ker Magnum Damascus Bone 01MB180DAM"},"content":{"rendered":"<p>Zav\u00edrac\u00ed Dama\u0161kov\u00fd N\u016f\u017e <strong>B\u00f6ker<\/strong> Magnum Damascus Bone 01MB180DAM<\/p>\n<p>Magnum Dama\u0161ek Bone je n\u00e1dhern\u00fd dama\u0161kov\u00fd kapesn\u00ed n\u016f\u017e s jemn\u011b ta\u017eenou dama\u0161kovou \u010depel\u00ed a dama\u0161kovou l\u00edcnic\u00ed. Jako \u0161upiny je pou\u017eita le\u0161t\u011bn\u00e1 kost , kter\u00e1 vytv\u00e1\u0159\u00ed p\u011bkn\u00fd kontrast k tmav\u0161\u00edmu dama\u0161ku . \u010cepel je aretov\u00e1na klasick\u00fdm backlockem .<\/p>\n<p>Typ polo\u017eky: kapesn\u00ed n\u016f\u017e<br \/>\nCelkov\u00e1 d\u00e9lka: 17,70 cm<br \/>\nD\u00e9lka \u010depele: 7,80 cm<br \/>\nS\u00edla \u010depele: 2,30 mm<br \/>\nHmotnost: 102,00 g<br \/>\nMateri\u00e1l \u010depele: dama\u0161ek<br \/>\nMateri\u00e1l rukojeti: Kost<br \/>\nPomoc p\u0159i otev\u00edr\u00e1n\u00ed: nick na nehty<\/p>\n<p>The Magnum Damascus Bone is a magnificent Damascus Pocket Knife featuring a finely drawn Damascus blade and Damascus bolsters. The scales are made of polished bones which results in a beautiful contrast to the darker Damascus steel. The blade is locked by a classic backlock.<\/p>\n<p>Type:<br \/>\nPocket Knife<br \/>\nOverall Length:<br \/>\n17,70 cm<br \/>\nBlade Length:<br \/>\n7,80 cm<br \/>\nBlade Thickness:<br \/>\n2,30 mm<br \/>\nWeight:<br \/>\n102,00 g<br \/>\nBlade Material:<br \/>\nDamascus<br \/>\nHandle Material:<br \/>\nBone<br \/>\nOpener:<br \/>\nNail Nick<br \/>\nOpening:<br \/>\nManual<br \/>\nLock Type:<br \/>\nBacklock<br \/>\nMade in:<br \/>\nAsia<br \/>\nColor:<br \/>\nWhite<br \/>\nItem Number:<br \/>\n01MB180DAM<\/p>\n","protected":false},"excerpt":{"rendered":"<p>No\u017e\u00ed\u0159sk\u00e1 manufaktura\u00a0<strong>B\u00f6ker<\/strong>\u00a0se postupem \u010dasu vypracovala na glob\u00e1ln\u00edho inova\u010dn\u00edho l\u00eddra a nejv\u011bt\u0161\u00edho v\u00fdrobce sportovn\u00edch no\u017e\u016f, taktick\u00fdch no\u017e\u016f a sb\u011bratelsk\u00fdch no\u017e\u016f v Evrop\u011b.<\/p>\n","protected":false},"featured_media":214172,"comment_status":"open","ping_status":"closed","template":"","meta":[],"pwb-brand":[140],"product_brand":[],"product_cat":[25,17],"product_tag":[3667],"class_list":{"0":"post-214171","1":"product","2":"type-product","3":"status-publish","4":"has-post-thumbnail","6":"pwb-brand-boker","7":"product_cat-damascenske-noze","8":"product_cat-noze","9":"product_tag-b2b","11":"first","12":"instock","13":"taxable","14":"shipping-taxable","15":"purchasable","16":"product-type-simple"},"brands":[{"id":140,"name":"Boker","slug":"boker"}],"_links":{"self":[{"href":"https:\/\/www.moskito.cz\/fr\/wp-json\/wp\/v2\/product\/214171","targetHints":{"allow":["GET"]}}],"collection":[{"href":"https:\/\/www.moskito.cz\/fr\/wp-json\/wp\/v2\/product"}],"about":[{"href":"https:\/\/www.moskito.cz\/fr\/wp-json\/wp\/v2\/types\/product"}],"replies":[{"embeddable":true,"href":"https:\/\/www.moskito.cz\/fr\/wp-json\/wp\/v2\/comments?post=214171"}],"wp:featuredmedia":[{"embeddable":true,"href":"https:\/\/www.moskito.cz\/fr\/wp-json\/wp\/v2\/media\/214172"}],"wp:attachment":[{"href":"https:\/\/www.moskito.cz\/fr\/wp-json\/wp\/v2\/media?parent=214171"}],"wp:term":[{"taxonomy":"pwb-brand","embeddable":true,"href":"https:\/\/www.moskito.cz\/fr\/wp-json\/wp\/v2\/pwb-brand?post=214171"},{"taxonomy":"product_brand","embeddable":true,"href":"https:\/\/www.moskito.cz\/fr\/wp-json\/wp\/v2\/product_brand?post=214171"},{"taxonomy":"product_cat","embeddable":true,"href":"https:\/\/www.moskito.cz\/fr\/wp-json\/wp\/v2\/product_cat?post=214171"},{"taxonomy":"product_tag","embeddable":true,"href":"https:\/\/www.moskito.cz\/fr\/wp-json\/wp\/v2\/product_tag?post=214171"}],"curies":[{"name":"wp","href":"https:\/\/api.w.org\/{rel}","templated":true}]}}