{"id":214457,"date":"2022-04-15T15:42:16","date_gmt":"2022-04-15T14:42:16","guid":{"rendered":"https:\/\/www.moskito.cz\/?post_type=product&#038;p=214457"},"modified":"2025-05-07T10:38:08","modified_gmt":"2025-05-07T09:38:08","slug":"vrhaci-noze-hibben-throwing-knives-triple-set","status":"publish","type":"product","link":"https:\/\/www.moskito.cz\/fr\/produkt\/vrhaci-noze-hibben-throwing-knives-triple-set\/","title":{"rendered":"Vrhac\u00ed No\u017ee Hibben Throwing Knives Triple Set"},"content":{"rendered":"<p>Vrhac\u00ed No\u017ee <strong>Hibben<\/strong> Throwing Knives Triple Set.<\/p>\n<p>Set t\u0159\u00ed vrhac\u00edch no\u017e\u016f s nylonov\u00fdm opaskov\u00fdm pouzdrem<\/p>\n<p>Ocel: nerez 3Cr13<br \/>\nD\u00e9lka \u010depele: 149 mm<br \/>\nD\u00e9lka no\u017ee: 247 mm<br \/>\nTlou\u0161\u0165ka \u010depele: 4,9 mm<br \/>\nHmotnost no\u017ee: 181 g<br \/>\nNylonov\u00e9 opaskov\u00e9 pouzdro sou\u010d\u00e1st\u00ed balen\u00ed<\/p>\n<p>&nbsp;<\/p>\n","protected":false},"excerpt":{"rendered":"<p>Set t\u0159\u00ed vrhac\u00edch no\u017e\u016f <strong>Hibben<\/strong> s nylonov\u00fdm opaskov\u00fdm pouzdrem.<\/p>\n","protected":false},"featured_media":214458,"comment_status":"open","ping_status":"closed","template":"","meta":[],"pwb-brand":[304],"product_brand":[],"product_cat":[29,17],"product_tag":[],"class_list":{"0":"post-214457","1":"product","2":"type-product","3":"status-publish","4":"has-post-thumbnail","6":"pwb-brand-hibben","7":"product_cat-vrhaci-noze","8":"product_cat-noze","10":"first","11":"outofstock","12":"taxable","13":"shipping-taxable","14":"purchasable","15":"product-type-simple"},"brands":[{"id":304,"name":"Hibben","slug":"hibben"}],"_links":{"self":[{"href":"https:\/\/www.moskito.cz\/fr\/wp-json\/wp\/v2\/product\/214457","targetHints":{"allow":["GET"]}}],"collection":[{"href":"https:\/\/www.moskito.cz\/fr\/wp-json\/wp\/v2\/product"}],"about":[{"href":"https:\/\/www.moskito.cz\/fr\/wp-json\/wp\/v2\/types\/product"}],"replies":[{"embeddable":true,"href":"https:\/\/www.moskito.cz\/fr\/wp-json\/wp\/v2\/comments?post=214457"}],"wp:featuredmedia":[{"embeddable":true,"href":"https:\/\/www.moskito.cz\/fr\/wp-json\/wp\/v2\/media\/214458"}],"wp:attachment":[{"href":"https:\/\/www.moskito.cz\/fr\/wp-json\/wp\/v2\/media?parent=214457"}],"wp:term":[{"taxonomy":"pwb-brand","embeddable":true,"href":"https:\/\/www.moskito.cz\/fr\/wp-json\/wp\/v2\/pwb-brand?post=214457"},{"taxonomy":"product_brand","embeddable":true,"href":"https:\/\/www.moskito.cz\/fr\/wp-json\/wp\/v2\/product_brand?post=214457"},{"taxonomy":"product_cat","embeddable":true,"href":"https:\/\/www.moskito.cz\/fr\/wp-json\/wp\/v2\/product_cat?post=214457"},{"taxonomy":"product_tag","embeddable":true,"href":"https:\/\/www.moskito.cz\/fr\/wp-json\/wp\/v2\/product_tag?post=214457"}],"curies":[{"name":"wp","href":"https:\/\/api.w.org\/{rel}","templated":true}]}}