{"id":214496,"date":"2022-04-15T16:37:59","date_gmt":"2022-04-15T15:37:59","guid":{"rendered":"https:\/\/www.moskito.cz\/?post_type=product&#038;p=214496"},"modified":"2025-05-07T10:38:08","modified_gmt":"2025-05-07T09:38:08","slug":"hul-cobra-head-sword-cane","status":"publish","type":"product","link":"https:\/\/www.moskito.cz\/fr\/produkt\/hul-cobra-head-sword-cane\/","title":{"rendered":"H\u016fl Cobra Head Sword Cane"},"content":{"rendered":"<p>H\u016fl Cobra Head Sword Cane<\/p>\n<p>H\u016fl m\u011b\u0159\u00ed 94 cm. Jist\u011b ji ocen\u00edte jak na ulici, tak na t\u00e9matick\u00fdch akc\u00edch.\u00a0 Po od\u0161roubov\u00e1n\u00ed kovov\u00e9 hlavice vyt\u00e1hnete 28,5 cm dlouhou \u010depel z nerezov\u00e9 oceli. \u010cepel je ztupen\u00e1 z d\u016fvod\u016f bezpe\u010dnosti, lze v\u0161ak nabrousit a pou\u017e\u00edvat v praxi jako origin\u00e1ln\u00ed skrytou zbra\u0148.<\/p>\n<p>vych\u00e1zkov\u00e1 h\u016fl s vlo\u017eenou \u010depel\u00ed<br \/>\n\u010depel z nerezov\u00e9 ocele<br \/>\nd\u00e9lka \u010depele: 42,3 cm<br \/>\nd\u00e9lka hole: 88 cm<br \/>\nvynikaj\u00edc\u00ed sebeobrann\u00fd n\u00e1stroj<\/p>\n<p>34&Prime; overall. Unscrew handle to reveal 15 1\/2&Prime; stainless blade. Antique silver finish cast metal handle. Black finish aluminum cane with rubber tip.<\/p>\n","protected":false},"excerpt":{"rendered":"<p>H\u016fl Cobra Head Sword Canes kordem.<\/p>\n","protected":false},"featured_media":214497,"comment_status":"open","ping_status":"closed","template":"","meta":[],"pwb-brand":[131],"product_brand":[],"product_cat":[24,1942],"product_tag":[],"class_list":{"0":"post-214496","1":"product","2":"type-product","3":"status-publish","4":"has-post-thumbnail","6":"pwb-brand-pakistan","7":"product_cat-katany-a-mece","8":"product_cat-mece-dyky-repliky","10":"first","11":"outofstock","12":"taxable","13":"shipping-taxable","14":"purchasable","15":"product-type-simple"},"brands":[{"id":131,"name":"Pakistan","slug":"pakistan"}],"_links":{"self":[{"href":"https:\/\/www.moskito.cz\/fr\/wp-json\/wp\/v2\/product\/214496","targetHints":{"allow":["GET"]}}],"collection":[{"href":"https:\/\/www.moskito.cz\/fr\/wp-json\/wp\/v2\/product"}],"about":[{"href":"https:\/\/www.moskito.cz\/fr\/wp-json\/wp\/v2\/types\/product"}],"replies":[{"embeddable":true,"href":"https:\/\/www.moskito.cz\/fr\/wp-json\/wp\/v2\/comments?post=214496"}],"wp:featuredmedia":[{"embeddable":true,"href":"https:\/\/www.moskito.cz\/fr\/wp-json\/wp\/v2\/media\/214497"}],"wp:attachment":[{"href":"https:\/\/www.moskito.cz\/fr\/wp-json\/wp\/v2\/media?parent=214496"}],"wp:term":[{"taxonomy":"pwb-brand","embeddable":true,"href":"https:\/\/www.moskito.cz\/fr\/wp-json\/wp\/v2\/pwb-brand?post=214496"},{"taxonomy":"product_brand","embeddable":true,"href":"https:\/\/www.moskito.cz\/fr\/wp-json\/wp\/v2\/product_brand?post=214496"},{"taxonomy":"product_cat","embeddable":true,"href":"https:\/\/www.moskito.cz\/fr\/wp-json\/wp\/v2\/product_cat?post=214496"},{"taxonomy":"product_tag","embeddable":true,"href":"https:\/\/www.moskito.cz\/fr\/wp-json\/wp\/v2\/product_tag?post=214496"}],"curies":[{"name":"wp","href":"https:\/\/api.w.org\/{rel}","templated":true}]}}