{"id":214777,"date":"2022-04-17T10:51:16","date_gmt":"2022-04-17T09:51:16","guid":{"rendered":"https:\/\/www.moskito.cz\/?post_type=product&#038;p=214777"},"modified":"2025-05-07T10:38:12","modified_gmt":"2025-05-07T09:38:12","slug":"zaviraci-nuz-boker-magnum-special-forces","status":"publish","type":"product","link":"https:\/\/www.moskito.cz\/fr\/produkt\/zaviraci-nuz-boker-magnum-special-forces\/","title":{"rendered":"Zav\u00edrac\u00ed N\u016f\u017e B\u00f6ker Magnum Special Forces"},"content":{"rendered":"<p>Zav\u00edrac\u00ed N\u016f\u017e <strong>B\u00f6ker<\/strong> Magnum Special Forces.<\/p>\n<p>Kapesn\u00ed n\u016f\u017e Magnum Special Forces je funk\u010dn\u00ed z\u00e1chran\u00e1\u0159sk\u00fd n\u016f\u017e ur\u010den\u00fd pro sv\u011btozn\u00e1m\u00e9 elitn\u00ed jednotky americk\u00fdch ozbrojen\u00fdch sil. Lehk\u00e1 rukoje\u0165 z \u010dern\u011b lakovan\u00e9ho hlin\u00edku nese embl\u00e9m se znakem speci\u00e1ln\u00edch jednotek. \u010cepel z nerezov\u00e9 oceli 440A se otev\u00edr\u00e1 pomoc\u00ed pru\u017einov\u00e9ho flipperu a je spolehliv\u011b zaji\u0161t\u011bna robustn\u00ed pojistkou linerlock. Vyvrtan\u00e9 otvory dod\u00e1vaj\u00ed \u010depeli osobit\u00fd n\u00e1dech a z\u00e1rove\u0148 sni\u017euj\u00ed jej\u00ed hmotnost. Na konci rukojeti se nach\u00e1z\u00ed rozb\u00edje\u010d skla a \u0159ez\u00e1k na opasky, kter\u00e9 n\u016f\u017e p\u0159edur\u010duj\u00ed do ka\u017ed\u00e9 pohotovostn\u00ed v\u00fdbavy. Dod\u00e1v\u00e1 se s praktick\u00fdm klipem<\/p>\n<p>Popis produktu:<\/p>\n<p>Celkov\u00e1 d\u00e9lka: 20 cm<br \/>\nD\u00e9lka \u010depele: 8 cm<br \/>\nHmotnost: 138 g<br \/>\nTlou\u0161\u0165ka \u010depele: 2,9 mm<br \/>\nMateri\u00e1l \u010depele: 440A<br \/>\nMateri\u00e1l rukojeti: hlin\u00edk<br \/>\nTyp pojistky: Linerlock<\/p>\n<p>&nbsp;<\/p>\n","protected":false},"excerpt":{"rendered":"<p><strong>No\u017e\u00ed\u0159sk\u00e1 manufaktura B\u00f6ker se postupem \u010dasu vypracovala na glob\u00e1ln\u00edho inova\u010dn\u00edho l\u00eddra a nejv\u011bt\u0161\u00edho v\u00fdrobce sportovn\u00edch no\u017e\u016f, taktick\u00fdch no\u017e\u016f a sb\u011bratelsk\u00fdch no\u017e\u016f v Evrop\u011b.<\/strong><\/p>\n","protected":false},"featured_media":214778,"comment_status":"open","ping_status":"closed","template":"","meta":[],"pwb-brand":[140],"product_brand":[],"product_cat":[22,17],"product_tag":[3667],"class_list":{"0":"post-214777","1":"product","2":"type-product","3":"status-publish","4":"has-post-thumbnail","6":"pwb-brand-boker","7":"product_cat-zaviraci-noze","8":"product_cat-noze","9":"product_tag-b2b","11":"first","12":"outofstock","13":"taxable","14":"shipping-taxable","15":"purchasable","16":"product-type-simple"},"brands":[{"id":140,"name":"Boker","slug":"boker"}],"_links":{"self":[{"href":"https:\/\/www.moskito.cz\/fr\/wp-json\/wp\/v2\/product\/214777","targetHints":{"allow":["GET"]}}],"collection":[{"href":"https:\/\/www.moskito.cz\/fr\/wp-json\/wp\/v2\/product"}],"about":[{"href":"https:\/\/www.moskito.cz\/fr\/wp-json\/wp\/v2\/types\/product"}],"replies":[{"embeddable":true,"href":"https:\/\/www.moskito.cz\/fr\/wp-json\/wp\/v2\/comments?post=214777"}],"wp:featuredmedia":[{"embeddable":true,"href":"https:\/\/www.moskito.cz\/fr\/wp-json\/wp\/v2\/media\/214778"}],"wp:attachment":[{"href":"https:\/\/www.moskito.cz\/fr\/wp-json\/wp\/v2\/media?parent=214777"}],"wp:term":[{"taxonomy":"pwb-brand","embeddable":true,"href":"https:\/\/www.moskito.cz\/fr\/wp-json\/wp\/v2\/pwb-brand?post=214777"},{"taxonomy":"product_brand","embeddable":true,"href":"https:\/\/www.moskito.cz\/fr\/wp-json\/wp\/v2\/product_brand?post=214777"},{"taxonomy":"product_cat","embeddable":true,"href":"https:\/\/www.moskito.cz\/fr\/wp-json\/wp\/v2\/product_cat?post=214777"},{"taxonomy":"product_tag","embeddable":true,"href":"https:\/\/www.moskito.cz\/fr\/wp-json\/wp\/v2\/product_tag?post=214777"}],"curies":[{"name":"wp","href":"https:\/\/api.w.org\/{rel}","templated":true}]}}