{"id":214829,"date":"2022-04-17T11:52:36","date_gmt":"2022-04-17T10:52:36","guid":{"rendered":"https:\/\/www.moskito.cz\/?post_type=product&#038;p=214829"},"modified":"2025-11-18T13:55:51","modified_gmt":"2025-11-18T12:55:51","slug":"zaviraci-nuz-boker-magnum-woodcraft","status":"publish","type":"product","link":"https:\/\/www.moskito.cz\/fr\/produkt\/zaviraci-nuz-boker-magnum-woodcraft\/","title":{"rendered":"Zav\u00edrac\u00ed N\u016f\u017e B\u00f6ker Magnum Woodcraft"},"content":{"rendered":"<p>Zav\u00edrac\u00ed N\u016f\u017e <strong>B\u00f6ker<\/strong> Magnum Woodcraft<\/p>\n<p>Masivn\u00ed a robustn\u00ed Magnum Woodcraft je skute\u010dn\u00fd pracovn\u00ed n\u00e1stroj. P\u016fsobiv\u00e1 \u010depel z nerezov\u00e9 oceli 440, spolehliv\u00fd lockback mechanismus a hlubok\u00e1 dr\u00e1\u017eka pro ukazov\u00e1\u010dek z n\u011bj d\u011blaj\u00ed funk\u010dn\u00edho a spolehliv\u00e9ho spole\u010dn\u00edka. Vz\u00e1cn\u00e9 d\u0159ev\u011bn\u00e9 \u0161upiny rukojeti jsou ozdobn\u011b propracovan\u00e9 a dod\u00e1vaj\u00ed no\u017ei velmi jedine\u010dnou p\u0159ita\u017elivost.<\/p>\n<p>Materi\u00e1l \u010depele: 440A<br \/>\nMateri\u00e1l rukojeti: D\u0159evo<br \/>\nPojistka: Backlock<br \/>\nD\u00e9lka \u010depele: 8.8 cm<br \/>\nCelkov\u00e1 d\u00e9lka: 20.7 cm<br \/>\nD\u00e9lka rukojeti: 11.9 cm<br \/>\nTlou\u0161\u0165ka \u010depele: 3 mm<br \/>\nHmotnost: 182 g<br \/>\nTyp no\u017ee: Zav\u00edrac\u00ed<\/p>\n<p>&nbsp;<\/p>\n","protected":false},"excerpt":{"rendered":"<p><strong>No\u017e\u00ed\u0159sk\u00e1 manufaktura\u00a0B\u00f6ker\u00a0se postupem \u010dasu vypracovala na glob\u00e1ln\u00edho inova\u010dn\u00edho l\u00eddra a nejv\u011bt\u0161\u00edho v\u00fdrobce sportovn\u00edch no\u017e\u016f, taktick\u00fdch no\u017e\u016f a sb\u011bratelsk\u00fdch no\u017e\u016f v Evrop\u011b.<\/strong><\/p>\n","protected":false},"featured_media":214830,"comment_status":"open","ping_status":"closed","template":"","meta":[],"pwb-brand":[140],"product_brand":[],"product_cat":[22,17],"product_tag":[3667],"class_list":{"0":"post-214829","1":"product","2":"type-product","3":"status-publish","4":"has-post-thumbnail","6":"pwb-brand-boker","7":"product_cat-zaviraci-noze","8":"product_cat-noze","9":"product_tag-b2b","11":"first","12":"outofstock","13":"taxable","14":"shipping-taxable","15":"purchasable","16":"product-type-simple"},"brands":[{"id":140,"name":"Boker","slug":"boker"}],"_links":{"self":[{"href":"https:\/\/www.moskito.cz\/fr\/wp-json\/wp\/v2\/product\/214829","targetHints":{"allow":["GET"]}}],"collection":[{"href":"https:\/\/www.moskito.cz\/fr\/wp-json\/wp\/v2\/product"}],"about":[{"href":"https:\/\/www.moskito.cz\/fr\/wp-json\/wp\/v2\/types\/product"}],"replies":[{"embeddable":true,"href":"https:\/\/www.moskito.cz\/fr\/wp-json\/wp\/v2\/comments?post=214829"}],"wp:featuredmedia":[{"embeddable":true,"href":"https:\/\/www.moskito.cz\/fr\/wp-json\/wp\/v2\/media\/214830"}],"wp:attachment":[{"href":"https:\/\/www.moskito.cz\/fr\/wp-json\/wp\/v2\/media?parent=214829"}],"wp:term":[{"taxonomy":"pwb-brand","embeddable":true,"href":"https:\/\/www.moskito.cz\/fr\/wp-json\/wp\/v2\/pwb-brand?post=214829"},{"taxonomy":"product_brand","embeddable":true,"href":"https:\/\/www.moskito.cz\/fr\/wp-json\/wp\/v2\/product_brand?post=214829"},{"taxonomy":"product_cat","embeddable":true,"href":"https:\/\/www.moskito.cz\/fr\/wp-json\/wp\/v2\/product_cat?post=214829"},{"taxonomy":"product_tag","embeddable":true,"href":"https:\/\/www.moskito.cz\/fr\/wp-json\/wp\/v2\/product_tag?post=214829"}],"curies":[{"name":"wp","href":"https:\/\/api.w.org\/{rel}","templated":true}]}}