{"id":214837,"date":"2022-04-17T12:04:22","date_gmt":"2022-04-17T11:04:22","guid":{"rendered":"https:\/\/www.moskito.cz\/?post_type=product&#038;p=214837"},"modified":"2025-05-07T10:38:13","modified_gmt":"2025-05-07T09:38:13","slug":"zaviraci-nuz-boker-magnum-colorado-rainbow","status":"publish","type":"product","link":"https:\/\/www.moskito.cz\/fr\/produkt\/zaviraci-nuz-boker-magnum-colorado-rainbow\/","title":{"rendered":"Zav\u00edrac\u00ed N\u016f\u017e B\u00f6ker Magnum Colorado Rainbow 01RY977"},"content":{"rendered":"<p>Zav\u00edrac\u00ed N\u016f\u017e <strong>B\u00f6ker<\/strong> Magnum Colorado Rainbow 01RY977<\/p>\n<p><strong>Magnum Colorado Rainbow<\/strong> je praktick\u00fd, byteln\u00fd kapesn\u00ed n\u016f\u017e s obl\u00edben\u00fdm povrchem v barv\u011b duhy. Je to perfektn\u00ed n\u016f\u017e pro v\u0161echny amat\u00e9rsk\u00e9 botaniky a p\u0159\u00e1tele extr\u00e9mn\u011b v\u0161estrann\u00e9 u\u017eite\u010dn\u00e9 rostliny z \u010deledi konop\u00ed. \u010cepel z oceli 440A lze otev\u0159\u00edt jednou rukou a uzamknout pomoc\u00ed linerlock. Robustn\u00ed rukoje\u0165 z nerezov\u00e9 oceli zdob\u00ed charakteristick\u00e9 listy byliny, kter\u00e1 je leg\u00e1ln\u011b dostupn\u00e1 v Coloradu a st\u00e1le v\u00edce dal\u0161\u00edch st\u00e1tech USA. S praktick\u00fdm otvorem na \u0161\u0148\u016frku a klipem.<\/p>\n<p>Celkov\u00e1 d\u00e9lka: 18,8 cm<br \/>\nD\u00e9lka \u010depele: 8,2 cm<br \/>\nHmotnost: 149 g<br \/>\nTlou\u0161\u0165ka \u010depele: 2,6 mm<br \/>\nMateri\u00e1l \u010depele: 440 s klipem na opasek<\/p>\n<p>&nbsp;<\/p>\n<p>&nbsp;<\/p>\n","protected":false},"excerpt":{"rendered":"<p><strong>No\u017e\u00ed\u0159sk\u00e1 manufaktura\u00a0B\u00f6ker\u00a0se postupem \u010dasu vypracovala na glob\u00e1ln\u00edho inova\u010dn\u00edho l\u00eddra a nejv\u011bt\u0161\u00edho v\u00fdrobce sportovn\u00edch no\u017e\u016f, taktick\u00fdch no\u017e\u016f a sb\u011bratelsk\u00fdch no\u017e\u016f v Evrop\u011b.<\/strong><\/p>\n","protected":false},"featured_media":214838,"comment_status":"open","ping_status":"closed","template":"","meta":[],"pwb-brand":[140],"product_brand":[],"product_cat":[22,17],"product_tag":[3667],"class_list":{"0":"post-214837","1":"product","2":"type-product","3":"status-publish","4":"has-post-thumbnail","6":"pwb-brand-boker","7":"product_cat-zaviraci-noze","8":"product_cat-noze","9":"product_tag-b2b","11":"first","12":"instock","13":"taxable","14":"shipping-taxable","15":"purchasable","16":"product-type-simple"},"brands":[{"id":140,"name":"Boker","slug":"boker"}],"_links":{"self":[{"href":"https:\/\/www.moskito.cz\/fr\/wp-json\/wp\/v2\/product\/214837","targetHints":{"allow":["GET"]}}],"collection":[{"href":"https:\/\/www.moskito.cz\/fr\/wp-json\/wp\/v2\/product"}],"about":[{"href":"https:\/\/www.moskito.cz\/fr\/wp-json\/wp\/v2\/types\/product"}],"replies":[{"embeddable":true,"href":"https:\/\/www.moskito.cz\/fr\/wp-json\/wp\/v2\/comments?post=214837"}],"wp:featuredmedia":[{"embeddable":true,"href":"https:\/\/www.moskito.cz\/fr\/wp-json\/wp\/v2\/media\/214838"}],"wp:attachment":[{"href":"https:\/\/www.moskito.cz\/fr\/wp-json\/wp\/v2\/media?parent=214837"}],"wp:term":[{"taxonomy":"pwb-brand","embeddable":true,"href":"https:\/\/www.moskito.cz\/fr\/wp-json\/wp\/v2\/pwb-brand?post=214837"},{"taxonomy":"product_brand","embeddable":true,"href":"https:\/\/www.moskito.cz\/fr\/wp-json\/wp\/v2\/product_brand?post=214837"},{"taxonomy":"product_cat","embeddable":true,"href":"https:\/\/www.moskito.cz\/fr\/wp-json\/wp\/v2\/product_cat?post=214837"},{"taxonomy":"product_tag","embeddable":true,"href":"https:\/\/www.moskito.cz\/fr\/wp-json\/wp\/v2\/product_tag?post=214837"}],"curies":[{"name":"wp","href":"https:\/\/api.w.org\/{rel}","templated":true}]}}