{"id":215424,"date":"2022-04-22T21:56:31","date_gmt":"2022-04-22T20:56:31","guid":{"rendered":"https:\/\/www.moskito.cz\/?post_type=product&#038;p=215424"},"modified":"2025-05-16T12:35:16","modified_gmt":"2025-05-16T11:35:16","slug":"pevny-nuz-extrema-ratio-col-moschin-black-2","status":"publish","type":"product","link":"https:\/\/www.moskito.cz\/fr\/produkt\/pevny-nuz-extrema-ratio-col-moschin-black-2\/","title":{"rendered":"Pevn\u00fd N\u016f\u017e Extrema Ratio COL MOSCHIN BLACK"},"content":{"rendered":"<p>Pevn\u00fd N\u016f\u017e <strong>Extrema Ratio<\/strong> COL MOSCHIN BLACK.<\/p>\n<p>Uveden do provozu a ofici\u00e1ln\u011b p\u0159ijat v roce 2002 zn\u00e1m\u00fdm 9. Rgt. N\u00e1jezdn\u00edci \u201eCol Moschin\u201c, tento model vyjad\u0159uje kvintesenci \u010dist\u00e9ho bojov\u00e9ho no\u017ee. Inspirov\u00e1na d\u00fdkami s asymetrickou \u010depel\u00ed a p\u0159\u00edmou, ale orientovanou rukojet\u00ed Arditi, z nich\u017e pluk \u010derp\u00e1 sv\u00e9 stopy, byla p\u0159epracov\u00e1na v modern\u00edm kl\u00ed\u010di. T\u011b\u017ei\u0161t\u011b je siln\u011b odsazen\u00e9, \u0161pi\u010dka obzvl\u00e1\u0161t\u011b perforovan\u00e1. Je lehk\u00fd, praktick\u00fd a intuitivn\u00ed. Ka\u017ed\u00fd nov\u00fd n\u00e1jezdn\u00edk jednu dostane, ka\u017ed\u00fd nov\u00fd n\u00e1jezdn\u00edk je vycvi\u010den, aby ji vyu\u017eil naplno. K dispozici ve verz\u00edch COL MOSCHIN BLACK, COL MOSCHIN DESERT WARFARE, COL MOSCHIN COLLECTOR EDITION.<\/p>\n<p>HMOTNOST G: 264<br \/>\nHMOTNOST OZ .: 9.3<br \/>\nD\u00c9LKA \u010cEPELE (MM): 160<br \/>\nD\u00c9LKA \u010cEPELE (IN): 6,3<br \/>\nCELKOV\u00c1 D\u00c9LKA (MM): 290<br \/>\nCELKOV\u00c1 D\u00c9LKA (V): 11.4<br \/>\nTLOU\u0160\u0164KA \u010cEPELE (MM): 6,3<br \/>\nTLOU\u0160\u0164KA \u010cEPELE (IN): 0,25<br \/>\nMATERI\u00c1L \u010cEPELE: B\u00d6HLER N690 STEEL (58HRC)<br \/>\nPOVRCHOV\u00c1 \u00daPRAVA NO\u017dE: MIL-C-13924 BURNISH<br \/>\n\u0160\u00cdP \u010cEPELE: \u017dILETKA<br \/>\n\u010c\u00c1STE\u010cN\u00c9 ZUBY (MM): 40<br \/>\n\u010c\u00c1STE\u010cN\u00c9 ZUBY (V): 1.6<br \/>\nMATERI\u00c1L RUKOJETI: FORPRENE<\/p>\n","protected":false},"excerpt":{"rendered":"<p>Spole\u010dnost\u00a0<strong>Extrema Ratio<\/strong>\u00a0se s\u00eddlem v italsk\u00e9m Pratu navrhuje a vyr\u00e1b\u00ed vysoce v\u00fdkonn\u00e9 bojov\u00e9, vojensk\u00e9, kuchy\u0148sk\u00e9, loveck\u00e9 a taktick\u00e9 no\u017ee od roku 1997 a m\u00e1 pov\u011bst vynikaj\u00edc\u00ed kvality, kter\u00e1 je v oboru vojensk\u00fdch a taktick\u00fdch no\u017e\u016f nep\u0159ekonateln\u00e1.\u00a0<strong>Doprava zdarma<\/strong>.<\/p>\n","protected":false},"featured_media":215425,"comment_status":"open","ping_status":"closed","template":"","meta":[],"pwb-brand":[267],"product_brand":[],"product_cat":[23,17],"product_tag":[3667],"class_list":{"0":"post-215424","1":"product","2":"type-product","3":"status-publish","4":"has-post-thumbnail","6":"pwb-brand-extrema-ratio","7":"product_cat-pevne-noze","8":"product_cat-noze","9":"product_tag-b2b","11":"first","12":"instock","13":"taxable","14":"shipping-taxable","15":"purchasable","16":"product-type-simple"},"brands":[{"id":267,"name":"Extrema Ratio","slug":"extrema-ratio"}],"_links":{"self":[{"href":"https:\/\/www.moskito.cz\/fr\/wp-json\/wp\/v2\/product\/215424","targetHints":{"allow":["GET"]}}],"collection":[{"href":"https:\/\/www.moskito.cz\/fr\/wp-json\/wp\/v2\/product"}],"about":[{"href":"https:\/\/www.moskito.cz\/fr\/wp-json\/wp\/v2\/types\/product"}],"replies":[{"embeddable":true,"href":"https:\/\/www.moskito.cz\/fr\/wp-json\/wp\/v2\/comments?post=215424"}],"wp:featuredmedia":[{"embeddable":true,"href":"https:\/\/www.moskito.cz\/fr\/wp-json\/wp\/v2\/media\/215425"}],"wp:attachment":[{"href":"https:\/\/www.moskito.cz\/fr\/wp-json\/wp\/v2\/media?parent=215424"}],"wp:term":[{"taxonomy":"pwb-brand","embeddable":true,"href":"https:\/\/www.moskito.cz\/fr\/wp-json\/wp\/v2\/pwb-brand?post=215424"},{"taxonomy":"product_brand","embeddable":true,"href":"https:\/\/www.moskito.cz\/fr\/wp-json\/wp\/v2\/product_brand?post=215424"},{"taxonomy":"product_cat","embeddable":true,"href":"https:\/\/www.moskito.cz\/fr\/wp-json\/wp\/v2\/product_cat?post=215424"},{"taxonomy":"product_tag","embeddable":true,"href":"https:\/\/www.moskito.cz\/fr\/wp-json\/wp\/v2\/product_tag?post=215424"}],"curies":[{"name":"wp","href":"https:\/\/api.w.org\/{rel}","templated":true}]}}