{"id":216244,"date":"2022-05-04T21:02:31","date_gmt":"2022-05-04T20:02:31","guid":{"rendered":"https:\/\/www.moskito.cz\/?post_type=product&#038;p=216244"},"modified":"2025-08-24T14:33:37","modified_gmt":"2025-08-24T13:33:37","slug":"zaviraci-nuz-magnum-boker-classic-hunter-slim-kids-01mb135","status":"publish","type":"product","link":"https:\/\/www.moskito.cz\/fr\/produkt\/zaviraci-nuz-magnum-boker-classic-hunter-slim-kids-01mb135\/","title":{"rendered":"Zav\u00edrac\u00ed N\u016f\u017e Magnum B\u00f6ker Classic Hunter Slim Kids 01MB135"},"content":{"rendered":"<p>Zav\u00edrac\u00ed N\u016f\u017e <strong>Magnum B\u00f6ker<\/strong> Classic Hunter Slim Kids 01MB135<\/p>\n<p>Magnum Classic Hunter Slim Kids p\u0159esv\u011bd\u010d\u00ed jako bezpe\u010dn\u00fd d\u011btsk\u00fd n\u016f\u017e se sat\u00e9nov\u011b povrchovou \u010depel\u00ed clip point z 440A a dopln\u00ed v\u00fdbavu ka\u017ed\u00e9ho mal\u00e9ho skauta a mal\u00e9ho dobrodru\u017estv\u00ed. Kapesn\u00ed n\u016f\u017e, kter\u00fd byl speci\u00e1ln\u011b navr\u017een pro d\u011btsk\u00e9 ruce, je v\u00fdrazn\u011b men\u0161\u00ed ne\u017e p\u016fvodn\u00ed Magnum Classic Hunter Slim a m\u00e1 z bezpe\u010dnostn\u00edch d\u016fvod\u016f zaoblenou \u0161pi\u010dku. Jak hlavn\u00ed list, tak i v\u0161estrann\u00e1 pila se otev\u00edraj\u00ed z\u00e1\u0159ezem na h\u0159eb\u00edk a jednotliv\u011b zamykaj\u00ed stabiln\u00edm zp\u011btn\u00fdm z\u00e1mkem , tak\u017ee je zabr\u00e1n\u011bno ne\u00famysln\u00e9mu slo\u017een\u00ed. Tvarovan\u00e1 rukoje\u0165 v\u00e1hy je vyrobena ze st\u0159edomo\u0159sk\u00e9ho olivov\u00e9ho d\u0159evavyrobeny a pohodln\u011b se dr\u017e\u00ed. S praktick\u00fdm otvorem na \u0161\u0148\u016frku .<\/p>\n<p>Typ polo\u017eky: kapesn\u00ed n\u016f\u017e<br \/>\nCelkov\u00e1 d\u00e9lka: 14,90 cm<br \/>\nD\u00e9lka \u010depele: 6,50 cm<br \/>\nS\u00edla \u010depele: 2,50 mm<br \/>\nHmotnost: 99,00 g<br \/>\nMateri\u00e1l \u010depele: 440A<br \/>\nMateri\u00e1l rukojeti: olivov\u00e9 d\u0159evo<br \/>\nPomoc p\u0159i otev\u00edr\u00e1n\u00ed: nick na nehty<br \/>\nOtev\u00edrac\u00ed: Ru\u010dn\u011b<br \/>\nSpona: backlock<br \/>\nBarva: Hn\u011bd\u00fd<br \/>\nBarva \u010depele: nepota\u017een\u00e9<br \/>\n\u010c\u00edslo polo\u017eky: 01 MB135<\/p>\n","protected":false},"excerpt":{"rendered":"<p><strong>B\u00d6KER\u00ae<\/strong>\u00a0je n\u011bmeck\u00e1 firma, kter\u00e1 vyr\u00e1b\u00ed no\u017ee t\u00e9 nejvy\u0161\u0161\u00ed kvality. No\u017ee s pevnou \u010depel\u00ed, zav\u00edrac\u00ed no\u017ee, kuchy\u0148sk\u00e9 no\u017ee a stojany si d\u00edky v\u00fdjime\u010dn\u00e9 kvalit\u011b obl\u00edbila \u0159ada z\u00e1kazn\u00edk\u016f z cel\u00e9ho sv\u011bta.<\/p>\n","protected":false},"featured_media":216245,"comment_status":"open","ping_status":"closed","template":"","meta":[],"pwb-brand":[140],"product_brand":[],"product_cat":[22,17],"product_tag":[3667],"class_list":{"0":"post-216244","1":"product","2":"type-product","3":"status-publish","4":"has-post-thumbnail","6":"pwb-brand-boker","7":"product_cat-zaviraci-noze","8":"product_cat-noze","9":"product_tag-b2b","11":"first","12":"outofstock","13":"taxable","14":"shipping-taxable","15":"purchasable","16":"product-type-simple"},"brands":[{"id":140,"name":"Boker","slug":"boker"}],"_links":{"self":[{"href":"https:\/\/www.moskito.cz\/fr\/wp-json\/wp\/v2\/product\/216244","targetHints":{"allow":["GET"]}}],"collection":[{"href":"https:\/\/www.moskito.cz\/fr\/wp-json\/wp\/v2\/product"}],"about":[{"href":"https:\/\/www.moskito.cz\/fr\/wp-json\/wp\/v2\/types\/product"}],"replies":[{"embeddable":true,"href":"https:\/\/www.moskito.cz\/fr\/wp-json\/wp\/v2\/comments?post=216244"}],"wp:featuredmedia":[{"embeddable":true,"href":"https:\/\/www.moskito.cz\/fr\/wp-json\/wp\/v2\/media\/216245"}],"wp:attachment":[{"href":"https:\/\/www.moskito.cz\/fr\/wp-json\/wp\/v2\/media?parent=216244"}],"wp:term":[{"taxonomy":"pwb-brand","embeddable":true,"href":"https:\/\/www.moskito.cz\/fr\/wp-json\/wp\/v2\/pwb-brand?post=216244"},{"taxonomy":"product_brand","embeddable":true,"href":"https:\/\/www.moskito.cz\/fr\/wp-json\/wp\/v2\/product_brand?post=216244"},{"taxonomy":"product_cat","embeddable":true,"href":"https:\/\/www.moskito.cz\/fr\/wp-json\/wp\/v2\/product_cat?post=216244"},{"taxonomy":"product_tag","embeddable":true,"href":"https:\/\/www.moskito.cz\/fr\/wp-json\/wp\/v2\/product_tag?post=216244"}],"curies":[{"name":"wp","href":"https:\/\/api.w.org\/{rel}","templated":true}]}}