{"id":216525,"date":"2022-05-08T21:21:35","date_gmt":"2022-05-08T20:21:35","guid":{"rendered":"https:\/\/www.moskito.cz\/?post_type=product&#038;p=216525"},"modified":"2025-05-07T10:38:48","modified_gmt":"2025-05-07T09:38:48","slug":"pevny-nuz-extrema-ratio-contact-c-wolf-grey","status":"publish","type":"product","link":"https:\/\/www.moskito.cz\/fr\/produkt\/pevny-nuz-extrema-ratio-contact-c-wolf-grey\/","title":{"rendered":"Pevn\u00fd N\u016f\u017e Extrema Ratio CONTACT C WOLF GREY"},"content":{"rendered":"<p>Pevn\u00fd N\u016f\u017e <strong>Extrema Ratio<\/strong> CONTACT C WOLF GREY.<\/p>\n<p>Kompaktn\u00ed verze CONTACT, CONTACT C m\u00e1 \u010depel o\u0161t\u011bpov\u00e9ho hrotu, z oceli B\u00f6hler N690 o tvrdosti 58 HRC, ploch\u00e9 ost\u0159\u00ed, spodn\u00ed z\u00e1\u0161titu a odleh\u010dovac\u00ed sko\u0159epinu po cel\u00e9 d\u00e9lce. Rukoje\u0165 Forprene se z\u00e1vitov\u00fdm tangenci\u00e1ln\u00edm z\u00e1mkem \u010din\u00ed n\u016f\u017e pevn\u00fdm a dob\u0159e vyv\u00e1\u017een\u00fdm. MOLLE kompatibiln\u00ed pouzdro je vyrobeno z n\u00e1razuvzdorn\u00e9ho nylonu se syst\u00e9mem, kter\u00fd zabra\u0148uje chv\u011bn\u00ed, je vybaveno dvoutla\u010d\u00edtkovou bezpe\u010dnostn\u00ed chlopn\u00ed a oboustrann\u00fdm reverzibiln\u00edm 2. \u00farovn\u00ed z\u00e1dr\u017en\u00e9ho syst\u00e9mu: jednoduch\u00fdm stisknut\u00edm spou\u0161t\u011b se \u010depel odblokuje. Dostupn\u00e9 ve verz\u00edch Black, Desert, Hcs, Ranger Green a Wolf Grey.<\/p>\n<p>HMOTNOST G: 273<br \/>\nHMOTNOST OZ: 9,62<br \/>\nD\u00c9LKA \u010cEPELE (MM): 128<br \/>\nD\u00c9LKA \u010cEPELE (IN): 4,33<br \/>\nCELKOV\u00c1 D\u00c9LKA (MM): 258<br \/>\nCELKOV\u00c1 D\u00c9LKA (V): 10,15<br \/>\nTLOU\u0160\u0164KA \u010cEPELE (MM): 6,3<br \/>\nTLOU\u0160\u0164KA \u010cEPELE (IN): 0,24<br \/>\nMATERI\u00c1L \u010cEPELE: B\u00d6HLER N690 STEEL (58HRC)<br \/>\nPOVRCHOV\u00c1 \u00daPRAVA \u010cEPELE: MYT\u00dd KAMENEM<br \/>\n\u0160IPKA \u010cEPELE: PLOCH\u00dd DR\u00c1T<br \/>\nMATERI\u00c1L RUKOJETI: FORPRENE<\/p>\n","protected":false},"excerpt":{"rendered":"<p>Spole\u010dnost\u00a0<strong>Extrema Ratio<\/strong>\u00a0se s\u00eddlem v italsk\u00e9m Pratu navrhuje a vyr\u00e1b\u00ed vysoce v\u00fdkonn\u00e9 bojov\u00e9, vojensk\u00e9, kuchy\u0148sk\u00e9, loveck\u00e9 a taktick\u00e9 no\u017ee od roku 1997 a m\u00e1 pov\u011bst vynikaj\u00edc\u00ed kvality, kter\u00e1 je v oboru vojensk\u00fdch a taktick\u00fdch no\u017e\u016f nep\u0159ekonateln\u00e1.\u00a0<strong>Doprava zdarma<\/strong>.<\/p>\n","protected":false},"featured_media":216526,"comment_status":"open","ping_status":"closed","template":"","meta":[],"pwb-brand":[267],"product_brand":[],"product_cat":[23,17],"product_tag":[3667],"class_list":{"0":"post-216525","1":"product","2":"type-product","3":"status-publish","4":"has-post-thumbnail","6":"pwb-brand-extrema-ratio","7":"product_cat-pevne-noze","8":"product_cat-noze","9":"product_tag-b2b","11":"first","12":"instock","13":"taxable","14":"shipping-taxable","15":"purchasable","16":"product-type-simple"},"brands":[{"id":267,"name":"Extrema Ratio","slug":"extrema-ratio"}],"_links":{"self":[{"href":"https:\/\/www.moskito.cz\/fr\/wp-json\/wp\/v2\/product\/216525","targetHints":{"allow":["GET"]}}],"collection":[{"href":"https:\/\/www.moskito.cz\/fr\/wp-json\/wp\/v2\/product"}],"about":[{"href":"https:\/\/www.moskito.cz\/fr\/wp-json\/wp\/v2\/types\/product"}],"replies":[{"embeddable":true,"href":"https:\/\/www.moskito.cz\/fr\/wp-json\/wp\/v2\/comments?post=216525"}],"wp:featuredmedia":[{"embeddable":true,"href":"https:\/\/www.moskito.cz\/fr\/wp-json\/wp\/v2\/media\/216526"}],"wp:attachment":[{"href":"https:\/\/www.moskito.cz\/fr\/wp-json\/wp\/v2\/media?parent=216525"}],"wp:term":[{"taxonomy":"pwb-brand","embeddable":true,"href":"https:\/\/www.moskito.cz\/fr\/wp-json\/wp\/v2\/pwb-brand?post=216525"},{"taxonomy":"product_brand","embeddable":true,"href":"https:\/\/www.moskito.cz\/fr\/wp-json\/wp\/v2\/product_brand?post=216525"},{"taxonomy":"product_cat","embeddable":true,"href":"https:\/\/www.moskito.cz\/fr\/wp-json\/wp\/v2\/product_cat?post=216525"},{"taxonomy":"product_tag","embeddable":true,"href":"https:\/\/www.moskito.cz\/fr\/wp-json\/wp\/v2\/product_tag?post=216525"}],"curies":[{"name":"wp","href":"https:\/\/api.w.org\/{rel}","templated":true}]}}