{"id":216904,"date":"2022-06-01T21:25:07","date_gmt":"2022-06-01T20:25:07","guid":{"rendered":"https:\/\/www.moskito.cz\/?post_type=product&#038;p=216904"},"modified":"2025-05-07T10:38:56","modified_gmt":"2025-05-07T09:38:56","slug":"vystrelovaci-nuz-microtech-signature-series-makora-apocalyptic-206-10aps","status":"publish","type":"product","link":"https:\/\/www.moskito.cz\/fr\/produkt\/vystrelovaci-nuz-microtech-signature-series-makora-apocalyptic-206-10aps\/","title":{"rendered":"Vyst\u0159elovac\u00ed N\u016f\u017e Microtech Signature Series Makora Apocalyptic 206-10APS"},"content":{"rendered":"<p>Vyst\u0159elovac\u00ed N\u016f\u017e <strong>Microtech<\/strong> Signature Series Makora Apocalyptic 206-10APS<\/p>\n<p>Koncept Makory se vyvinul ze slavn\u00e9ho designu Microtech Ultratech. Byl testov\u00e1n v praxi a osv\u011bd\u010den\u00fd v pr\u016fb\u011bhu n\u011bkolika let. Tento design zahrnuje mnoho funkc\u00ed, kter\u00e9 byly po\u017eadov\u00e1ny a specifikov\u00e1ny u\u017eivateli, kte\u0159\u00ed preferuj\u00ed tento vysoce \u00fa\u010dinn\u00fd n\u00e1stroj p\u0159ed jak\u00fdmkoli jin\u00fdm. Pru\u017eina Makory z\u016fst\u00e1v\u00e1 v \u201eklidov\u00e9\u201c poloze po celou dobu, s v\u00fdjimkou vysunut\u00ed. Bez \u00fanavy na stla\u010den\u00e9 pru\u017ein\u011b, kdy\u017e n\u016f\u017e nen\u00ed pou\u017e\u00edv\u00e1n, to d\u00e1v\u00e1 u\u017eivatel\u016fm spolehlivost a jistotu, \u017ee kdy\u017e se stiskne uvoln\u011bn\u00ed, n\u016f\u017e bude fungovat. Mezi dal\u0161\u00ed vlastnosti pat\u0159\u00ed rychl\u00e9 a \u00fa\u010dinn\u00e9 otev\u00edr\u00e1n\u00ed a zav\u00edr\u00e1n\u00ed jednou rukou, \u010depel z pr\u00e9miov\u00e9 oceli, oboustrann\u00e1 spona na kapsu a \u0161rouby odoln\u00e9 proti neopr\u00e1vn\u011bn\u00e9 manipulaci.<\/p>\n<p>Celkov\u00e1 d\u00e9lka: 9,44\u2033 (239,7125 mm)<br \/>\nD\u00e9lka v zav\u0159en\u00e9m stavu: 6,19\u2033 (157,15 mm)<br \/>\nD\u00e9lka \u010depele: 3,25\u2033 (82,55 mm)<br \/>\nPovrchov\u00e1 \u00faprava \u010depele: Apokalyptick\u00e1<\/p>\n<p>Tlou\u0161\u0165ka \u010depele: 0,125\u2033 (3,175 mm)<\/p>\n<p>Styl okraje: Oby\u010dejn\u00fd<br \/>\nMateri\u00e1l rukojeti: \u010dern\u00fd hlin\u00edk<br \/>\nKapesn\u00ed klip: Tip-Down<br \/>\nHmotnost: 3,4 oz ( 96,39 g)<\/p>\n<p><iframe title=\"Microtech Combat Troodon Torture Test\" width=\"800\" height=\"450\" src=\"https:\/\/www.youtube.com\/embed\/xE9TeOFYEjg?feature=oembed\" frameborder=\"0\" allow=\"accelerometer; autoplay; clipboard-write; encrypted-media; gyroscope; picture-in-picture; web-share\" allowfullscreen><\/iframe><\/p>\n<p>&nbsp;<\/p>\n","protected":false},"excerpt":{"rendered":"<p>V pr\u016fb\u011bhu let\u00a0<strong>Microtech\u00ae Knives\u00a0<\/strong>naplnil v\u00e1\u0161n\u00ed a dovednost\u00ed v\u00fdrobu no\u017e\u016f, a\u017e z nich vytvo\u0159il t\u00e9m\u011b\u0159 um\u011bleck\u00e1 d\u00edla,kter\u00e9 jsou vrcholem funk\u010dnosti.V\u0161echny d\u00edly jsou vyrodeny v USA.<br \/>\n<strong>Na v\u0161echny no\u017ee Microtech je do\u017eivotn\u00ed z\u00e1ruka.<\/strong><\/p>\n","protected":false},"featured_media":216905,"comment_status":"open","ping_status":"closed","template":"","meta":[],"pwb-brand":[431],"product_brand":[],"product_cat":[2019,17],"product_tag":[3667],"class_list":{"0":"post-216904","1":"product","2":"type-product","3":"status-publish","4":"has-post-thumbnail","6":"pwb-brand-microtech","7":"product_cat-vystrelovaci-noze","8":"product_cat-noze","9":"product_tag-b2b","11":"first","12":"instock","13":"taxable","14":"shipping-taxable","15":"purchasable","16":"product-type-simple"},"brands":[{"id":431,"name":"Microtech","slug":"microtech"}],"_links":{"self":[{"href":"https:\/\/www.moskito.cz\/fr\/wp-json\/wp\/v2\/product\/216904","targetHints":{"allow":["GET"]}}],"collection":[{"href":"https:\/\/www.moskito.cz\/fr\/wp-json\/wp\/v2\/product"}],"about":[{"href":"https:\/\/www.moskito.cz\/fr\/wp-json\/wp\/v2\/types\/product"}],"replies":[{"embeddable":true,"href":"https:\/\/www.moskito.cz\/fr\/wp-json\/wp\/v2\/comments?post=216904"}],"wp:featuredmedia":[{"embeddable":true,"href":"https:\/\/www.moskito.cz\/fr\/wp-json\/wp\/v2\/media\/216905"}],"wp:attachment":[{"href":"https:\/\/www.moskito.cz\/fr\/wp-json\/wp\/v2\/media?parent=216904"}],"wp:term":[{"taxonomy":"pwb-brand","embeddable":true,"href":"https:\/\/www.moskito.cz\/fr\/wp-json\/wp\/v2\/pwb-brand?post=216904"},{"taxonomy":"product_brand","embeddable":true,"href":"https:\/\/www.moskito.cz\/fr\/wp-json\/wp\/v2\/product_brand?post=216904"},{"taxonomy":"product_cat","embeddable":true,"href":"https:\/\/www.moskito.cz\/fr\/wp-json\/wp\/v2\/product_cat?post=216904"},{"taxonomy":"product_tag","embeddable":true,"href":"https:\/\/www.moskito.cz\/fr\/wp-json\/wp\/v2\/product_tag?post=216904"}],"curies":[{"name":"wp","href":"https:\/\/api.w.org\/{rel}","templated":true}]}}