{"id":217190,"date":"2022-06-09T14:33:49","date_gmt":"2022-06-09T13:33:49","guid":{"rendered":"https:\/\/www.moskito.cz\/?post_type=product&#038;p=217190"},"modified":"2025-05-07T10:39:05","modified_gmt":"2025-05-07T09:39:05","slug":"pevny-nuz-heretic-knives-nephilim-h003-5a-jade","status":"publish","type":"product","link":"https:\/\/www.moskito.cz\/fr\/produkt\/pevny-nuz-heretic-knives-nephilim-h003-5a-jade\/","title":{"rendered":"Pevn\u00fd N\u016f\u017e Heretic Knives Nephilim H003-5A-JADE"},"content":{"rendered":"<p>Pevn\u00fd N\u016f\u017e <strong>Heretic Knives<\/strong> Nephilim H003-5A-JADE.<\/p>\n<p>Nephilim byli hr\u016fzostra\u0161n\u00ed ob\u0159i nebo padl\u00ed and\u011bl\u00e9, v z\u00e1vislosti na p\u0159ekladu, a byli se\u0159azeni n\u011bkde mezi lidsk\u00fdm a bo\u017esk\u00fdm. Heretic Nephilim je velk\u00fd a vzbuzuje \u00factu, jak se slu\u0161\u00ed na jm\u00e9no, s masivn\u00ed \u010depel\u00ed d\u00fdky o tlou\u0161\u0165ce +5 mm a n\u00e1padn\u00fdmi fr\u00e9zovan\u00fdmi rukoje\u0165mi, kter\u00e9 jsou dlouh\u00e9 jen necelou stopu. Nephilim vynikne v ka\u017ed\u00e9 kolekci a je impozantn\u00edm n\u00e1strojem. Tato verze je dod\u00e1v\u00e1na s \u010depel\u00ed Battleworn Elmax a pr\u016fsvitnou rukojet\u00ed Jade Green G10.<\/p>\n<p>Zcela nov\u00e9, p\u0159\u00edmo od Heretic Knives.<\/p>\n<p>\u010cepel: Symetricky brou\u0161en\u00e1 \u010depel d\u00fdky poskytuje s\u00edlu, \u0159ezn\u00fd v\u00fdkon a jemn\u00fd bodec. Tryskan\u00fd a om\u00edlan\u00fd povrch Battleworn se snoub\u00ed s vyfr\u00e9zovan\u00fdmi otvory pro stylov\u00fd a odoln\u00fd vzhled pr\u00e9miov\u00e9 \u010depele z nerezov\u00e9 oceli Bohler Elmax.<\/p>\n<p>Rukoje\u0165: \u010cepel s pln\u00fdm tangem podporuje zkosen\u00e9 3D obr\u00e1b\u011bn\u00e9 v\u00e1hy rukojeti G10, kter\u00e9 jsou bezpe\u010dn\u011b p\u0159ipevn\u011bny pomoc\u00ed zak\u00e1zkov\u00e9ho nerezov\u00e9ho hardwaru Torx. Hlubok\u00e9 imping obroben\u00e9 na h\u0159bet\u011b poskytuje v\u00fdjime\u010dnou trakci, zat\u00edmco k\u0159\u00ed\u017eov\u00fd chr\u00e1ni\u010d dr\u017e\u00ed ruku bezpe\u010dn\u011b mimo \u010depel. Hardware m\u00e1 odpov\u00eddaj\u00edc\u00ed povrchovou \u00fapravu Battleworn.<\/p>\n<p>Pochva: Nos\u00ed se pomoc\u00ed nylonov\u00e9ho pouzdra na opasek kompatibiln\u00ed s MOLLE.<\/p>\n<p>Bohler Elmax: Bohler Elmax je obl\u00edbenou volbou pro \u0161pi\u010dkov\u00e9 no\u017ee pro u\u017eivatele d\u00edky vynikaj\u00edc\u00edmu zachov\u00e1n\u00ed ost\u0159\u00ed a odolnosti proti korozi. Elmax m\u00e1 podobn\u00fd v\u00fdkon jako americk\u00fd CPM-S30V\/S35VN, spad\u00e1 mezi tyto dva, pokud jde o zachov\u00e1n\u00ed hran a hou\u017eevnatost, s odolnost\u00ed proti korozi na \u00farovni S35VN a podobnou odezvou ost\u0159en\u00ed.<\/p>\n<p>Celkov\u00e1 d\u00edlka : 30 cm<br \/>\n\u010cepel: 16 cm Elmax<br \/>\nTlou\u0161\u0165ka \u010depele: 0.5 cm<br \/>\nMateri\u00e1l rukojeti G10<br \/>\nHmotnost 9,05 oz.<br \/>\nNylonov\u00e9 pouzdro<br \/>\nTyp: Pevn\u00e1 \u010depel<br \/>\nVyrobeno v USA<\/p>\n<p><iframe title=\"Heretic Shop Video\" width=\"800\" height=\"450\" src=\"https:\/\/www.youtube.com\/embed\/7qUL5q7Cvgo?feature=oembed\" frameborder=\"0\" allow=\"accelerometer; autoplay; clipboard-write; encrypted-media; gyroscope; picture-in-picture; web-share\" referrerpolicy=\"strict-origin-when-cross-origin\" allowfullscreen><\/iframe><\/p>\n<p>&nbsp;<\/p>\n","protected":false},"excerpt":{"rendered":"<div class=\"elementor-element elementor-element-bbb542b elementor-widget elementor-widget-woocommerce-product-short-description\" data-id=\"bbb542b\" data-element_type=\"widget\" data-widget_type=\"woocommerce-product-short-description.default\">\n<div class=\"elementor-widget-container\">\n<div class=\"woocommerce-product-details__short-description\">\n<p>V\u0161echny na\u0161e no\u017ee jsou vyrobeny v USA a my to tak zachov\u00e1me. Kdy\u017e si koup\u00edte n\u011bkter\u00fd z na\u0161ich no\u017e\u016f, m\u016f\u017eete m\u00edt d\u016fv\u011bru ve sv\u016fj n\u00e1stroj s v\u011bdom\u00edm, \u017ee je podporov\u00e1n americkou spole\u010dnost\u00ed. Na\u0161e no\u017ee jsou vyr\u00e1b\u011bny v mal\u00fdch s\u00e9ri\u00edch, abychom zajistili, \u017ee dostanete kvalitn\u00ed n\u016f\u017e, kter\u00e9mu se v\u011bnuje pozornost, kterou jin\u00e9 s\u00e9riov\u011b vyr\u00e1b\u011bn\u00e9 no\u017ee nedost\u00e1vaj\u00ed.<\/p>\n<p><strong>Doprava zdarma.<\/strong><\/p>\n<\/div>\n<\/div>\n<\/div>\n","protected":false},"featured_media":217191,"comment_status":"open","ping_status":"closed","template":"","meta":[],"pwb-brand":[318],"product_brand":[],"product_cat":[23,17],"product_tag":[],"class_list":{"0":"post-217190","1":"product","2":"type-product","3":"status-publish","4":"has-post-thumbnail","6":"pwb-brand-heretic-knives","7":"product_cat-pevne-noze","8":"product_cat-noze","10":"first","11":"instock","12":"taxable","13":"shipping-taxable","14":"purchasable","15":"product-type-simple"},"brands":[{"id":318,"name":"Heretic Knives","slug":"heretic-knives"}],"_links":{"self":[{"href":"https:\/\/www.moskito.cz\/fr\/wp-json\/wp\/v2\/product\/217190","targetHints":{"allow":["GET"]}}],"collection":[{"href":"https:\/\/www.moskito.cz\/fr\/wp-json\/wp\/v2\/product"}],"about":[{"href":"https:\/\/www.moskito.cz\/fr\/wp-json\/wp\/v2\/types\/product"}],"replies":[{"embeddable":true,"href":"https:\/\/www.moskito.cz\/fr\/wp-json\/wp\/v2\/comments?post=217190"}],"wp:featuredmedia":[{"embeddable":true,"href":"https:\/\/www.moskito.cz\/fr\/wp-json\/wp\/v2\/media\/217191"}],"wp:attachment":[{"href":"https:\/\/www.moskito.cz\/fr\/wp-json\/wp\/v2\/media?parent=217190"}],"wp:term":[{"taxonomy":"pwb-brand","embeddable":true,"href":"https:\/\/www.moskito.cz\/fr\/wp-json\/wp\/v2\/pwb-brand?post=217190"},{"taxonomy":"product_brand","embeddable":true,"href":"https:\/\/www.moskito.cz\/fr\/wp-json\/wp\/v2\/product_brand?post=217190"},{"taxonomy":"product_cat","embeddable":true,"href":"https:\/\/www.moskito.cz\/fr\/wp-json\/wp\/v2\/product_cat?post=217190"},{"taxonomy":"product_tag","embeddable":true,"href":"https:\/\/www.moskito.cz\/fr\/wp-json\/wp\/v2\/product_tag?post=217190"}],"curies":[{"name":"wp","href":"https:\/\/api.w.org\/{rel}","templated":true}]}}